{"id":2215,"date":"2026-04-03T11:52:29","date_gmt":"2026-04-03T11:52:29","guid":{"rendered":"https:\/\/nexapaddle.com\/?post_type=product&#038;p=2215"},"modified":"2026-04-05T15:49:30","modified_gmt":"2026-04-05T15:49:30","slug":"gen-3-pickleball-paddles-oem-manufacturer","status":"publish","type":"product","link":"https:\/\/nexapaddle.com\/pt\/gen-3-pickleball-paddles-oem-manufacturer\/","title":{"rendered":"Fabricante OEM de P\u00e1s de Pickleball Gen 3 | OEM Profissional de P\u00e1 de Pickleball"},"content":{"rendered":"<h2 data-v-md-heading=\"the-evolution-of-gen-3-pickleball-paddle-technology\" data-v-md-line=\"3\">A Evolu\u00e7\u00e3o da Tecnologia de Paddles de Pickleball Gen 3<\/h2>\n<p data-v-md-line=\"4\">O mercado mudou decisivamente al\u00e9m de paddles b\u00e1sicos de prensagem a frio e fibra de vidro. Hoje, os jogadores competitivos, influenciados por profissionais do PPA Tour como Ben Johns e Anna Leigh Waters, exigem equipamentos constru\u00eddos com ci\u00eancia de materiais superior. A fabrica\u00e7\u00e3o Gen 3, que combina termomoldagem, inje\u00e7\u00e3o de espuma e constru\u00e7\u00e3o em unibody, n\u00e3o \u00e9 mais um nicho, mas o novo padr\u00e3o de ouro para as especifica\u00e7\u00f5es de paddles de alto desempenho. Como uma f\u00e1brica de pickleball l\u00edder em Dongguan, a NexaPaddle projeta <a class=\"ng-star-inserted\" href=\"https:\/\/nexapaddle.com\/pt\/t700-carbon-fiber-paddles\/\" target=\"_blank\" rel=\"noopener\" data-hveid=\"0\" data-ved=\"0CAAQ_4QMahcKEwi5zfL6hdeTAxUAAAAAHQAAAAAQLg\">Raquetes de Fibra de Carbono T700<\/a> que entregam a pot\u00eancia, spin e durabilidade que sua marca precisa para concorrer com nomes estabelecidos como Selkirk Sport e JOOLA Pickleball.<\/p>\n<h3 data-v-md-heading=\"understanding-thermoformed-unibody-construction\" data-v-md-line=\"6\">Entendendo a Constru\u00e7\u00e3o em Unibody Termomoldada<\/h3>\n<p data-v-md-line=\"7\">Pontos comuns de falha na fabrica\u00e7\u00e3o de paddles ocorrem onde o cabo encontra a face, levando a esmagamento do n\u00facleo, quebra do cabo e feedback inconsistente. Nossa constru\u00e7\u00e3o em unibody termomoldada resolve isso. Criamos uma \u00fanica shell cont\u00ednua de fibra de carbono Toray T700 bruta que se estende do topo da face at\u00e9 o cabo. Este processo elimina as juntas fr\u00e1geis inerentes a designs mais antigos de duas pe\u00e7as, resultando em um aumento dram\u00e1tico na estabilidade do paddle e transfer\u00eancia de pot\u00eancia. Para o seu neg\u00f3cio, isso significa uma menor taxa de reivindica\u00e7\u00f5es de garantia e um produto que constr\u00f3i uma reputa\u00e7\u00e3o de durabilidade s\u00f3lida como uma rocha. Essa tecnologia \u00e9 a base de nossa <a class=\"ng-star-inserted\" href=\"https:\/\/nexapaddle.com\/pt\/advanced-tech-thermoformed-paddles\/\" target=\"_blank\" rel=\"noopener\" data-hveid=\"0\" data-ved=\"0CAAQ_4QMahcKEwi5zfL6hdeTAxUAAAAAHQAAAAAQLw\">Raquetes Avan\u00e7adas e Termoformadas<\/a> cole\u00e7\u00e3o.<\/p>\n<h3 data-v-md-heading=\"the-science-of-foam-injected-perimeters-and-core-stability\" data-v-md-line=\"9\">A Ci\u00eancia dos Per\u00edmetros Injetados com Espuma e Estabilidade do N\u00facleo<\/h3>\n<p data-v-md-line=\"10\">Acertos fora do centro s\u00e3o uma realidade para todo jogador, mas n\u00e3o devem resultar em uma resposta morta. Enquanto um n\u00facleo de colmeia de polipropileno padr\u00e3o \u00e9 eficaz, elevamos seu desempenho injetando uma espuma especializada ao longo de todo o per\u00edmetro. Esta borda protetora injetada com espuma cria um poderoso sistema de peso de per\u00edmetro. O resultado? Um ponto doce significativamente ampliado e um peso de tor\u00e7\u00e3o mais alto, que proporciona imensa estabilidade contra oponentes que atacam forte. Esta tecnologia de paddle de pickleball com n\u00facleo de espuma garante que seus clientes experimentem desempenho consistente em toda a face do paddle, aumentando sua confian\u00e7a e a credibilidade da sua marca.<\/p>\n<h2 data-v-md-heading=\"finding-the-right-gen-3-pickleball-paddle-oem-manufacturer\" data-v-md-line=\"12\">Encontrando o Fabricante OEM de Paddles de Pickleball Gen 3 Certo<\/h2>\n<p data-v-md-line=\"13\">Escolher um parceiro de fabrica\u00e7\u00e3o \u00e9 a decis\u00e3o mais cr\u00edtica para sua marca. Embora plataformas gen\u00e9ricas ofere\u00e7am muitas op\u00e7\u00f5es, a NexaPaddle se destaca como um <b data-path-to-node=\"20,0,1,1,0\" data-index-in-node=\"76\">parceiro comprovado para mais de 300 marcas globais<\/b>, respaldado por uma d\u00e9cada de engenharia de comp\u00f3sitos esportivos. A NexaPaddle \u00e9 uma f\u00e1brica de paddles de pickleball OEM de primeira linha com mais de uma d\u00e9cada de experi\u00eancia em engenharia de materiais comp\u00f3sitos para esportes. Oferecemos uma parceria direta que proporciona transpar\u00eancia na aquisi\u00e7\u00e3o de materiais, controle de qualidade e gerenciamento da cadeia de suprimentos, garantindo que voc\u00ea evite os riscos associados a comerciantes terceiros inexperientes.<\/p>\n<h3 data-v-md-heading=\"sourcing-toray-t700-carbon-fiber-and-performance-materials\" data-v-md-line=\"15\">Sourcing Fibra de Carbono Toray T700 e Materiais de Performance<\/h3>\n<p data-v-md-line=\"16\">O termo \"fibra de carbono\" \u00e9 frequentemente usado de forma imprecisa. Constru\u00edmos nossos paddles de elite com fibra de carbono Toray T700 certificada, o mesmo tipo confi\u00e1vel na ind\u00fastria aeroespacial por sua excepcional rela\u00e7\u00e3o resist\u00eancia-peso. Esta escolha de material \u00e9 fundamental para alcan\u00e7ar o tratamento de superf\u00edcie de alta fric\u00e7\u00e3o necess\u00e1rio para otimiza\u00e7\u00e3o da taxa de spin em n\u00edvel de torneio. Tamb\u00e9m desenvolvemos layups personalizados usando textura de fibra de carbono 3K e paddles de pickleball de Kevlar para marcas que buscam uma mistura \u00fanica de pot\u00eancia, controle e amortecimento de vibra\u00e7\u00e3o.<\/p>\n<h3 data-v-md-heading=\"evaluating-factory-quality-control-and-usapa-compliance\" data-v-md-line=\"18\">Avaliando o Controle de Qualidade da F\u00e1brica e a Conformidade com a USAPA<\/h3>\n<p data-v-md-line=\"19\">Cada lote de paddles de nossa instala\u00e7\u00e3o em Dongguan passa por um rigoroso protocolo de inspe\u00e7\u00e3o de controle de qualidade. Nossa instala\u00e7\u00e3o certificada ISO utiliza <b data-path-to-node=\"20,1,1,1,0\" data-index-in-node=\"41\">profil\u00f4metros e testadores de deflex\u00e3o de grau industrial<\/b> para garantir que cada lote atenda a limiares de competitividade precisos da USAPA, an\u00e1lise de peso de tor\u00e7\u00e3o e c\u00e1lculo de ponto de equil\u00edbrio para garantir consist\u00eancia perfeita. Crucialmente, todos os nossos paddles s\u00e3o projetados desde o in\u00edcio para atender aos rigorosos padr\u00f5es de equipamentos da USA Pickleball. Somos seu parceiro na navega\u00e7\u00e3o pelo complexo mundo da conformidade de paddles, garantindo que seu produto esteja pronto para competi\u00e7\u00e3o.<\/p>\n<h2 data-v-md-heading=\"customization-and-private-labeling-services\" data-v-md-line=\"21\">Servi\u00e7os de Personaliza\u00e7\u00e3o e Rotulagem Privada<\/h2>\n<p data-v-md-line=\"22\">A identidade da sua marca \u00e9 fundamental. Somos um fornecedor de solu\u00e7\u00f5es de pickleball white label completo, oferecendo extensas op\u00e7\u00f5es de personaliza\u00e7\u00e3o para equipamentos de pickleball de r\u00f3tulo privado. Desde o desenvolvimento de um molde de paddle h\u00edbrido exclusivo at\u00e9 a defini\u00e7\u00e3o da circunfer\u00eancia ideal da empunhadura personalizada, nossa equipe de P&amp;D trabalha com voc\u00ea para trazer sua vis\u00e3o \u00e0 vida.<\/p>\n<h3 data-v-md-heading=\"surface-texture-options-raw-carbon-fiber-vs-peel-ply-grit\" data-v-md-line=\"24\">Op\u00e7\u00f5es de Textura de Superf\u00edcie: Fibra de Carbono Bruta vs. Gr\u00e3o de Peel Ply<\/h3>\n<p data-v-md-line=\"25\">A textura da superf\u00edcie \u00e9 cr\u00edtica para a gera\u00e7\u00e3o de spin. Oferecemos duas op\u00e7\u00f5es principais. A face de fibra de carbono Toray T700 bruta fornece uma textura natural e dur\u00e1vel que agarra a bola. Alternativamente, nossa tecnologia de superf\u00edcie em gr\u00e3o de paddle (frequentemente chamada de peel ply) aplica uma textura secund\u00e1ria para m\u00e1xima fric\u00e7\u00e3o inicial. Ajudaremos voc\u00ea a selecionar a superf\u00edcie ideal para corresponder ao perfil de jogador-alvo da sua marca, seja para um jogador de pot\u00eancia ou um estrategista voltado para o controle.<\/p>\n<h3 data-v-md-heading=\"custom-graphics-uv-printing-screen-printing-and-water-decals\" data-v-md-line=\"27\">Gr\u00e1ficos Personalizados: Impress\u00e3o UV, Impress\u00e3o em Tela e Decalques Aqu\u00e1ticos<\/h3>\n<p data-v-md-line=\"28\">Oferecemos um conjunto de m\u00e9todos profissionais de aplica\u00e7\u00e3o gr\u00e1fica para garantir que sua marca se destaque. A impress\u00e3o UV para equipamentos esportivos permite designs vibrantes, em cores completas e dur\u00e1veis. Para logotipos simples e ousados, utilizamos a impress\u00e3o cl\u00e1ssica em tela. Para padr\u00f5es intrincados e envolventes, a impress\u00e3o de transfer\u00eancia a \u00e1gua proporciona um acabamento premium, sem emendas, para o seu pedido em massa de paddles de pickleball personalizados.<\/p>\n<h2 data-v-md-heading=\"navigating-the-usapa-certification-process-for-manufacturers\" data-v-md-line=\"30\">Navegando pelo Processo de Certifica\u00e7\u00e3o da USAPA para Fabricantes<\/h2>\n<p data-v-md-line=\"31\">Conseguir a aprova\u00e7\u00e3o oficial da USAPA \u00e9 uma etapa inegoci\u00e1vel para qualquer marca s\u00e9ria. Como fabricante de paddles aprovado pela USAPA, possu\u00edmos o equipamento de teste interno e um profundo conhecimento institucional para guiar seu produto por todo o processo de certifica\u00e7\u00e3o de forma suave.<\/p>\n<h3 data-v-md-heading=\"deflection-and-trampoline-effect-testing-standards\" data-v-md-line=\"33\">Padr\u00f5es de Teste de Deflex\u00e3o e Efeito Trampolim<\/h3>\n<p data-v-md-line=\"34\">Um paddle que \u00e9 \"quente demais\" \u00e9 ilegal para competi\u00e7\u00e3o. Realizamos testes rigorosos de deflex\u00e3o de paddles para garantir que a combina\u00e7\u00e3o de n\u00facleo e face produza um efeito trampolim que esteja dentro dos limites legais estabelecidos pelo Comit\u00ea de Padr\u00f5es de Equipamentos da USAPA, protegendo sua marca e seus jogadores de desqualifica\u00e7\u00e3o.<\/p>\n<h3 data-v-md-heading=\"coefficient-of-friction-and-surface-roughness-requirements\" data-v-md-line=\"36\">Requisitos de Coeficiente de Fric\u00e7\u00e3o e Rugosidade da Superf\u00edcie<\/h3>\n<p data-v-md-line=\"37\">Spin \u00e9 rei, mas deve ser legal. Nossos engenheiros usam profil\u00f4metros de precis\u00e3o para medir a rugosidade da superf\u00edcie at\u00e9 o micr\u00f4metro, garantindo que nossas superf\u00edcies de carbono bruto e granel maximize o Coeficiente de Fric\u00e7\u00e3o (COF) sem ultrapassar o limite legal. Isso garante que seus paddles ofere\u00e7am o m\u00e1ximo de spin poss\u00edvel que esteja totalmente em conformidade.<\/p>\n<h2 data-v-md-heading=\"logistics-moqs-and-supply-chain-management\" data-v-md-line=\"39\">Log\u00edstica, MOQs e Gest\u00e3o da Cadeia de Suprimentos<\/h2>\n<p data-v-md-line=\"40\">Fornecemos comunica\u00e7\u00e3o clara e transparente sobre todos os assuntos log\u00edsticos para ajud\u00e1-lo a planejar seu invent\u00e1rio e fluxo de caixa de forma eficaz. Nossa equipe tem experi\u00eancia em criar uma ponte perfeita do ch\u00e3o da f\u00e1brica at\u00e9 seu armaz\u00e9m ou centro de atendimento Amazon FBA.<\/p>\n<h3 data-v-md-heading=\"calculating-lead-times-for-mass-production\" data-v-md-line=\"42\">Calculando Prazos de Produ\u00e7\u00e3o para Produ\u00e7\u00e3o em Massa<\/h3>\n<p data-v-md-line=\"43\">Nossos prazos de fabrica\u00e7\u00e3o padr\u00e3o na China para um processo de pedido de paddles em massa dependem do volume do pedido e da complexidade da personaliza\u00e7\u00e3o. Um ciclo de produ\u00e7\u00e3o t\u00edpico, desde a confirma\u00e7\u00e3o do material at\u00e9 a montagem final, \u00e9 estimado em 30-45 dias. Trabalhamos com voc\u00ea para estabelecer um cronograma que atenda \u00e0 sua programa\u00e7\u00e3o de lan\u00e7amento.<\/p>\n<h3 data-v-md-heading=\"shipping-and-tariffs-for-international-paddle-wholesale\" data-v-md-line=\"45\">Envios e Tarifas para Atacado de Paddles Internacionais<\/h3>\n<p data-v-md-line=\"46\">Oferecemos frete global abrangente para equipamentos de pickleball. Nossa equipe de log\u00edstica gerencia todo o processo, fornecendo cota\u00e7\u00f5es transparentes que incluem transporte, seguro e taxas. Garantimos que seu equipamento de pickleball por atacado chegue com seguran\u00e7a e dentro do prazo, seja enviando para os Estados Unidos, Europa ou Austr\u00e1lia.<\/p>\n<p><script src=\"chrome-extension:\/\/fpelahbljekknahkcaegamhcndkfpfnc\/iFrame.js\" type=\"text\/javascript\"><\/script><\/p>","protected":false},"excerpt":{"rendered":"<p><b data-path-to-node=\"11,0\" data-index-in-node=\"0\">Eleve sua marca com o auge da tecnologia Gen 3.<\/b> Nossa constru\u00e7\u00e3o em unibody termomoldada, combinada com um per\u00edmetro injetado com espuma, oferece um ponto doce inigual\u00e1vel e integridade estrutural. Projetadas para desempenho de elite, essas raquetes utilizam fibra de carbono Toray T700 de grau aeroespacial para maximizar spin e pot\u00eancia. Como um fabricante especializado, <a class=\"ng-star-inserted\" href=\"https:\/\/nexapaddle.com\/pt\/custom-oem-pickleball-paddles\/\" target=\"_blank\" rel=\"noopener\" data-hveid=\"0\" data-ved=\"0CAAQ_4QMahcKEwi5zfL6hdeTAxUAAAAAHQAAAAAQMg\">Raquetes de Pickleball Personalizadas e OEM<\/a> a NexaPaddle fornece solu\u00e7\u00f5es completas de P&amp;D at\u00e9 <a class=\"ng-star-inserted\" href=\"https:\/\/nexapaddle.com\/pt\/usapa-approved-paddles\/\" target=\"_blank\" rel=\"noopener\" data-hveid=\"0\" data-ved=\"0CAAQ_4QMahcKEwi5zfL6hdeTAxUAAAAAHQAAAAAQMw\">Raquetes Aprovadas pela USAPA<\/a> certifica\u00e7\u00e3o.<\/p>\n<table data-v-md-line=\"49\">\n<thead>\n<tr>\n<th>Par\u00e2metro de Especifica\u00e7\u00e3o<\/th>\n<th>Detalhe \/ Faixa de Personaliza\u00e7\u00e3o<\/th>\n<\/tr>\n<\/thead>\n<tbody>\n<tr>\n<td><strong>Material da Face<\/strong><\/td>\n<td>Fibra de Carbono Toray T700 Bruta \/ <a class=\"ng-star-inserted\" href=\"https:\/\/nexapaddle.com\/pt\/custom-kevlar-carbon-pickleball-paddle-oem\/\" target=\"_blank\" rel=\"noopener\" data-hveid=\"0\" data-ved=\"0CAAQ_4QMahcKEwi5zfL6hdeTAxUAAAAAHQAAAAAQNA\">Mistura Personalizada de Kevlar<\/a><\/td>\n<\/tr>\n<tr>\n<td><strong>Material do N\u00facleo &amp; Tecnologia<\/strong><\/td>\n<td>Colmeia de Polipropileno de 14mm ou 16mm \/ Per\u00edmetro Injetado com Espuma<\/td>\n<\/tr>\n<tr>\n<td><strong>Dimens\u00f5es (C x L)<\/strong><\/td>\n<td>417mm x 188mm (Alongada) \/ Moldes Personalizados Dispon\u00edveis<\/td>\n<\/tr>\n<tr>\n<td><strong>Faixa de Peso<\/strong><\/td>\n<td>220g \u2013 235g \/ 7.8 \u2013 8.3 oz (Peso Personalizado Dispon\u00edvel)<\/td>\n<\/tr>\n<tr>\n<td><strong>Comprimento do Cabo &amp; Empunhadura<\/strong><\/td>\n<td>135mm \u2013 140mm \/ Circunfer\u00eancia Personalizada \/ Op\u00e7\u00f5es Perfuradas &amp; de Couro<\/td>\n<\/tr>\n<tr>\n<td><strong>Processo de Fabrica\u00e7\u00e3o<\/strong><\/td>\n<td>Constru\u00e7\u00e3o Unibody Termomoldada \/ Forjamento por Prensa a Quente<\/td>\n<\/tr>\n<tr>\n<td><strong>Conformidade com USAPA<\/strong><\/td>\n<td>Projetado para passar em todos os testes de Tamanho, Rugosidade, COF &amp; Deflex\u00e3o<\/td>\n<\/tr>\n<tr>\n<td><strong>MOQ para Personaliza\u00e7\u00e3o<\/strong><\/td>\n<td>Entre em contato com Vendas para M\u00ednimos de Marca Privada e Custos de Desenvolvimento de Moldes<\/td>\n<\/tr>\n<\/tbody>\n<\/table>\n<p><script src=\"chrome-extension:\/\/fpelahbljekknahkcaegamhcndkfpfnc\/iFrame.js\" type=\"text\/javascript\"><\/script><\/p>","protected":false},"featured_media":2297,"template":"","meta":{"_acf_changed":false,"_kad_post_transparent":"default","_kad_post_title":"","_kad_post_layout":"default","_kad_post_sidebar_id":"","_kad_post_content_style":"default","_kad_post_vertical_padding":"default","_kad_post_feature":"","_kad_post_feature_position":"","_kad_post_header":false,"_kad_post_footer":false,"_kad_post_classname":""},"product_brand":[],"product_cat":[546,544,548,556,543,559,557,562,550,558],"product_tag":[],"class_list":{"0":"post-2215","1":"product","2":"type-product","3":"status-publish","4":"has-post-thumbnail","6":"product_cat-advanced-tech-thermoformed-paddles","7":"product_cat-carbon-fiber-pickleball-paddles","8":"product_cat-custom-oem-pickleball-paddles","9":"product_cat-foam-core-pickleball-paddles","10":"product_cat-paddles-by-material","11":"product_cat-paddles-by-performance","12":"product_cat-private-label-paddles","13":"product_cat-pro-advanced-pickleball-paddles","14":"product_cat-t700-carbon-fiber-paddles","15":"product_cat-usapa-approved-paddles","17":"first","18":"instock","19":"shipping-taxable","20":"product-type-simple","21":"entry","22":"content-bg","23":"loop-entry"},"acf":[],"_links":{"self":[{"href":"https:\/\/nexapaddle.com\/pt\/wp-json\/wp\/v2\/product\/2215","targetHints":{"allow":["GET"]}}],"collection":[{"href":"https:\/\/nexapaddle.com\/pt\/wp-json\/wp\/v2\/product"}],"about":[{"href":"https:\/\/nexapaddle.com\/pt\/wp-json\/wp\/v2\/types\/product"}],"wp:featuredmedia":[{"embeddable":true,"href":"https:\/\/nexapaddle.com\/pt\/wp-json\/wp\/v2\/media\/2297"}],"wp:attachment":[{"href":"https:\/\/nexapaddle.com\/pt\/wp-json\/wp\/v2\/media?parent=2215"}],"wp:term":[{"taxonomy":"product_brand","embeddable":true,"href":"https:\/\/nexapaddle.com\/pt\/wp-json\/wp\/v2\/product_brand?post=2215"},{"taxonomy":"product_cat","embeddable":true,"href":"https:\/\/nexapaddle.com\/pt\/wp-json\/wp\/v2\/product_cat?post=2215"},{"taxonomy":"product_tag","embeddable":true,"href":"https:\/\/nexapaddle.com\/pt\/wp-json\/wp\/v2\/product_tag?post=2215"}],"curies":[{"name":"wp","href":"https:\/\/api.w.org\/{rel}","templated":true}]}}