{"id":2211,"date":"2026-04-03T11:24:38","date_gmt":"2026-04-03T11:24:38","guid":{"rendered":"https:\/\/nexapaddle.com\/?post_type=product&#038;p=2211"},"modified":"2026-04-06T00:03:18","modified_gmt":"2026-04-06T00:03:18","slug":"custom-kevlar-carbon-pickleball-paddle-oem","status":"publish","type":"product","link":"https:\/\/nexapaddle.com\/pt\/custom-kevlar-carbon-pickleball-paddle-oem\/","title":{"rendered":"OEM de P\u00e1 de Pickleball Personalizada de Kevlar Carbono | OEM Profissional de P\u00e1 de Pickleball"},"content":{"rendered":"<h2 data-v-md-heading=\"comprehensive-guide-to-custom-kevlar-carbon-pickleball-paddle-oem\" data-v-md-line=\"3\">Guia Abrangente para Paddle de Pickleball de Kevlar Carbono Personalizado OEM<\/h2>\n<h3 data-v-md-heading=\"the-synergy-of-kevlar-and-carbon-fiber-in-paddle-construction\" data-v-md-line=\"4\">A Sinergia de Kevlar e Fibra de Carbono na Constru\u00e7\u00e3o do Paddle<\/h3>\n<p data-v-md-line=\"5\">O cen\u00e1rio moderno do pickleball exige equipamentos que ofere\u00e7am uma mistura calculada de pot\u00eancia, controle e resili\u00eancia. Enquanto padr\u00f5es <a class=\"ng-star-inserted\" href=\"https:\/\/nexapaddle.com\/pt\/carbon-fiber-pickleball-paddles\/\" target=\"_blank\" rel=\"noopener\" data-hveid=\"0\" data-ved=\"0CAAQ_4QMahgKEwj1memV9NeTAxUAAAAAHQAAAAAQ5QE\">Raquetes de Pickleball de Fibra de Carbono<\/a> fornecem rigidez excepcional e giro, podem ser quebradi\u00e7os sob impactos de alta velocidade e sustentados. \u00c9 aqui que a ci\u00eancia do material de superf\u00edcie h\u00edbrido proporciona uma vantagem competitiva distinta. Ao tecer DuPont\u2122 Kevlar\u00ae\u2014uma fibra aramida renomada por seu uso em prote\u00e7\u00e3o bal\u00edstica\u2014com folhas de fibra de carbono Toray T700 crua, criamos uma face composta com resist\u00eancia ao impacto incompar\u00e1vel e amortecimento de vibra\u00e7\u00e3o. A fibra de carbono mant\u00e9m a superf\u00edcie r\u00edgida e com grande potencial de giro que os jogadores exigem, enquanto a fibra aramida dispersa a energia de impacto, eliminando o feedback \u00e1spero e a degrada\u00e7\u00e3o do n\u00facleo comuns em paddles inferiores.<\/p>\n<h3 data-v-md-heading=\"why-custom-aramid-fiber-blends-are-trending-in-2024\" data-v-md-line=\"7\">Por que Misturas de Fibras Aramidas Personalizadas est\u00e3o em Alta em 2024<\/h3>\n<p data-v-md-line=\"8\">Marcas exigentes e jogadores profissionais est\u00e3o indo al\u00e9m dos designs de material \u00fanico. O mercado est\u00e1 saturado com paddles gen\u00e9ricos de fibra de carbono; a diferencia\u00e7\u00e3o agora vem de engenharia superior e sensa\u00e7\u00e3o. Um weave de fibra aramida introduz um n\u00edvel de controle e conforto para o bra\u00e7o que o carbono puro n\u00e3o pode igualar. Esta constru\u00e7\u00e3o h\u00edbrida resulta em uma constru\u00e7\u00e3o de paddle mais dur\u00e1vel com um ponto doce significativamente ampliado. Para sua marca, isso se traduz em um produto premium que comanda um pre\u00e7o mais alto e constr\u00f3i uma reputa\u00e7\u00e3o de qualidade e inova\u00e7\u00e3o, posicionando-se ao lado de l\u00edderes da ind\u00fastria como JOOLA e Selkirk Sport.<\/p>\n<h2 data-v-md-heading=\"advantages-of-partnering-with-an-oem-pickleball-manufacturer\" data-v-md-line=\"10\">Vantagens de Fazer Parceria com um Fabricante OEM de Pickleball<\/h2>\n<h3 data-v-md-heading=\"from-concept-to-pro-player-the-private-label-process\" data-v-md-line=\"11\">Do Conceito ao Jogador Profissional: O Processo de Marca Privada<\/h3>\n<p data-v-md-line=\"12\">Como um fornecedor especializado de paddles OEM, a NexaPaddle oferece uma solu\u00e7\u00e3o completa <a class=\"ng-star-inserted\" href=\"https:\/\/nexapaddle.com\/pt\/private-label-paddles\/\" target=\"_blank\" rel=\"noopener\" data-hveid=\"0\" data-ved=\"0CAAQ_4QMahgKEwj1memV9NeTAxUAAAAAHQAAAAAQ6QE\">Raquetes de Marca Privada<\/a> para transformar sua vis\u00e3o em equipamentos prontos para torneios. Com mais de uma d\u00e9cada de experi\u00eancia em fabrica\u00e7\u00e3o de esportes de raquete, nosso processo come\u00e7a com uma imers\u00e3o profunda nos objetivos de desempenho da sua marca. Atribu\u00edmos um engenheiro de P&amp;D dedicado para traduzir sua vis\u00e3o em designs CAD precisos, garantindo distribui\u00e7\u00e3o de peso e peso de swing otimizados para controle estrat\u00e9gico ou pot\u00eancia agressiva da linha de base. Aproveitando nossas capacidades em design de moldes de paddle personalizados e usinagem CNC, prototipamos, testamos e refinamos. Sua propriedade intelectual est\u00e1 protegida enquanto gerenciamos tudo, desde a aquisi\u00e7\u00e3o de materiais at\u00e9 a aplica\u00e7\u00e3o da impress\u00e3o de seu logotipo personalizado por meio de tecnologia de impress\u00e3o digital UV de alta fidelidade, garantindo um produto pronto para o mercado em tempo recorde.<\/p>\n<h3 data-v-md-heading=\"navigating-moqs-and-wholesale-pricing-for-startup-brands\" data-v-md-line=\"14\">Navegando por MOQs e Pre\u00e7os Atacadistas para Marcas em In\u00edcio<\/h3>\n<p data-v-md-line=\"15\">Entendemos os desafios da gest\u00e3o de invent\u00e1rio e fluxo de caixa, especialmente para novas marcas de equipamentos de pickleball de marca privada. Ao contr\u00e1rio de f\u00e1bricas enormes e inflex\u00edveis, estruturamos nossos MOQs para facilitar a entrada no mercado e a escalabilidade. Oferecemos pre\u00e7os transparentes de paddles de pickleball por volume que melhoram seu ROI \u00e0 medida que sua distribui\u00e7\u00e3o cresce. Nossas equipes de vendas e log\u00edstica s\u00e3o especialistas em prepara\u00e7\u00e3o FBA e cumprimento global, otimizando sua cadeia de suprimentos do nosso hub de produ\u00e7\u00e3o em Dongguan diretamente para as m\u00e3os de seus clientes, seja no mercado dos Estados Unidos ou no exterior.<\/p>\n<h2 data-v-md-heading=\"technical-specifications-and-core-technologies\" data-v-md-line=\"17\">Especifica\u00e7\u00f5es T\u00e9cnicas e Tecnologias de N\u00facleo<\/h2>\n<h3 data-v-md-heading=\"exploring-toray-t700-surface-textures-for-maximum-spin\" data-v-md-line=\"18\">Explorando Texturas de Superf\u00edcie Toray T700 para M\u00e1ximo Giro<\/h3>\n<p data-v-md-line=\"19\">A capacidade de um paddle gerar giro \u00e9 uma fun\u00e7\u00e3o direta de sua fric\u00e7\u00e3o superficial. Enquanto muitas f\u00e1bricas usam materiais gen\u00e9ricos, n\u00f3s obtemos exclusivamente fibra de carbono Toray T700 unidirecional, o padr\u00e3o ouro em equipamentos de aeroespacial e esportes profissionais. Nosso m\u00e9todo exclusivo de prensagem a quente cria uma superf\u00edcie crua de carbono com textura precisamente calibrada. Esta tecnologia de face texturizada maximiza o Coeficiente de Fric\u00e7\u00e3o (COF) dentro dos limites da USAPA, permitindo que o paddle aproveite a bola e gere um giro devastador para cortes e saques.<\/p>\n<p data-v-md-line=\"19\">Para manter essa alta fric\u00e7\u00e3o de carbono cru ao longo do tempo, recomendamos fortemente oferecer a seus clientes nosso <a class=\"ng-star-inserted\" href=\"https:\/\/nexapaddle.com\/pt\/pickleball-paddle-eraser-cleaner-wholesale\/\" target=\"_blank\" rel=\"noopener\" data-hveid=\"0\" data-ved=\"0CAAQ_4QMahgKEwj1memV9NeTAxUAAAAAHQAAAAAQ6AE\">Limpeza de Borracha para P\u00e1 de Pickleball por Atacado | OEM Profissional de P\u00e1 de Pickleball<\/a> como um complemento essencial de manuten\u00e7\u00e3o.<\/p>\n<h3 data-v-md-heading=\"honeycomb-core-innovation-13mm-vs-16mm-polypropylene\" data-v-md-line=\"21\">Inova\u00e7\u00e3o no N\u00facleo de Colmeia: 13mm vs. 16mm de Polipropileno<\/h3>\n<p data-v-md-line=\"22\">O motor de qualquer paddle \u00e9 seu n\u00facleo. Nossa tecnologia de n\u00facleo de colmeia de polipropileno reativa \u00e9 projetada para desempenho ideal. Um n\u00facleo de pot\u00eancia de 13mm fornece explos\u00e3o e pot\u00eancia para jogadores que dominam a partir da linha de base. Para marcas focando no segmento de controle e toque, a espessura do n\u00facleo de 16mm oferece amortecimento superior de vibra\u00e7\u00f5es e uma resposta mais permissiva. Essa otimiza\u00e7\u00e3o do ponto doce expandido reduz erros e fornece a sensa\u00e7\u00e3o consistente que jogadores de alto n\u00edvel exigem.<\/p>\n<h3 data-v-md-heading=\"thermoformed-vs-foam-injected-edge-technology\" data-v-md-line=\"24\">Tecnologia de Bordas Termomoldadas vs. Injetadas com Espuma<\/h3>\n<p data-v-md-line=\"25\">A constru\u00e7\u00e3o padr\u00e3o de paddles \u00e9 marcada por um ponto cr\u00edtico de falha: a prote\u00e7\u00e3o das bordas. Protetores colados frequentemente se deslaminam, e per\u00edmetros ocos levam a uma sensa\u00e7\u00e3o morta e inst\u00e1vel. Nosso <a class=\"ng-star-inserted\" href=\"https:\/\/nexapaddle.com\/pt\/thermoformed-pickleball-paddles\/\" target=\"_blank\" rel=\"noopener\" data-hveid=\"0\" data-ved=\"0CAAQ_4QMahgKEwj1memV9NeTAxUAAAAAHQAAAAAQ5gE\">Raquetes de Pickleball Termoformadas<\/a> processo, combinado com bordas injetadas com espuma, cria uma estrutura selada de Pol\u00edmero Refor\u00e7ado com Fibra de Carbono (CFRP) unibody. Esta tecnologia integrada de guardas de borda aumenta drasticamente a estabilidade e durabilidade do paddle, protegendo o n\u00facleo de colmeia de esmagamento e garantindo que seu produto suporte milhares de impactos.<\/p>\n<h2 data-v-md-heading=\"designing-your-signature-pickleball-paddle\" data-v-md-line=\"27\">Projetando Seu Paddle de Pickleball Personalizado<\/h2>\n<h3 data-v-md-heading=\"customizing-handle-ergonomics-and-grip-materials\" data-v-md-line=\"28\">Personalizando a Ergonomia do Cabo e os Materiais de Ader\u00eancia<\/h3>\n<p data-v-md-line=\"29\">A \u00fanica conex\u00e3o de um jogador com o paddle \u00e9 o cabo, tornando seu design cr\u00edtico. Oferecemos personaliza\u00e7\u00e3o completa do comprimento do cabo, desde cabos mais curtos para conversores de t\u00eanis de mesa at\u00e9 cabos de forma de paddle alongada para backhands de duas m\u00e3os. Escolha entre m\u00faltiplas op\u00e7\u00f5es de circunfer\u00eancia de ader\u00eancia e materiais, incluindo nossa ader\u00eancia acolchoada resistente ao suor, que fornece uma sensa\u00e7\u00e3o pegajosa e confort\u00e1vel para manuseio confiante durante jogadas intensas.<\/p>\n<h3 data-v-md-heading=\"graphic-design-options-uv-printing-vs-silk-screen\" data-v-md-line=\"31\">Op\u00e7\u00f5es de Design Gr\u00e1fico: Impress\u00e3o UV vs. Serigrafia<\/h3>\n<p data-v-md-line=\"32\">A identidade visual da sua marca deve ser n\u00edtida e dur\u00e1vel. Utilizamos tecnologia de impress\u00e3o digital UV de ponta, que cura tinta diretamente na face do paddle para gr\u00e1ficos vibrantes e em cores completas que resistem a lascas e desbotamento. Para designs que exigem correspond\u00eancia de cores espec\u00edficas ou uma est\u00e9tica cl\u00e1ssica, nossa aplica\u00e7\u00e3o de face de paddle serigrafada de precis\u00e3o oferece um acabamento robusto e profissional. Garantimos que seu design de paddle personalizado reflita a qualidade premium de sua constru\u00e7\u00e3o.<\/p>\n<p data-v-md-line=\"32\">Para completar a experi\u00eancia de unboxing premium da sua marca, combine seus paddles personalizados com nosso <a class=\"ng-star-inserted\" href=\"https:\/\/nexapaddle.com\/pt\/custom-pickleball-paddle-bags-covers-oem\/\" target=\"_blank\" rel=\"noopener\" data-hveid=\"0\" data-ved=\"0CAAQ_4QMahgKEwj1memV9NeTAxUAAAAAHQAAAAAQ5wE\">Bolsas e Capas de Raquete de Pickleball Personalizadas OEM | Raquete de Pickleball Profissional OEM<\/a> para proteger a superf\u00edcie do paddle e aumentar sua margem de varejo.<\/p>\n<h2 data-v-md-heading=\"quality-assurance-and-industry-standards\" data-v-md-line=\"34\">Garantia de Qualidade e Normas da Ind\u00fastria<\/h2>\n<h3 data-v-md-heading=\"meeting-usapa-equipment-requirements-for-professional-play\" data-v-md-line=\"35\">Atendendo aos Requisitos de Equipamentos da USAPA para Jogo Profissional<\/h3>\n<p data-v-md-line=\"36\">A credibilidade no mercado \u00e9 inegoci\u00e1vel. Como um parceiro l\u00edder na fabrica\u00e7\u00e3o de esportes de raquete, todos os paddles que produzimos s\u00e3o projetados para serem totalmente compat\u00edveis com as especifica\u00e7\u00f5es t\u00e9cnicas da USA Pickleball (USAPA). Testamos meticulosamente cada lote de produ\u00e7\u00e3o em nosso laborat\u00f3rio de QA em Dongguan. Controlamos rigorosamente o peso est\u00e1tico do paddle (com uma toler\u00e2ncia apertada de \u00b10.1oz), pontos de equil\u00edbrio precisos, rugosidade da superf\u00edcie conforme a USAPA (LIMITES de micro-textura RT e RZ) e deflex\u00e3o do n\u00facleo. Fornecemos um relat\u00f3rio abrangente de teste de lote com seu envio para garantir que seu equipamento esteja pronto para torneios e livre de defeitos desde o in\u00edcio. Fazer parceria com um fabricante aprovado pela USAPA protege sua marca e proporciona tranquilidade a seus clientes.<\/p>\n<h3 data-v-md-heading=\"durability-testing-impact-resistance-and-delamination-prevention\" data-v-md-line=\"38\">Teste de Durabilidade: Resist\u00eancia a Impactos e Preven\u00e7\u00e3o de Deslamina\u00e7\u00e3o<\/h3>\n<p data-v-md-line=\"39\">Nosso compromisso com a qualidade \u00e9 validado atrav\u00e9s de rigorosos protocolos de teste internos que excedem os padr\u00f5es da ind\u00fastria. Cada design de paddle passa por testes de estresse que simulam uso agressivo e a longo prazo. Analisamos deslamina\u00e7\u00e3o, esmagamento do n\u00facleo e integridade do cabo para identificar e eliminar pontos de falha potenciais antes que a produ\u00e7\u00e3o em massa comece. Esse foco na constru\u00e7\u00e3o dur\u00e1vel do paddle garante uma taxa de devolu\u00e7\u00e3o mais baixa para sua empresa e um produto superior para o usu\u00e1rio final.<\/p>\n<p><script src=\"chrome-extension:\/\/fpelahbljekknahkcaegamhcndkfpfnc\/iFrame.js\" type=\"text\/javascript\"><\/script><\/p>","protected":false},"excerpt":{"rendered":"<h2 data-v-md-heading=\"technical-specifications\" data-v-md-line=\"41\"><span style=\"font-size: 17px; font-weight: 400;\">Eleve a vantagem competitiva da sua marca com nosso Kevlar h\u00edbrido de alta qualidade e <\/span><a style=\"font-size: 17px; font-weight: 400;\" href=\"https:\/\/nexapaddle.com\/pt\/t700-carbon-fiber-paddles\/\">Raquetes de Fibra de Carbono T700<\/a><span style=\"font-size: 17px; font-weight: 400;\">. Projetado para sourcing B2B avan\u00e7ado, estes <\/span><a style=\"font-size: 17px; font-weight: 400;\" href=\"https:\/\/nexapaddle.com\/pt\/usapa-approved-paddles\/\">Raquetes Aprovadas pela USAPA<\/a><span style=\"font-size: 17px; font-weight: 400;\">\u00a0tamb\u00e9m s\u00e3o constru\u00eddos com um unibody termomoldado e um n\u00facleo reativo de 16mm, oferecendo o equil\u00edbrio ideal entre pot\u00eancia e amortecimento de vibra\u00e7\u00f5es para jogo profissional.<\/span><\/h2>\n<table data-v-md-line=\"43\">\n<thead>\n<tr>\n<th>Par\u00e2metro de Especifica\u00e7\u00e3o<\/th>\n<th>Detalhe \/ Faixa de Personaliza\u00e7\u00e3o<\/th>\n<\/tr>\n<\/thead>\n<tbody>\n<tr>\n<td><strong>Material da Face<\/strong><\/td>\n<td><a href=\"https:\/\/nexapaddle.com\/pt\/raw-carbon-pickleball-paddles\/\">face de Fibra de Carbono Toray T700<\/a> \/ DuPont\u2122 Kevlar\u00ae H\u00edbrido Weave<\/td>\n<\/tr>\n<tr>\n<td><strong>Material do N\u00facleo &amp; Tecnologia<\/strong><\/td>\n<td>Colmeia de Polipropileno Reativa de 16mm<\/td>\n<\/tr>\n<tr>\n<td><strong>Dimens\u00f5es (C x L)<\/strong><\/td>\n<td>417mm x 188mm (Forma Alongada)<\/td>\n<\/tr>\n<tr>\n<td><strong>Faixa de Peso<\/strong><\/td>\n<td>7.8 \u2013 8.3 oz (220g \u2013 235g)<\/td>\n<\/tr>\n<tr>\n<td><strong>Comprimento do Cabo &amp; Empunhadura<\/strong><\/td>\n<td>139mm de Comprimento, Ader\u00eancia Personaliz\u00e1vel Resist\u00eancia ao Suor<\/td>\n<\/tr>\n<tr>\n<td><strong>Processo de Fabrica\u00e7\u00e3o<\/strong><\/td>\n<td>Termomoldagem em Unibody com Bordas Injetadas com Espuma<\/td>\n<\/tr>\n<tr>\n<td><strong>Conformidade com USAPA<\/strong><\/td>\n<td>Projetado para passar nos testes de Tamanho, Rugosidade, COF &amp; Deflex\u00e3o<\/td>\n<\/tr>\n<tr>\n<td><strong>MOQ para Personaliza\u00e7\u00e3o<\/strong><\/td>\n<td>Entre em contato com Vendas para M\u00ednimos de Marca Privada<\/td>\n<\/tr>\n<\/tbody>\n<\/table>\n<p><script src=\"chrome-extension:\/\/fpelahbljekknahkcaegamhcndkfpfnc\/iFrame.js\" type=\"text\/javascript\"><\/script><\/p>","protected":false},"featured_media":2270,"template":"","meta":{"_acf_changed":false,"_kad_post_transparent":"default","_kad_post_title":"","_kad_post_layout":"default","_kad_post_sidebar_id":"","_kad_post_content_style":"default","_kad_post_vertical_padding":"default","_kad_post_feature":"","_kad_post_feature_position":"","_kad_post_header":false,"_kad_post_footer":false,"_kad_post_classname":""},"product_brand":[],"product_cat":[546,544,548,543,559,557,562,554],"product_tag":[],"class_list":{"0":"post-2211","1":"product","2":"type-product","3":"status-publish","4":"has-post-thumbnail","6":"product_cat-advanced-tech-thermoformed-paddles","7":"product_cat-carbon-fiber-pickleball-paddles","8":"product_cat-custom-oem-pickleball-paddles","9":"product_cat-paddles-by-material","10":"product_cat-paddles-by-performance","11":"product_cat-private-label-paddles","12":"product_cat-pro-advanced-pickleball-paddles","13":"product_cat-thermoformed-pickleball-paddles","15":"first","16":"instock","17":"shipping-taxable","18":"product-type-simple","19":"entry","20":"content-bg","21":"loop-entry"},"acf":[],"_links":{"self":[{"href":"https:\/\/nexapaddle.com\/pt\/wp-json\/wp\/v2\/product\/2211","targetHints":{"allow":["GET"]}}],"collection":[{"href":"https:\/\/nexapaddle.com\/pt\/wp-json\/wp\/v2\/product"}],"about":[{"href":"https:\/\/nexapaddle.com\/pt\/wp-json\/wp\/v2\/types\/product"}],"wp:featuredmedia":[{"embeddable":true,"href":"https:\/\/nexapaddle.com\/pt\/wp-json\/wp\/v2\/media\/2270"}],"wp:attachment":[{"href":"https:\/\/nexapaddle.com\/pt\/wp-json\/wp\/v2\/media?parent=2211"}],"wp:term":[{"taxonomy":"product_brand","embeddable":true,"href":"https:\/\/nexapaddle.com\/pt\/wp-json\/wp\/v2\/product_brand?post=2211"},{"taxonomy":"product_cat","embeddable":true,"href":"https:\/\/nexapaddle.com\/pt\/wp-json\/wp\/v2\/product_cat?post=2211"},{"taxonomy":"product_tag","embeddable":true,"href":"https:\/\/nexapaddle.com\/pt\/wp-json\/wp\/v2\/product_tag?post=2211"}],"curies":[{"name":"wp","href":"https:\/\/api.w.org\/{rel}","templated":true}]}}