{"id":2219,"date":"2026-04-03T12:01:53","date_gmt":"2026-04-03T12:01:53","guid":{"rendered":"https:\/\/nexapaddle.com\/?post_type=product&#038;p=2219"},"modified":"2026-04-05T15:01:56","modified_gmt":"2026-04-05T15:01:56","slug":"high-end-pickleball-paddles-factory-supplier","status":"publish","type":"product","link":"https:\/\/nexapaddle.com\/fr\/high-end-pickleball-paddles-factory-supplier\/","title":{"rendered":"Fournisseur d'usine de pelles de pickleball haut de gamme | Pelle de pickleball OEM professionnelle"},"content":{"rendered":"<h2 data-v-md-heading=\"_1-strategic-selection-of-a-high-end-pickleball-paddle-factory\" data-v-md-line=\"3\">1. S\u00e9lection Strat\u00e9gique d'une Usine de Paddles Pickleball Haut de Gamme<\/h2>\n<p data-v-md-line=\"4\">En tant que propri\u00e9taire de marque, votre cha\u00eene d'approvisionnement est votre colonne vert\u00e9brale. S'associer \u00e0 une usine qui offre plus que de l'assemblage est crucial pour le leadership sur le march\u00e9. Avec plus de 10 ans d'expertise en fabrication OEM\/ODM prouv\u00e9e <b data-path-to-node=\"23,1,0\" data-index-in-node=\"66\">et une capacit\u00e9 mensuelle de plus de 50 000 unit\u00e9s<\/b>, nos ing\u00e9nieurs veillent \u00e0 ce que votre vision soit r\u00e9alis\u00e9e avec pr\u00e9cision. <b data-path-to-node=\"23,1,0\" data-index-in-node=\"168\">Nous proposons des \u00e9chantillons physiques complets et un contr\u00f4le qualit\u00e9 rigoureux avant<\/b> la production en s\u00e9rie et l'ex\u00e9cution mondiale pour votre entreprise Amazon FBA ou directe au consommateur.<\/p>\n<h3 data-v-md-heading=\"understanding-oem-vs-odm-manufacturing-models\" data-v-md-line=\"6\">Comprendre les Mod\u00e8les de Fabrication OEM vs. ODM<\/h3>\n<p data-v-md-line=\"7\">Nous op\u00e9rons sur les deux fronts. Fournissez-nous vos sp\u00e9cifications exactes pour une fabrication d'Original Equipment Manufacturer (OEM), ou collaborez avec notre \u00e9quipe R&amp;D sur un projet d'Original Design Manufacturer (ODM) pour tirer parti de nos moules existants et notre technologie de paddle propri\u00e9taire, r\u00e9duisant ainsi consid\u00e9rablement votre temps de mise sur le march\u00e9.<\/p>\n<h3 data-v-md-heading=\"evaluating-supplier-certifications-iso-9001-and-bsci-compliance\" data-v-md-line=\"9\">\u00c9valuation des Certifications des Fournisseurs : Conformit\u00e9 ISO 9001 et BSCI<\/h3>\n<p data-v-md-line=\"10\">Des revendications g\u00e9n\u00e9riques d'atelier n'\u00e9quivalent pas \u00e0 la qualit\u00e9. Nos installations sont certifi\u00e9es ISO 9001, garantissant une approche syst\u00e9matique du contr\u00f4le qualit\u00e9 \u00e0 chaque \u00e9tape. Nous respectons \u00e9galement les normes d'audit BSCI, garantissant que votre marque repose sur une base de fabrication sportive \u00e9thique et durable.<\/p>\n<h2 data-v-md-heading=\"_2-advanced-material-science-in-professional-paddles\" data-v-md-line=\"12\">2. Science des Mat\u00e9riaux Avanc\u00e9e dans les Paddles Professionnels<\/h2>\n<p data-v-md-line=\"13\">La performance du paddle est dict\u00e9e par sa composition mat\u00e9rielle. Nous concevons des paddles de pickleball professionnels en utilisant des inputs approuv\u00e9s par les professionnels du PPA Tour, allant au-del\u00e0 des composites de base pour offrir une jouabilit\u00e9 et une durabilit\u00e9 sup\u00e9rieures.<\/p>\n<h3 data-v-md-heading=\"the-superiority-of-t700-raw-carbon-fiber-surfaces\" data-v-md-line=\"15\">La Sup\u00e9riorit\u00e9 des Surfaces en Fibre de Carbone Brut T700<\/h3>\n<p data-v-md-line=\"16\">Alors que de nombreux fournisseurs utilisent de la fibre de verre basique ou du carbone de qualit\u00e9 inf\u00e9rieure, nos mod\u00e8les phares disposent d'une surface en <a href=\"https:\/\/nexapaddle.com\/fr\/t700-carbon-fiber-paddles\/\">fibre de carbone brut T700<\/a> . Ce mat\u00e9riau \u00e0 haut module cr\u00e9e une face textur\u00e9e et \u00e0 haute friction qui maximise l'adh\u00e9rence de la balle, con\u00e7ue pour respecter les limites sup\u00e9rieures des normes de rugosit\u00e9 de surface de l'USAPA pour une rotation sans pr\u00e9c\u00e9dent.<\/p>\n<h3 data-v-md-heading=\"polypropylene-honeycomb-vs-specialized-core-densities\" data-v-md-line=\"18\">Noyau en Miel de Polypropyl\u00e8ne vs. Densit\u00e9s de Noyau Sp\u00e9cialis\u00e9es<\/h3>\n<p data-v-md-line=\"19\">Le noyau d'un paddle est son moteur pour la puissance et le contr\u00f4le. Nous nous sp\u00e9cialisons dans les noyaux en miel de polypropyl\u00e8ne thermoform\u00e9 de 16 mm, qui offrent une technologie de r\u00e9duction des vibrations sup\u00e9rieure et un point id\u00e9al \u00e9largi. Ce noyau plus \u00e9pais offre le contr\u00f4le recherch\u00e9 par des joueurs comme Ben Johns et constitue une am\u00e9lioration significative par rapport aux noyaux en Nomex ou en aluminium g\u00e9n\u00e9riques.<\/p>\n<h3 data-v-md-heading=\"edge-guard-technology-traditional-vs-edgeless-designs\" data-v-md-line=\"21\">Technologie de Protection des Bords : Designs Traditionnels vs. Sans Bords<\/h3>\n<p data-v-md-line=\"22\">Les protections de bords standard sont un point de d\u00e9faillance commun, sujettes \u00e0 la d\u00e9lamination. Notre construction unibody thermoform\u00e9e avanc\u00e9e int\u00e8gre le bord sans couture, cr\u00e9ant un design de paddle plus durable et a\u00e9rodynamique qui am\u00e9liore la vitesse de swing et emp\u00eache l'\u00e9crasement du noyau sous contrainte.<\/p>\n<h2 data-v-md-heading=\"_3-innovation-in-manufacturing-the-thermoforming-revolution\" data-v-md-line=\"24\">3. Innovation dans la Fabrication : La R\u00e9volution du Thermoformage<\/h2>\n<p data-v-md-line=\"25\">Restez en avance sur des concurrents comme Selkirk Sport et JOOLA Pickleball en tirant parti des processus de fabrication de nouvelle g\u00e9n\u00e9ration. <a href=\"https:\/\/nexapaddle.com\/fr\/thermoformed-pickleball-paddles\/\">\/ Moulage par pressage \u00e0 chaud<\/a> est la nouvelle r\u00e9f\u00e9rence pour les \u00e9quipements de pickleball hautes performances.<\/p>\n<h3 data-v-md-heading=\"unibody-construction-vs-sandwich-layering\" data-v-md-line=\"27\">Construction Unibody vs. Stratification Sandwich<\/h3>\n<p data-v-md-line=\"28\">Les paddles traditionnels sont superpos\u00e9s comme un sandwich, cr\u00e9ant des points faibles. Notre machine de pression \u00e0 chaleur thermoformante forge la face en fibre de carbone T700 autour de tout le paddle et la fusionne avec le noyau, r\u00e9sultant en un cadre unibody avec une sensation coh\u00e9rente et une augmentation massive des scores de durabilit\u00e9 des paddles.<\/p>\n<h3 data-v-md-heading=\"foam-injection-for-enhanced-perimeter-stability\" data-v-md-line=\"30\">Injection de Mousse pour une Stabilit\u00e9 P\u00e9riph\u00e9rique Am\u00e9lior\u00e9e<\/h3>\n<p data-v-md-line=\"31\">Pour optimiser davantage le point id\u00e9al et le point d'\u00e9quilibre du paddle, nous injectons une mousse polym\u00e8re r\u00e9active sp\u00e9cialis\u00e9e autour du p\u00e9rim\u00e8tre du noyau. Cette technique ajoute de la stabilit\u00e9, r\u00e9duit les vibrations et augmente la zone de frappe efficace sans augmenter consid\u00e9rablement le poids de swing.<\/p>\n<h2 data-v-md-heading=\"_4-customization-and-private-labeling-services\" data-v-md-line=\"33\">4. Services de Personnalisation et de Marquage Priv\u00e9<\/h2>\n<p data-v-md-line=\"34\">L'identit\u00e9 de votre marque est primordiale. Nous offrons une large gamme de produits <a href=\"https:\/\/nexapaddle.com\/fr\/private-label-paddles\/\">de pickleball en marque priv\u00e9e<\/a> et de services de personnalisation pour cr\u00e9er une offre unique dans un march\u00e9 satur\u00e9, des paddles avec graphismes personnalis\u00e9s \u00e0 des formes enti\u00e8rement nouvelles.<\/p>\n<h3 data-v-md-heading=\"designing-custom-graphics-and-uv-printing-options\" data-v-md-line=\"36\">Conception de Graphismes Personnalis\u00e9s et Options d'Impression UV<\/h3>\n<p data-v-md-line=\"37\">Allez au-del\u00e0 de l'impression \u00e9cran simple. Notre technologie d'impression UV avanc\u00e9e permet des graphismes vibrants, en couleurs compl\u00e8tes, sur le bord, qui sont tr\u00e8s durables et r\u00e9sistants aux \u00e9clats, garantissant que votre marque reste impeccable.<\/p>\n<h3 data-v-md-heading=\"ergonomic-handle-shapes-and-tailored-grip-circumferences\" data-v-md-line=\"39\">Formes de Poign\u00e9e Ergonomiques et Circonf\u00e9rences de Prise Sur Mesure<\/h3>\n<p data-v-md-line=\"40\">La connexion d'un joueur au paddle se fait par sa poign\u00e9e. Nous offrons des conceptions de prise ergonomiques, plusieurs options de poign\u00e9es avec rembourrage, et des circonf\u00e9rences de prise personnalis\u00e9es pour correspondre aux pr\u00e9f\u00e9rences des joueurs cibles pour les paddles de puissance vs. contr\u00f4le.<\/p>\n<h2 data-v-md-heading=\"_5-quality-control-and-regulatory-compliance\" data-v-md-line=\"42\">5. Contr\u00f4le Qualit\u00e9 et Conformit\u00e9 R\u00e9glementaire<\/h2>\n<p data-v-md-line=\"43\">Prot\u00e9gez la r\u00e9putation de votre marque avec des paddles con\u00e7us pour la performance et la l\u00e9galit\u00e9. Nous veillons \u00e0 ce que chaque lot r\u00e9ponde et m\u00eame d\u00e9passe les normes de l'industrie, r\u00e9duisant le risque de retours de produits et de disqualifications en tournoi.<\/p>\n<h3 data-v-md-heading=\"adhering-to-usa-pickleball-usapa-testing-standards\" data-v-md-line=\"45\">Respect des Normes de Test de l'USAPA<\/h3>\n<p data-v-md-line=\"46\">Nous construisons chaque paddle pour qu'il soit approuv\u00e9 par l'USAPA. Nos protocoles de test internes imitent rigoureusement les normes des laboratoires de test de l'USAPA pour la friction de surface, la d\u00e9flexion, la taille et le poids.<span class=\"citation-643\">Nous pouvons fournir des rapports de test internes d\u00e9taill\u00e9s pour vos lots personnalis\u00e9s avant de les soumettre pour certification officielle par l'USAPA. <\/span><b data-path-to-node=\"25,1,0\" data-index-in-node=\"178\"><span class=\"citation-643\">garantissant que vos produits sont pr\u00eats pour le jeu comp\u00e9titif d\u00e8s la sortie de la bo\u00eete.<\/span><\/b> 6. Logistique de Cha\u00eene d'Approvisionnement pour les Marques Mondiales<\/p>\n<h2 data-v-md-heading=\"_6-supply-chain-logistics-for-global-brands\" data-v-md-line=\"48\">6. Supply Chain Logistics for Global Brands<\/h2>\n<p data-v-md-line=\"49\">Notre usine, situ\u00e9e dans le p\u00f4le de fabrication de Dongguan, en Chine, est un pilier de la cha\u00eene d'approvisionnement B2B pour le pickleball. Nous optimisons la logistique pour les grossistes mondiaux et les marques de vente directe aux consommateurs.<\/p>\n<h3 data-v-md-heading=\"managing-lead-times-from-china-manufacturing-hubs\" data-v-md-line=\"51\">Gestion des d\u00e9lais de production depuis les p\u00f4les de fabrication en Chine<\/h3>\n<p data-v-md-line=\"52\">Avec une exp\u00e9rience approfondie dans l'exportation d'\u00e9quipements de pickleball, nous fournissons des d\u00e9lais de production et des plannings transparents. Nos processus efficaces, de l'approvisionnement en mati\u00e8res premi\u00e8res \u00e0 l'usinage CNC et au montage final, minimisent les retards et maintiennent votre inventaire approvisionn\u00e9.<\/p>\n<p data-v-md-line=\"52\">\n<p data-path-to-node=\"6,0\"><b data-path-to-node=\"6,0\" data-index-in-node=\"0\">Compl\u00e9tez votre gamme de produits avec nos accessoires OEM compl\u00e9mentaires :<\/b><\/p>\n<ul data-path-to-node=\"6,1\">\n<li>\n<p data-path-to-node=\"6,1,0,0\">Prot\u00e9gez vos palettes haut de gamme avec notre <code data-path-to-node=\"6,1,0,0\" data-index-in-node=\"39\"><a href=\"https:\/\/nexapaddle.com\/fr\/pickleball-paddle-edge-guard-tape-supplier\/\">Fournisseur de Ruban de Protection pour Paddles Pickleball<\/a><\/code>.<\/p>\n<\/li>\n<li>\n<p data-path-to-node=\"6,1,1,0\">Gardez la surface en carbone impeccable pour un maximum de spin avec notre <code data-path-to-node=\"6,1,1,0\" data-index-in-node=\"60\"><a href=\"https:\/\/nexapaddle.com\/fr\/pickleball-paddle-eraser-cleaner-wholesale\/\">Vente en Gros de Nettoyant pour Paddles Pickleball<\/a><\/code>.<\/p>\n<\/li>\n<li>\n<p data-path-to-node=\"6,1,2,0\">Offrez une exp\u00e9rience de d\u00e9ballage premium avec <code data-path-to-node=\"6,1,2,0\" data-index-in-node=\"41\"><a href=\"https:\/\/nexapaddle.com\/fr\/custom-pickleball-paddle-bags-covers-oem\/\">Sacs et housses de raquettes de pickleball personnalis\u00e9s OEM<\/a><\/code>.<\/p>\n<\/li>\n<\/ul>\n<p><script src=\"chrome-extension:\/\/fpelahbljekknahkcaegamhcndkfpfnc\/iFrame.js\" type=\"text\/javascript\"><\/script><\/p>","protected":false},"excerpt":{"rendered":"<table data-v-md-line=\"56\">\n<thead>\n<tr>\n<th>Param\u00e8tre de sp\u00e9cification<\/th>\n<th>Plage de d\u00e9tails \/ personnalisation<\/th>\n<\/tr>\n<\/thead>\n<tbody>\n<tr>\n<td><strong>Mat\u00e9riau de la surface<\/strong><\/td>\n<td><a href=\"https:\/\/nexapaddle.com\/fr\/t700-carbon-fiber-paddles\/\">\/ tissage 3K &amp; 18K \/ fibre de verre<\/a> Nid d'abeille r\u00e9actif en polypropyl\u00e8ne de 13 mm \/ 16 mm \/ 20 mm<\/td>\n<\/tr>\n<tr>\n<td><strong>Mat\u00e9riau de c\u0153ur &amp; technologie<\/strong><\/td>\n<td>417x188 mm (elong\u00e9) \/ 400x200 mm (corps large) \/ Sur mesure<\/td>\n<\/tr>\n<tr>\n<td><strong>Dimensions (L x l)<\/strong><\/td>\n<td>220 g \u2013 235 g \/ 7,8 \u2013 8,3 oz (point d'\u00e9quilibre personnalisable)<\/td>\n<\/tr>\n<tr>\n<td><strong>Plage de poids<\/strong><\/td>\n<td>127 mm \u2013 140 mm \/ 4.0\u201d \u2013 4.5\u201d de circonf\u00e9rence \/ cuir PU<\/td>\n<\/tr>\n<tr>\n<td><strong>Longueur de la poign\u00e9e &amp; prise<\/strong><\/td>\n<td>Monocoque thermoform\u00e9<\/td>\n<\/tr>\n<tr>\n<td><strong>Processus de fabrication<\/strong><\/td>\n<td><a href=\"https:\/\/nexapaddle.com\/fr\/thermoformed-pickleball-paddles\/\">avec injection de mousse \/ Presse froide<\/a> Con\u00e7u pour r\u00e9pondre \u00e0 toutes les exigences techniques de l'USAPA<\/td>\n<\/tr>\n<tr>\n<td><strong>Conformit\u00e9 USAPA<\/strong><\/td>\n<td><a href=\"https:\/\/nexapaddle.com\/fr\/usapa-approved-paddles\/\">100-500 unit\u00e9s; contactez les ventes pour les minimums de marque blanche<\/a><\/td>\n<\/tr>\n<tr>\n<td><strong>MOQ pour personnalisation<\/strong><\/td>\n<td>\/ carbone 3K \/ fibre de verre<\/td>\n<\/tr>\n<\/tbody>\n<\/table>\n<h2 data-v-md-heading=\"technical-specifications\" data-v-md-line=\"63\"><\/h2>\n<p><script src=\"chrome-extension:\/\/fpelahbljekknahkcaegamhcndkfpfnc\/iFrame.js\" type=\"text\/javascript\"><\/script><\/p>","protected":false},"featured_media":2318,"template":"","meta":{"_acf_changed":false,"_kad_post_transparent":"default","_kad_post_title":"","_kad_post_layout":"default","_kad_post_sidebar_id":"","_kad_post_content_style":"default","_kad_post_vertical_padding":"default","_kad_post_feature":"","_kad_post_feature_position":"","_kad_post_header":false,"_kad_post_footer":false,"_kad_post_classname":""},"product_brand":[],"product_cat":[546,544,548,543,559,557,562,551,550,554,558],"product_tag":[],"class_list":{"0":"post-2219","1":"product","2":"type-product","3":"status-publish","4":"has-post-thumbnail","6":"product_cat-advanced-tech-thermoformed-paddles","7":"product_cat-carbon-fiber-pickleball-paddles","8":"product_cat-custom-oem-pickleball-paddles","9":"product_cat-paddles-by-material","10":"product_cat-paddles-by-performance","11":"product_cat-private-label-paddles","12":"product_cat-pro-advanced-pickleball-paddles","13":"product_cat-raw-carbon-pickleball-paddles","14":"product_cat-t700-carbon-fiber-paddles","15":"product_cat-thermoformed-pickleball-paddles","16":"product_cat-usapa-approved-paddles","18":"first","19":"instock","20":"shipping-taxable","21":"product-type-simple","22":"entry","23":"content-bg","24":"loop-entry"},"acf":[],"_links":{"self":[{"href":"https:\/\/nexapaddle.com\/fr\/wp-json\/wp\/v2\/product\/2219","targetHints":{"allow":["GET"]}}],"collection":[{"href":"https:\/\/nexapaddle.com\/fr\/wp-json\/wp\/v2\/product"}],"about":[{"href":"https:\/\/nexapaddle.com\/fr\/wp-json\/wp\/v2\/types\/product"}],"wp:featuredmedia":[{"embeddable":true,"href":"https:\/\/nexapaddle.com\/fr\/wp-json\/wp\/v2\/media\/2318"}],"wp:attachment":[{"href":"https:\/\/nexapaddle.com\/fr\/wp-json\/wp\/v2\/media?parent=2219"}],"wp:term":[{"taxonomy":"product_brand","embeddable":true,"href":"https:\/\/nexapaddle.com\/fr\/wp-json\/wp\/v2\/product_brand?post=2219"},{"taxonomy":"product_cat","embeddable":true,"href":"https:\/\/nexapaddle.com\/fr\/wp-json\/wp\/v2\/product_cat?post=2219"},{"taxonomy":"product_tag","embeddable":true,"href":"https:\/\/nexapaddle.com\/fr\/wp-json\/wp\/v2\/product_tag?post=2219"}],"curies":[{"name":"wp","href":"https:\/\/api.w.org\/{rel}","templated":true}]}}