{"id":2213,"date":"2026-04-03T11:48:26","date_gmt":"2026-04-03T11:48:26","guid":{"rendered":"https:\/\/nexapaddle.com\/?post_type=product&#038;p=2213"},"modified":"2026-04-05T16:04:22","modified_gmt":"2026-04-05T16:04:22","slug":"forged-t700-carbon-pickleball-paddle-factory","status":"publish","type":"product","link":"https:\/\/nexapaddle.com\/fr\/forged-t700-carbon-pickleball-paddle-factory\/","title":{"rendered":"Usine de pelles de pickleball en carbone T700 forg\u00e9 | Pelle de pickleball OEM professionnelle"},"content":{"rendered":"<h2 data-v-md-heading=\"understanding-the-t700-carbon-fiber-advantage\" data-v-md-line=\"3\">Comprendre l'avantage de la fibre de carbone T700<\/h2>\n<div style=\"width: 1280px;\" class=\"wp-video\"><video class=\"wp-video-shortcode\" id=\"video-2213-1\" width=\"1280\" height=\"720\" preload=\"metadata\" controls=\"controls\"><source type=\"video\/mp4\" src=\"https:\/\/nexapaddle.com\/wp-content\/uploads\/2026\/04\/Forged-T700-Carbon-Pickleball-Paddle-Factory-Professional-Pickleball-Paddle-OEM.mp4?_=1\" \/><a href=\"https:\/\/nexapaddle.com\/wp-content\/uploads\/2026\/04\/Forged-T700-Carbon-Pickleball-Paddle-Factory-Professional-Pickleball-Paddle-OEM.mp4\">https:\/\/nexapaddle.com\/wp-content\/uploads\/2026\/04\/Forged-T700-Carbon-Pickleball-Paddle-Factory-Professional-Pickleball-Paddle-OEM.mp4<\/a><\/video><\/div>\n<h3 data-v-md-heading=\"why-toray-t700-is-the-industry-standard-for-high-performance\" data-v-md-line=\"4\">Pourquoi le Toray T700 est la norme industrielle pour la haute performance<\/h3>\n<p data-v-md-line=\"5\">Les faces en fibre de carbone g\u00e9n\u00e9rique compromettent la durabilit\u00e9 et la sensation. Nous n'utilisons que de la fibre de carbone brute Toray T700 de premi\u00e8re qualit\u00e9, le m\u00eame mat\u00e9riau \u00e0 haute r\u00e9sistance \u00e0 la traction utilis\u00e9 par l'a\u00e9rospatiale et les meilleures marques du PPA Tour. En tant que fabricant de premier plan, nous offrons une durabilit\u00e9 d'impact in\u00e9gal\u00e9e. Ce choix apporte une durabilit\u00e9 d'impact in\u00e9gal\u00e9e et une sensation r\u00e9active, offrant \u00e0 vos clients un avantage tangible en performance et \u00e0 votre marque une r\u00e9putation de qualit\u00e9 d\u00e8s le premier coup. <a class=\"ng-star-inserted\" href=\"https:\/\/nexapaddle.com\/fr\/t700-carbon-fiber-paddles\/\" target=\"_blank\" rel=\"noopener\" data-hveid=\"0\" data-ved=\"0CAAQ_4QMahcKEwiSlPXhideTAxUAAAAAHQAAAAAQVw\">Raquettes en fibre de carbone T700<\/a> La science des surfaces en friction en carbone brut (RCF) pour un spin maximal<\/p>\n<h3 data-v-md-heading=\"the-science-of-raw-carbon-friction-surfaces-rcf-for-maximum-spin\" data-v-md-line=\"7\">Oubliez le grain peint qui s'use apr\u00e8s quelques matchs. Notre texture peel-ply fait partie int\u00e9grante de la feuille de carbone T700, cr\u00e9ant une surface micro-textur\u00e9e et \u00e0 haute friction. Ce processus exclusif maximise le coefficient de friction (COF) \u2013 bien dans les limites approuv\u00e9es par l'USAPA \u2013 pour g\u00e9n\u00e9rer un spin de niveau tournoi pour des frappes agressives et un contr\u00f4le pr\u00e9cis des drop shots.<\/h3>\n<p data-v-md-line=\"8\">Fabrication avanc\u00e9e : Le processus de forgeage &amp; thermoformage<\/p>\n<h2 data-v-md-heading=\"advanced-manufacturing-the-forging-thermoforming-process\" data-v-md-line=\"10\">Construction en uni-corps thermoform\u00e9 vs pressage \u00e0 froid traditionnel<\/h2>\n<h3 data-v-md-heading=\"thermoformed-uni-body-construction-vs-traditional-cold-pressing\" data-v-md-line=\"11\">De nombreuses raquettes souffrent d'\u00e9chec de r\u00e9sistance \u00e0 la d\u00e9lamination et de rupture du noyau en raison de m\u00e9thodes de pressage \u00e0 froid inf\u00e9rieures. Notre processus de construction thermoform\u00e9 forge la raquette sous une chaleur et une pression extr\u00eames, cr\u00e9ant un design uni-corps scell\u00e9. Cette construction en une seule pi\u00e8ce \u00e9limine les points faibles, pr\u00e9vient l'\u00e9crasement du noyau et augmente consid\u00e9rablement la dur\u00e9e de vie de la raquette, r\u00e9duisant les r\u00e9clamations de garantie et prot\u00e9geant l'int\u00e9grit\u00e9 de votre marque.<\/h3>\n<p data-v-md-line=\"12\">Bords inject\u00e9s de mousse : Augmentation de la zone douce et de la stabilit\u00e9<\/p>\n<h3 data-v-md-heading=\"foam-injected-edges-expanding-the-sweet-spot-and-stability\" data-v-md-line=\"14\">Les points morts pr\u00e8s du garde-bord sont une plainte courante des joueurs. En injectant de la mousse EVA haute densit\u00e9 le long du p\u00e9rim\u00e8tre de la raquette, nous ajoutons un poids p\u00e9riph\u00e9rique critique. Cette technologie augmente consid\u00e9rablement le poids de swing et le poids de torsion, ce qui \u00e9largit la zone douce sur toute la face et offre une absorption des chocs sup\u00e9rieure. Le r\u00e9sultat est une sensation de raquette plus tol\u00e9rante et \u00e9quilibr\u00e9e que les joueurs adorent.<\/h3>\n<p data-v-md-line=\"15\">Mat\u00e9riaux de noyau : Le r\u00f4le du nid d'abeille en polypropyl\u00e8ne dans l'amortissement<\/p>\n<h3 data-v-md-heading=\"core-materials-the-role-of-polypropylene-honeycomb-in-dampening\" data-v-md-line=\"17\">Le noyau de la raquette dicte sa sensation et son son. Nous utilisons des noyaux en nid d'abeille en polypropyl\u00e8ne sp\u00e9cialement con\u00e7us, disponibles en options de noyau \u00e9pais de 16 mm et de noyau fin de 13 mm. Le noyau de 16 mm excelle dans la r\u00e9duction des vibrations, offrant une sensation de raquette douce et ax\u00e9e sur le contr\u00f4le, id\u00e9ale pour les joueurs qui se concentrent sur la remise en jeu. Ce mat\u00e9riau de noyau est le c\u0153ur d'une raquette de qualit\u00e9 professionnelle.<\/h3>\n<p data-v-md-line=\"18\">Personnalisation et solutions de marque priv\u00e9e (OEM\/ODM)<\/p>\n<h2 data-v-md-heading=\"customization-and-private-label-oem-odm-solutions\" data-v-md-line=\"20\">Concevoir pour la performance : Formes de raquette allong\u00e9es vs standard<\/h2>\n<h3 data-v-md-heading=\"designing-for-performance-elongated-vs-standard-paddle-shapes\" data-v-md-line=\"21\">Votre marque a besoin d'une ligne de produits distincte. Nos services de conception ODM vous permettent de choisir parmi plusieurs profils \u00e9prouv\u00e9s, y compris le populaire<\/h3>\n<p data-v-md-line=\"22\">Raquettes de pickleball allong\u00e9es <a class=\"ng-star-inserted\" href=\"https:\/\/nexapaddle.com\/fr\/elongated-pickleball-paddles-b2b-supplier\/\" target=\"_blank\" rel=\"noopener\" data-hveid=\"0\" data-ved=\"0CAAQ_4QMahcKEwiSlPXhideTAxUAAAAAHQAAAAAQWA\">forme pour une port\u00e9e maximale et de la puissance, ou un profil de raquette en goutte d'eau traditionnel pour une vitesse de main plus rapide. Nous vous guidons \u00e0 travers les compromis de performance pour correspondre \u00e0 votre public cible, des joueurs de tournoi agressifs aux passionn\u00e9s de club.<\/a> Options d'\u00e9paisseur : Choisir entre 13 mm de puissance et 16 mm de contr\u00f4le<\/p>\n<h3 data-v-md-heading=\"thickness-options-choosing-between-13mm-power-and-16mm-control\" data-v-md-line=\"24\">L'\u00e9paisseur de la raquette est un facteur cl\u00e9 de diff\u00e9renciation. Un profil de noyau fin de 13 mm offre une raquette ax\u00e9e sur la puissance avec plus de retour et de dynamisme, parfait pour les joueurs avec une vitesse de main rapide. En revanche, le noyau \u00e9pais de 16 mm offre une raquette ax\u00e9e sur le contr\u00f4le avec une zone douce plus grande et plus de sensations pour dinks et drops. Nous vous permettons d'offrir les deux, \u00e9largissant votre attrait sur le march\u00e9.<\/h3>\n<p data-v-md-line=\"25\">Marquage de votre raquette : Impression UV et designs de grip personnalis\u00e9s<\/p>\n<h3 data-v-md-heading=\"branding-your-paddle-uv-printing-and-custom-grip-designs\" data-v-md-line=\"27\">En tant que principal fabricant de raquettes en Chine situ\u00e9 \u00e0 Dongguan, nous offrons une fabrication de marque priv\u00e9e compl\u00e8te. Notre technologie d'impression UV avanc\u00e9e garantit que vos graphiques sont vibrants. Nous proposons \u00e9galement<\/h3>\n<p data-v-md-line=\"28\">pour une protection et un marquage suppl\u00e9mentaires. Nous offrons une personnalisation compl\u00e8te, de la protection du garde-bord \u00e0 la poign\u00e9e ergo-grip, garantissant que votre produit final est 100 % unique \u00e0 votre marque. <a class=\"ng-star-inserted\" href=\"https:\/\/nexapaddle.com\/fr\/pickleball-paddle-edge-guard-tape-supplier\/\" target=\"_blank\" rel=\"noopener\" data-hveid=\"0\" data-ved=\"0CAAQ_4QMahcKEwiSlPXhideTAxUAAAAAHQAAAAAQWQ\">Ruban de protection pour raquette de pickleball<\/a> Assurance qualit\u00e9 et certification USAPA<\/p>\n<h2 data-v-md-heading=\"quality-assurance-and-usapa-certification\" data-v-md-line=\"30\">Tests rigoureux pour la durabilit\u00e9 du grain de surface et l'int\u00e9grit\u00e9 du noyau<\/h2>\n<h3 data-v-md-heading=\"rigorous-testing-for-surface-grit-durability-and-core-integrity\" data-v-md-line=\"31\">Chaque s\u00e9rie de production subit<\/h3>\n<p data-v-md-line=\"32\">une inspection de contr\u00f4le qualit\u00e9 (CQ) en 12 points <b data-path-to-node=\"17,3,0\" data-index-in-node=\"36\">, y compris des tests d'abrasion de grain de surface et une analyse de stress de d\u00e9lamination bas\u00e9e sur des normes ISO 9001. Nous testons l'abrasion de grain de surface, la d\u00e9lamination sous stress et l'int\u00e9grit\u00e9 du noyau apr\u00e8s des milliers d'impact. Cet engagement garantit que chacune de vos commandes de raquettes en gros respecte les normes de performance les plus \u00e9lev\u00e9es.<\/b>Naviguer dans les exigences de l'USAP pour l'approbation des tournois<\/p>\n<h3 data-v-md-heading=\"navigating-usa-pickleball-requirements-for-tournament-approval\" data-v-md-line=\"34\">Atteindre le statut l\u00e9gal de tournoi est non n\u00e9gociable. Nous concevons chaque raquette pour r\u00e9pondre aux directives strictes de l'Association de pickleball des \u00c9tats-Unis (USAPA). Notre \u00e9quipe de R&amp;D s'assure que votre conception de raquette passera tous les tests n\u00e9cessaires dans des laboratoires approuv\u00e9s par l'USAPA, de la rugosit\u00e9 de surface \u00e0 la d\u00e9viation, rendant votre produit instantan\u00e9ment cr\u00e9dible. Explorez notre gamme compl\u00e8te de<\/h3>\n<p data-v-md-line=\"35\">pour trouver l'ajustement parfait pour votre marque. <a class=\"ng-star-inserted\" href=\"https:\/\/nexapaddle.com\/fr\/usapa-approved-paddles\/\" target=\"_blank\" rel=\"noopener\" data-hveid=\"0\" data-ved=\"0CAAQ_4QMahcKEwiSlPXhideTAxUAAAAAHQAAAAAQWg\">Raquettes approuv\u00e9es par l'USAPA<\/a> Normes QC d'usine : Garantir la coh\u00e9rence dans chaque lot<\/p>\n<h3 data-v-md-heading=\"factory-qc-standards-ensuring-consistency-in-every-batch\" data-v-md-line=\"37\">Avec plus de 10 ans d'exp\u00e9rience en R&amp;D<\/h3>\n<p data-v-md-line=\"38\"><b data-path-to-node=\"17,1,0\" data-index-in-node=\"5\">, nous comprenons que la production incoh\u00e9rente peut ruiner la r\u00e9putation d'une marque. Notre installation \u00e0 la pointe de la technologie \u00e0 Dongguan utilise l'usinage CNC, Notre installation \u00e0 la pointe de la technologie utilise l'usinage CNC et des processus automatis\u00e9s pour garantir l'uniformit\u00e9 dans chaque raquette. Lorsque vous passez des commandes de raquettes en gros chez NexaPaddle, vous pouvez \u00eatre s\u00fbr que la milli\u00e8me raquette performera identiquement \u00e0 la premi\u00e8re.<\/b>\u00c9voluer votre entreprise avec un partenaire d'usine fiable<\/p>\n<h2 data-v-md-heading=\"scaling-your-business-with-a-reliable-factory-partner\" data-v-md-line=\"40\">D\u00e9lais de livraison et capacit\u00e9 de production pour la distribution mondiale<\/h2>\n<h3 data-v-md-heading=\"lead-times-and-production-capacity-for-global-distribution\" data-v-md-line=\"41\">Situ\u00e9s au c\u0153ur de la fabrication de la province du Guangdong, nous sommes un fournisseur OEM \u00e9prouv\u00e9 avec la capacit\u00e9 de g\u00e9rer des commandes globales \u00e0 grande \u00e9chelle. Notre cha\u00eene d'approvisionnement rationalis\u00e9e garantit des d\u00e9lais de livraison fiables, vous aidant \u00e0 g\u00e9rer l'inventaire pour des plateformes comme Amazon Marketplace ou pour une distribution aupr\u00e8s de grands d\u00e9taillants.<\/h3>\n<p data-v-md-line=\"42\">Mod\u00e8les de prix de gros et strat\u00e9gies MOQ pour les nouvelles marques<\/p>\n<h3 data-v-md-heading=\"wholesale-pricing-models-and-moq-strategies-for-new-brands\" data-v-md-line=\"44\">Nous offrons des prix de gros comp\u00e9titifs pour maximiser votre retour sur investissement. Bien que notre MOQ standard refl\u00e8te notre engagement envers des mat\u00e9riaux de qualit\u00e9, nous proposons des strat\u00e9gies flexibles pour les marques nouvelles et en croissance. Contactez notre \u00e9quipe de ventes B2B pour discuter de vos objectifs de fabrication de marque priv\u00e9e et recevoir un devis personnalis\u00e9 adapt\u00e9 \u00e0 vos besoins commerciaux.<\/h3>\n<p data-v-md-line=\"45\">We offer competitive wholesale pricing to maximize your ROI. While our standard MOQ reflects our commitment to quality materials, we offer flexible strategies for new and growing brands. Contact our B2B sales team to discuss your private label manufacturing goals and receive a custom quote tailored to your business needs.<\/p>\n<p><script src=\"chrome-extension:\/\/fpelahbljekknahkcaegamhcndkfpfnc\/iFrame.js\" type=\"text\/javascript\"><\/script><\/p>","protected":false},"excerpt":{"rendered":"<table data-v-md-line=\"49\">\n<thead>\n<tr>\n<th>Param\u00e8tre de sp\u00e9cification<\/th>\n<th>Plage de d\u00e9tails \/ personnalisation<\/th>\n<\/tr>\n<\/thead>\n<tbody>\n<tr>\n<td><strong>Mat\u00e9riau de la surface<\/strong><\/td>\n<td>Fibre de carbone brut Toray T700 \/ T300 Carbone \/ Fibre de verre<\/td>\n<\/tr>\n<tr>\n<td><strong>Mat\u00e9riau de c\u0153ur &amp; technologie<\/strong><\/td>\n<td>Nid d'abeille en polypropyl\u00e8ne de 13 mm ou 16 mm<\/td>\n<\/tr>\n<tr>\n<td><strong>Dimensions (L x l)<\/strong><\/td>\n<td>417 mm x 188 mm (allong\u00e9); <a class=\"ng-star-inserted\" href=\"https:\/\/nexapaddle.com\/fr\/custom-oem-pickleball-paddles\/\" target=\"_blank\" rel=\"noopener\" data-hveid=\"0\" data-ved=\"0CAAQ_4QMahcKEwiSlPXhideTAxUAAAAAHQAAAAAQXA\">Formes personnalis\u00e9es<\/a> Disponible<\/td>\n<\/tr>\n<tr>\n<td><strong>Plage de poids<\/strong><\/td>\n<td>220 g \u2013 235 g \/ 7,8 \u2013 8,3 oz<\/td>\n<\/tr>\n<tr>\n<td><strong>Longueur de la poign\u00e9e &amp; prise<\/strong><\/td>\n<td>139 mm (5,5 in) de longueur \/ 108 mm (4,25 in) de circonf\u00e9rence<\/td>\n<\/tr>\n<tr>\n<td><strong>Processus de fabrication<\/strong><\/td>\n<td><a href=\"https:\/\/nexapaddle.com\/fr\/thermoformed-pickleball-paddles\/\">Thermoform\u00e9<\/a> Monocoque avec bords inject\u00e9s de mousse<\/td>\n<\/tr>\n<tr>\n<td><strong>Conformit\u00e9 USAPA<\/strong><\/td>\n<td>Con\u00e7u pour r\u00e9ussir les tests de taille, de rugosit\u00e9, de COF et de flexion<\/td>\n<\/tr>\n<tr>\n<td><strong>MOQ pour personnalisation<\/strong><\/td>\n<td>Contactez les ventes pour les minimums de marque priv\u00e9e<\/td>\n<\/tr>\n<\/tbody>\n<\/table>\n<p><script src=\"chrome-extension:\/\/fpelahbljekknahkcaegamhcndkfpfnc\/iFrame.js\" type=\"text\/javascript\"><\/script><\/p>","protected":false},"featured_media":2287,"template":"","meta":{"_acf_changed":false,"_kad_post_transparent":"default","_kad_post_title":"","_kad_post_layout":"default","_kad_post_sidebar_id":"","_kad_post_content_style":"default","_kad_post_vertical_padding":"default","_kad_post_feature":"","_kad_post_feature_position":"","_kad_post_header":false,"_kad_post_footer":false,"_kad_post_classname":""},"product_brand":[],"product_cat":[546,544,548,543,559,563,564,557,562,551,550,554,558],"product_tag":[],"class_list":{"0":"post-2213","1":"product","2":"type-product","3":"status-publish","4":"has-post-thumbnail","6":"product_cat-advanced-tech-thermoformed-paddles","7":"product_cat-carbon-fiber-pickleball-paddles","8":"product_cat-custom-oem-pickleball-paddles","9":"product_cat-paddles-by-material","10":"product_cat-paddles-by-performance","11":"product_cat-playstyle-specific-paddles","12":"product_cat-power-pickleball-paddles","13":"product_cat-private-label-paddles","14":"product_cat-pro-advanced-pickleball-paddles","15":"product_cat-raw-carbon-pickleball-paddles","16":"product_cat-t700-carbon-fiber-paddles","17":"product_cat-thermoformed-pickleball-paddles","18":"product_cat-usapa-approved-paddles","20":"first","21":"instock","22":"shipping-taxable","23":"product-type-simple","24":"entry","25":"content-bg","26":"loop-entry"},"acf":[],"_links":{"self":[{"href":"https:\/\/nexapaddle.com\/fr\/wp-json\/wp\/v2\/product\/2213","targetHints":{"allow":["GET"]}}],"collection":[{"href":"https:\/\/nexapaddle.com\/fr\/wp-json\/wp\/v2\/product"}],"about":[{"href":"https:\/\/nexapaddle.com\/fr\/wp-json\/wp\/v2\/types\/product"}],"wp:featuredmedia":[{"embeddable":true,"href":"https:\/\/nexapaddle.com\/fr\/wp-json\/wp\/v2\/media\/2287"}],"wp:attachment":[{"href":"https:\/\/nexapaddle.com\/fr\/wp-json\/wp\/v2\/media?parent=2213"}],"wp:term":[{"taxonomy":"product_brand","embeddable":true,"href":"https:\/\/nexapaddle.com\/fr\/wp-json\/wp\/v2\/product_brand?post=2213"},{"taxonomy":"product_cat","embeddable":true,"href":"https:\/\/nexapaddle.com\/fr\/wp-json\/wp\/v2\/product_cat?post=2213"},{"taxonomy":"product_tag","embeddable":true,"href":"https:\/\/nexapaddle.com\/fr\/wp-json\/wp\/v2\/product_tag?post=2213"}],"curies":[{"name":"wp","href":"https:\/\/api.w.org\/{rel}","templated":true}]}}