{"id":2211,"date":"2026-04-03T11:24:38","date_gmt":"2026-04-03T11:24:38","guid":{"rendered":"https:\/\/nexapaddle.com\/?post_type=product&#038;p=2211"},"modified":"2026-04-06T00:03:18","modified_gmt":"2026-04-06T00:03:18","slug":"custom-kevlar-carbon-pickleball-paddle-oem","status":"publish","type":"product","link":"https:\/\/nexapaddle.com\/fr\/custom-kevlar-carbon-pickleball-paddle-oem\/","title":{"rendered":"Pelle de pickleball en carbone Kevlar personnalis\u00e9e OEM | Pelle de pickleball OEM professionnelle"},"content":{"rendered":"<h2 data-v-md-heading=\"comprehensive-guide-to-custom-kevlar-carbon-pickleball-paddle-oem\" data-v-md-line=\"3\">Guide complet sur le paddle de pickleball en Kevlar et Carbone personnalis\u00e9 OEM<\/h2>\n<h3 data-v-md-heading=\"the-synergy-of-kevlar-and-carbon-fiber-in-paddle-construction\" data-v-md-line=\"4\">La synergie du Kevlar et de la fibre de carbone dans la construction des paddles<\/h3>\n<p data-v-md-line=\"5\">Le paysage moderne du pickleball exige un \u00e9quipement offrant un m\u00e9lange calcul\u00e9 de puissance, de contr\u00f4le et de r\u00e9silience. Alors que les mod\u00e8les standards <a class=\"ng-star-inserted\" href=\"https:\/\/nexapaddle.com\/fr\/carbon-fiber-pickleball-paddles\/\" target=\"_blank\" rel=\"noopener\" data-hveid=\"0\" data-ved=\"0CAAQ_4QMahgKEwj1memV9NeTAxUAAAAAHQAAAAAQ5QE\">Raquettes de pickleball en fibre de carbone<\/a> offrent une rigidit\u00e9 et un effet de rotation exceptionnels, ils peuvent \u00eatre cassants sous des impacts \u00e0 haute vitesse soutenus. C'est ici que notre science des mat\u00e9riaux de surface hybride offre un avantage concurrentiel distinct. En tissant le Kevlar\u00ae de DuPont\u2122\u2014une fibre aramide reconnue pour son utilisation dans la protection balistique\u2014avec des feuilles brutes de fibre de carbone Toray T700, nous cr\u00e9ons un visage composite avec une r\u00e9sistance aux impacts sans pareille et un amortissement des vibrations. La fibre de carbone maintient la surface rigide avec un potentiel de rotation \u00e9lev\u00e9 que les joueurs exigent, tandis que la fibre aramide disperse l'\u00e9nergie d'impact, \u00e9liminant les retours d'informations durs et la d\u00e9faillance du noyau courants dans des paddles de moindre qualit\u00e9.<\/p>\n<h3 data-v-md-heading=\"why-custom-aramid-fiber-blends-are-trending-in-2024\" data-v-md-line=\"7\">Pourquoi les m\u00e9langes de fibres aramides personnalis\u00e9s sont \u00e0 la mode en 2024<\/h3>\n<p data-v-md-line=\"8\">Des marques avis\u00e9es et des joueurs professionnels passent au-del\u00e0 des designs en mat\u00e9riaux uniques. Le march\u00e9 est satur\u00e9 de paddles en fibre de carbone g\u00e9n\u00e9riques; la diff\u00e9renciation vient d\u00e9sormais d'une ing\u00e9nierie sup\u00e9rieure et de la sensation. Un tissage de fibres aramides introduit un niveau de contr\u00f4le et de confort pour le bras que le carbone pur ne peut \u00e9galer. Cette construction hybride donne lieu \u00e0 une construction de paddle plus durable avec un point sucr\u00e9 significativement \u00e9largi. Pour votre marque, cela se traduit par un produit premium qui exige un prix plus \u00e9lev\u00e9 et b\u00e2tit une r\u00e9putation de qualit\u00e9 et d'innovation, vous pla\u00e7ant aux c\u00f4t\u00e9s des leaders de l'industrie comme JOOLA et Selkirk Sport.<\/p>\n<h2 data-v-md-heading=\"advantages-of-partnering-with-an-oem-pickleball-manufacturer\" data-v-md-line=\"10\">Avantages de s'associer avec un fabricant de pickleball OEM<\/h2>\n<h3 data-v-md-heading=\"from-concept-to-pro-player-the-private-label-process\" data-v-md-line=\"11\">Du concept au joueur professionnel : le processus de marque priv\u00e9e<\/h3>\n<p data-v-md-line=\"12\">En tant que fournisseur sp\u00e9cialis\u00e9 de paddles OEM, NexaPaddle offre une solution de bout en bout <a class=\"ng-star-inserted\" href=\"https:\/\/nexapaddle.com\/fr\/private-label-paddles\/\" target=\"_blank\" rel=\"noopener\" data-hveid=\"0\" data-ved=\"0CAAQ_4QMahgKEwj1memV9NeTAxUAAAAAHQAAAAAQ6QE\">Raquettes de marque priv\u00e9e<\/a> pour transformer votre vision en \u00e9quipement pr\u00eat pour le tournoi. S'appuyant sur plus d'une d\u00e9cennie d'exp\u00e9rience dans la fabrication de sports de raquette, notre processus commence par une analyse approfondie des objectifs de performance de votre marque. Nous attribuons un ing\u00e9nieur R&amp;D d\u00e9di\u00e9 pour traduire votre vision en conceptions CAD pr\u00e9cises, garantissant une distribution optimale du poids et du poids de swing, que ce soit pour un contr\u00f4le strat\u00e9gique ou une puissance agressive. Tirant parti de nos capacit\u00e9s dans la conception de moules de paddles personnalis\u00e9s et de l'usinage CNC, nous prototypes, testons et perfectionnons. Votre propri\u00e9t\u00e9 intellectuelle est prot\u00e9g\u00e9e alors que nous g\u00e9rons tout, de l'approvisionnement en mat\u00e9riaux \u00e0 l'application de l'impression de votre logo personnalis\u00e9 via une technologie d'impression num\u00e9rique UV de haute fid\u00e9lit\u00e9, garantissant un produit pr\u00eat pour le march\u00e9 dans des d\u00e9lais record.<\/p>\n<h3 data-v-md-heading=\"navigating-moqs-and-wholesale-pricing-for-startup-brands\" data-v-md-line=\"14\">Naviguer dans les MOQ et les prix de gros pour les marques \u00e9mergentes<\/h3>\n<p data-v-md-line=\"15\">Nous comprenons les d\u00e9fis de la gestion des stocks et des flux de tr\u00e9sorerie, en particulier pour les marques \u00e9mergentes d'\u00e9quipement de pickleball de marque priv\u00e9e. Contrairement aux usines massives et rigides, nous structurons nos MOQ pour faciliter l'entr\u00e9e sur le march\u00e9 et l'\u00e9volutivit\u00e9. Nous offrons des prix de paddles de pickleball de gros transparents et bas\u00e9s sur le volume qui am\u00e9liorent votre retour sur investissement \u00e0 mesure que votre distribution cro\u00eet. Nos \u00e9quipes de vente et de logistique sont des experts dans la pr\u00e9paration FBA et l'ex\u00e9cution mondiale, rationalisant votre cha\u00eene d'approvisionnement depuis notre centre de production \u00e0 Dongguan directement jusqu'aux mains de vos clients, que ce soit sur le march\u00e9 am\u00e9ricain ou \u00e0 l'international.<\/p>\n<h2 data-v-md-heading=\"technical-specifications-and-core-technologies\" data-v-md-line=\"17\">Sp\u00e9cifications Techniques et Technologies de Noyau<\/h2>\n<h3 data-v-md-heading=\"exploring-toray-t700-surface-textures-for-maximum-spin\" data-v-md-line=\"18\">Explorer les textures de surface Toray T700 pour un maximum de rotation<\/h3>\n<p data-v-md-line=\"19\">La capacit\u00e9 d'un paddle \u00e0 g\u00e9n\u00e9rer de la rotation est directement fonction de sa friction de surface. Alors que de nombreuses usines utilisent des mat\u00e9riaux g\u00e9n\u00e9riques, nous sour\u00e7ons exclusivement de la fibre de carbone Toray T700 unidirectionnelle, la norme d'or dans l'a\u00e9rospatiale et les \u00e9quipements sportifs professionnels. Notre m\u00e9thode de pressage \u00e0 chaud propri\u00e9taire cr\u00e9e une surface rugueuse en carbone brut avec une texture pr\u00e9cis\u00e9ment calibr\u00e9e. Cette technologie de surface textur\u00e9e maximise le coefficient de friction (COF) dans les limites de l'USAPA, permettant au paddle de mordre la balle et de g\u00e9n\u00e9rer une rotation d\u00e9vastatrice pour les coups et les services.<\/p>\n<p data-v-md-line=\"19\">Pour maintenir cette rugosit\u00e9 de carbone brut \u00e0 haute friction au fil du temps, nous recommandons vivement d'offrir \u00e0 vos clients notre <a class=\"ng-star-inserted\" href=\"https:\/\/nexapaddle.com\/fr\/pickleball-paddle-eraser-cleaner-wholesale\/\" target=\"_blank\" rel=\"noopener\" data-hveid=\"0\" data-ved=\"0CAAQ_4QMahgKEwj1memV9NeTAxUAAAAAHQAAAAAQ6AE\">Gomme nettoyante pour pelle de pickleball en gros | Pelle de pickleball OEM professionnelle<\/a> comme un ajout essentiel \u00e0 l'entretien.<\/p>\n<h3 data-v-md-heading=\"honeycomb-core-innovation-13mm-vs-16mm-polypropylene\" data-v-md-line=\"21\">Innovation de Noyau Alv\u00e9ole : Polypropyl\u00e8ne 13 mm vs 16 mm<\/h3>\n<p data-v-md-line=\"22\">Le moteur de tout paddle est son noyau. Notre technologie de noyau alv\u00e9ole en polypropyl\u00e8ne r\u00e9actif est con\u00e7ue pour des performances optimales. Un noyau de puissance de 13 mm offre un pop explosif et de la puissance pour les joueurs qui dominent depuis la ligne de fond. Pour les marques visant le segment du contr\u00f4le et du toucher, l'\u00e9paisseur du noyau de 16 mm offre un amortissement des vibrations sup\u00e9rieur et une r\u00e9ponse plus tol\u00e9rante. Cette optimisation du point sucr\u00e9 \u00e9largi r\u00e9duit les frappes manqu\u00e9es et fournit la sensation constante que les joueurs de haut niveau n\u00e9cessitent.<\/p>\n<h3 data-v-md-heading=\"thermoformed-vs-foam-injected-edge-technology\" data-v-md-line=\"24\">Technologie de Bords Thermoform\u00e9s vs Inject\u00e9s de Mousse<\/h3>\n<p data-v-md-line=\"25\">La construction standard des paddles est marqu\u00e9e par un point de d\u00e9faillance critique : la protection des bords. Les protections coll\u00e9es se d\u00e9laminent fr\u00e9quemment, et les p\u00e9rim\u00e8tres creux entra\u00eenent une sensation morte et instable. Notre <a class=\"ng-star-inserted\" href=\"https:\/\/nexapaddle.com\/fr\/thermoformed-pickleball-paddles\/\" target=\"_blank\" rel=\"noopener\" data-hveid=\"0\" data-ved=\"0CAAQ_4QMahgKEwj1memV9NeTAxUAAAAAHQAAAAAQ5gE\">Raquettes de pickleball thermoform\u00e9es<\/a> processus, combin\u00e9 avec des bords inject\u00e9s de mousse, cr\u00e9e un cadre en polym\u00e8re renforc\u00e9 de carbone (CFRP) scell\u00e9 et en unibody. Cette technologie de protection des bords int\u00e9gr\u00e9e augmente consid\u00e9rablement la stabilit\u00e9 et la durabilit\u00e9 du paddle, prot\u00e9geant le noyau alv\u00e9ole d'\u00e9crasement et garantissant que votre produit r\u00e9siste \u00e0 des milliers d'impacts.<\/p>\n<h2 data-v-md-heading=\"designing-your-signature-pickleball-paddle\" data-v-md-line=\"27\">Concevoir votre paddle de pickleball signature<\/h2>\n<h3 data-v-md-heading=\"customizing-handle-ergonomics-and-grip-materials\" data-v-md-line=\"28\">Personnaliser l'ergonomie de la poign\u00e9e et les mat\u00e9riaux de prise<\/h3>\n<p data-v-md-line=\"29\">La seule connexion d'un joueur au paddle est la poign\u00e9e, rendant son design critique. Nous offrons une personnalisation compl\u00e8te de la longueur de la poign\u00e9e, des poign\u00e9es plus courtes pour les joueurs de tennis de table aux poign\u00e9es de paddle allong\u00e9es pour des revers \u00e0 deux mains. Choisissez parmi de multiples options de circonf\u00e9rence de prise et mat\u00e9riaux, y compris notre prise anti-transpiration personnalisable, qui offre une sensation collante et confortable pour une manipulation confiante pendant le jeu intensif.<\/p>\n<h3 data-v-md-heading=\"graphic-design-options-uv-printing-vs-silk-screen\" data-v-md-line=\"31\">Options de Design Graphique : Impression UV vs S\u00e9rigraphie<\/h3>\n<p data-v-md-line=\"32\">L'identit\u00e9 visuelle de votre marque doit \u00eatre nette et durable. Nous utilisons une technologie d'impression num\u00e9rique UV de pointe, qui durcit l'encre directement sur la face du paddle pour des graphismes vibrants et en couleur int\u00e9grale qui r\u00e9sistent aux \u00e9clats et \u00e0 l'effacement. Pour les designs n\u00e9cessitant un appariement de couleurs sp\u00e9cifique ou une esth\u00e9tique classique, notre application d'impression s\u00e9rigraphi\u00e9e pr\u00e9cise offre une finition robuste et professionnelle. Nous veillons \u00e0 ce que votre design de paddle personnalis\u00e9 refl\u00e8te la qualit\u00e9 premium de sa construction.<\/p>\n<p data-v-md-line=\"32\">Pour compl\u00e9ter l'exp\u00e9rience premium de d\u00e9ballage de votre marque, associez vos paddles personnalis\u00e9s avec notre <a class=\"ng-star-inserted\" href=\"https:\/\/nexapaddle.com\/fr\/custom-pickleball-paddle-bags-covers-oem\/\" target=\"_blank\" rel=\"noopener\" data-hveid=\"0\" data-ved=\"0CAAQ_4QMahgKEwj1memV9NeTAxUAAAAAHQAAAAAQ5wE\">Sacs et Housses de Paddle de Pickleball Personnalis\u00e9s OEM | Paddle de Pickleball Professionnel OEM<\/a> pour prot\u00e9ger la surface du paddle et augmenter votre marge de vente au d\u00e9tail.<\/p>\n<h2 data-v-md-heading=\"quality-assurance-and-industry-standards\" data-v-md-line=\"34\">Assurance Qualit\u00e9 et Normes Industrielles<\/h2>\n<h3 data-v-md-heading=\"meeting-usapa-equipment-requirements-for-professional-play\" data-v-md-line=\"35\">Respect des exigences d'\u00e9quipement de l'USAPA pour un jeu professionnel<\/h3>\n<p data-v-md-line=\"36\">La cr\u00e9dibilit\u00e9 sur le march\u00e9 est non n\u00e9gociable. En tant que partenaire de fabrication de sports de raquette de premier plan, chaque paddle que nous produisons est con\u00e7u pour \u00eatre enti\u00e8rement conforme aux sp\u00e9cifications techniques de l'USA Pickleball (USAPA). Nous testons m\u00e9ticuleusement chaque lot de production dans notre laboratoire de contr\u00f4le qualit\u00e9 interne \u00e0 Dongguan. Nous contr\u00f4lons rigoureusement le poids statique du paddle (avec une tol\u00e9rance stricte de \u00b10.1 oz), les points d'\u00e9quilibre pr\u00e9cis, la rugosit\u00e9 de surface conforme \u00e0 l'USAPA (limites de micro-texture RT et RZ), et la d\u00e9flexion du noyau. Nous fournissons un rapport de test de lot complet avec votre envoi pour garantir que votre \u00e9quipement est pr\u00eat pour le tournoi et sans d\u00e9faut d\u00e8s sa sortie de l'emballage. S'associer avec un fabricant approuv\u00e9 par l'USAPA prot\u00e8ge votre marque et offre \u00e0 vos clients la tranquillit\u00e9 d'esprit.<\/p>\n<h3 data-v-md-heading=\"durability-testing-impact-resistance-and-delamination-prevention\" data-v-md-line=\"38\">Test de Durabilit\u00e9 : R\u00e9sistance aux impacts et pr\u00e9vention de la d\u00e9lamination<\/h3>\n<p data-v-md-line=\"39\">Notre engagement envers la qualit\u00e9 est valid\u00e9 par des protocoles de test internes rigoureux qui d\u00e9passent les normes de l'industrie. Chaque design de paddle subit des tests de stress qui simulent une utilisation agressive \u00e0 long terme. Nous analysons la d\u00e9lamination, l'\u00e9crasement du noyau et l'int\u00e9grit\u00e9 de la poign\u00e9e pour identifier et \u00e9liminer les points de d\u00e9faillance potentiels avant le d\u00e9but de la production de masse. Cet accent mis sur la construction durable du paddle assure un taux de retour plus bas pour votre entreprise et un produit sup\u00e9rieur pour l'utilisateur final.<\/p>\n<p><script src=\"chrome-extension:\/\/fpelahbljekknahkcaegamhcndkfpfnc\/iFrame.js\" type=\"text\/javascript\"><\/script><\/p>","protected":false},"excerpt":{"rendered":"<h2 data-v-md-heading=\"technical-specifications\" data-v-md-line=\"41\"><span style=\"font-size: 17px; font-weight: 400;\">\u00c9levez l'avantage concurrentiel de votre marque avec notre hybride Kevlar premium et <\/span><a style=\"font-size: 17px; font-weight: 400;\" href=\"https:\/\/nexapaddle.com\/fr\/t700-carbon-fiber-paddles\/\">Raquettes en fibre de carbone T700<\/a><span style=\"font-size: 17px; font-weight: 400;\">. Con\u00e7u pour un approvisionnement B2B avanc\u00e9, ceux-ci <\/span><a style=\"font-size: 17px; font-weight: 400;\" href=\"https:\/\/nexapaddle.com\/fr\/usapa-approved-paddles\/\">Raquettes approuv\u00e9es par l'USAPA<\/a><span style=\"font-size: 17px; font-weight: 400;\">\u00a0pr\u00e9sentent un unibody thermoform\u00e9 et un noyau r\u00e9actif de 16 mm, offrant l'\u00e9quilibre ultime entre puissance et amortissement des vibrations pour un jeu professionnel.<\/span><\/h2>\n<table data-v-md-line=\"43\">\n<thead>\n<tr>\n<th>Param\u00e8tre de sp\u00e9cification<\/th>\n<th>Plage de d\u00e9tails \/ personnalisation<\/th>\n<\/tr>\n<\/thead>\n<tbody>\n<tr>\n<td><strong>Mat\u00e9riau de la surface<\/strong><\/td>\n<td><a href=\"https:\/\/nexapaddle.com\/fr\/raw-carbon-pickleball-paddles\/\">Fibre de carbone Toray T700<\/a> \/ Tissage hybride DuPont\u2122 Kevlar\u00ae<\/td>\n<\/tr>\n<tr>\n<td><strong>Mat\u00e9riau de c\u0153ur &amp; technologie<\/strong><\/td>\n<td>Alv\u00e9ole en polypropyl\u00e8ne r\u00e9actif de 16 mm<\/td>\n<\/tr>\n<tr>\n<td><strong>Dimensions (L x l)<\/strong><\/td>\n<td>417 mm x 188 mm (forme allong\u00e9e)<\/td>\n<\/tr>\n<tr>\n<td><strong>Plage de poids<\/strong><\/td>\n<td>7.8 \u2013 8.3 oz (220 g \u2013 235 g)<\/td>\n<\/tr>\n<tr>\n<td><strong>Longueur de la poign\u00e9e &amp; prise<\/strong><\/td>\n<td>Longueur de 139 mm, prise en main sweat-proof personnalisable<\/td>\n<\/tr>\n<tr>\n<td><strong>Processus de fabrication<\/strong><\/td>\n<td>Thermoformage en unibody avec bords inject\u00e9s de mousse<\/td>\n<\/tr>\n<tr>\n<td><strong>Conformit\u00e9 USAPA<\/strong><\/td>\n<td>Con\u00e7u pour r\u00e9ussir les tests de taille, de rugosit\u00e9, de COF et de flexion<\/td>\n<\/tr>\n<tr>\n<td><strong>MOQ pour personnalisation<\/strong><\/td>\n<td>Contactez les ventes pour les minimums de marque priv\u00e9e<\/td>\n<\/tr>\n<\/tbody>\n<\/table>\n<p><script src=\"chrome-extension:\/\/fpelahbljekknahkcaegamhcndkfpfnc\/iFrame.js\" type=\"text\/javascript\"><\/script><\/p>","protected":false},"featured_media":2270,"template":"","meta":{"_acf_changed":false,"_kad_post_transparent":"default","_kad_post_title":"","_kad_post_layout":"default","_kad_post_sidebar_id":"","_kad_post_content_style":"default","_kad_post_vertical_padding":"default","_kad_post_feature":"","_kad_post_feature_position":"","_kad_post_header":false,"_kad_post_footer":false,"_kad_post_classname":""},"product_brand":[],"product_cat":[546,544,548,543,559,557,562,554],"product_tag":[],"class_list":{"0":"post-2211","1":"product","2":"type-product","3":"status-publish","4":"has-post-thumbnail","6":"product_cat-advanced-tech-thermoformed-paddles","7":"product_cat-carbon-fiber-pickleball-paddles","8":"product_cat-custom-oem-pickleball-paddles","9":"product_cat-paddles-by-material","10":"product_cat-paddles-by-performance","11":"product_cat-private-label-paddles","12":"product_cat-pro-advanced-pickleball-paddles","13":"product_cat-thermoformed-pickleball-paddles","15":"first","16":"instock","17":"shipping-taxable","18":"product-type-simple","19":"entry","20":"content-bg","21":"loop-entry"},"acf":[],"_links":{"self":[{"href":"https:\/\/nexapaddle.com\/fr\/wp-json\/wp\/v2\/product\/2211","targetHints":{"allow":["GET"]}}],"collection":[{"href":"https:\/\/nexapaddle.com\/fr\/wp-json\/wp\/v2\/product"}],"about":[{"href":"https:\/\/nexapaddle.com\/fr\/wp-json\/wp\/v2\/types\/product"}],"wp:featuredmedia":[{"embeddable":true,"href":"https:\/\/nexapaddle.com\/fr\/wp-json\/wp\/v2\/media\/2270"}],"wp:attachment":[{"href":"https:\/\/nexapaddle.com\/fr\/wp-json\/wp\/v2\/media?parent=2211"}],"wp:term":[{"taxonomy":"product_brand","embeddable":true,"href":"https:\/\/nexapaddle.com\/fr\/wp-json\/wp\/v2\/product_brand?post=2211"},{"taxonomy":"product_cat","embeddable":true,"href":"https:\/\/nexapaddle.com\/fr\/wp-json\/wp\/v2\/product_cat?post=2211"},{"taxonomy":"product_tag","embeddable":true,"href":"https:\/\/nexapaddle.com\/fr\/wp-json\/wp\/v2\/product_tag?post=2211"}],"curies":[{"name":"wp","href":"https:\/\/api.w.org\/{rel}","templated":true}]}}