{"id":2209,"date":"2026-04-03T11:17:28","date_gmt":"2026-04-03T11:17:28","guid":{"rendered":"https:\/\/nexapaddle.com\/?post_type=product&#038;p=2209"},"modified":"2026-04-06T00:28:00","modified_gmt":"2026-04-06T00:28:00","slug":"lightweight-thermoformed-paddle-manufacturer","status":"publish","type":"product","link":"https:\/\/nexapaddle.com\/fr\/lightweight-thermoformed-paddle-manufacturer\/","title":{"rendered":"Fabricant de pelles thermoform\u00e9es l\u00e9g\u00e8res | Pelle de pickleball OEM professionnelle"},"content":{"rendered":"<h2 data-v-md-heading=\"introduction-to-advanced-thermoformed-paddle-manufacturing\" data-v-md-line=\"3\">Introduction \u00e0 la fabrication avanc\u00e9e de pagaies thermoform\u00e9es<\/h2>\n<h3 data-v-md-heading=\"the-evolution-of-pickleball-paddle-technology\" data-v-md-line=\"5\">L'\u00e9volution de la technologie des pagaies de pickleball<\/h3>\n<p data-v-md-line=\"6\"><b data-path-to-node=\"20,1,0\" data-index-in-node=\"5\">Avec plus de 10 ans d'exp\u00e9rience dans la fabrication,<\/b> nous avons vu le march\u00e9 \u00e9voluer des composites de base \u00e0 nos conceptions monobloc thermoform\u00e9es haute performance actuelles. Le paysage concurrentiel d'aujourd'hui, du PPA Tour aux championnats de clubs locaux, exige un \u00e9quipement con\u00e7u avec pr\u00e9cision. Nous sommes pass\u00e9s de simples noyaux en nid d'abeille \u00e0 des conceptions monobloc sophistiqu\u00e9es, fusionn\u00e9es thermiquement, qui offrent un m\u00e9lange incomparable de puissance, de contr\u00f4le et de durabilit\u00e9. En tant que partenaire direct d'usine, NexaPaddle offre aux marques un acc\u00e8s direct \u00e0 cette fabrication d'\u00e9quipement de pickleball de nouvelle g\u00e9n\u00e9ration, rivalisant avec la performance de marques de premier plan comme JOOLA et Vatic Pro. En tant que leader dans <a class=\"ng-star-inserted\" href=\"https:\/\/nexapaddle.com\/fr\/thermoformed-pickleball-paddles\/\" target=\"_blank\" rel=\"noopener\" data-hveid=\"0\" data-ved=\"0CAAQ_4QMahcKEwj0voqX-NeTAxUAAAAAHQAAAAAQYA\">Raquettes de pickleball thermoform\u00e9es<\/a>, nous garantissons une durabilit\u00e9 haut de gamme.<\/p>\n<h3 data-v-md-heading=\"what-makes-a-paddle-lightweight-and-high-performance\" data-v-md-line=\"9\">Qu'est-ce qui rend une pagaie 'l\u00e9g\u00e8re' et 'haute performance' ?<\/h3>\n<p data-v-md-line=\"10\">Un design de pagaie l\u00e9ger ne se r\u00e9sume pas simplement \u00e0 r\u00e9duire les grammes ; il s'agit d'optimiser le poids de swing et le poids de torsion pour maximiser la vitesse de la t\u00eate de la pagaie sans sacrifier la stabilit\u00e9. La haute performance est un r\u00e9sultat mesurable d\u00e9riv\u00e9 d'une combinaison synergique de mat\u00e9riaux et d'ing\u00e9nierie - de la r\u00e9sistance \u00e0 la traction \u00e9lev\u00e9e de <a href=\"https:\/\/nexapaddle.com\/fr\/t700-carbon-fiber-paddles\/\">surface de paddle en fibre de carbone<\/a> aux propri\u00e9t\u00e9s d'amortissement des vibrations d'un noyau en polym\u00e8re haute densit\u00e9. Cela donne une pagaie qui semble agile mais joue avec une stabilit\u00e9 imposante et un immense sweet spot.<\/p>\n<h2 data-v-md-heading=\"the-science-of-thermoforming-unibody-vs-traditional\" data-v-md-line=\"12\">La science du thermoformage : Monobloc contre traditionnel<\/h2>\n<h3 data-v-md-heading=\"heat-pressed-molding-creating-the-unibody-structure\" data-v-md-line=\"13\">Moulage par pression \u00e0 chaud : Cr\u00e9ation de la structure monobloc<\/h3>\n<p data-v-md-line=\"14\">La fabrication conventionnelle de pagaies implique souvent le collage de composants, cr\u00e9ant des points faibles susceptibles de faillir. NexaPaddle utilise une ing\u00e9nierie avanc\u00e9e du processus de thermoformage, en utilisant des machines de presse \u00e0 chaud \u00e0 haute temp\u00e9rature pour mouler la face en fibre de carbone et le noyau en polym\u00e8re en une pagaie monobloc sans couture. Ce processus \u00e9limine les points de d\u00e9laminage potentiels et procure une sensation coh\u00e9rente et r\u00e9active sur toute la surface.<\/p>\n<h3 data-v-md-heading=\"foam-injected-perimeter-walls-stability-and-sweet-spot-expansion\" data-v-md-line=\"17\">Murs p\u00e9rim\u00e9triques inject\u00e9s en mousse : Stabilit\u00e9 et expansion du sweet spot<\/h3>\n<p data-v-md-line=\"18\">Pour am\u00e9liorer encore les performances, nous injectons une mousse EVA sp\u00e9cialis\u00e9e dans les murs p\u00e9rim\u00e8tres de la t\u00eate de la pagaie. Cette technique de murs inject\u00e9s en mousse augmente consid\u00e9rablement le poids de torsion, offrant une stabilit\u00e9 sup\u00e9rieure lors de frappes d\u00e9cal\u00e9es. Le r\u00e9sultat direct pour les joueurs est un sweet spot d'un bord \u00e0 l'autre. Pour prot\u00e9ger davantage votre investissement, nous recommandons notre <a class=\"ng-star-inserted\" href=\"https:\/\/nexapaddle.com\/fr\/pickleball-paddle-edge-guard-tape-supplier\/\" target=\"_blank\" rel=\"noopener\" data-hveid=\"0\" data-ved=\"0CAAQ_4QMahcKEwj0voqX-NeTAxUAAAAAHQAAAAAQYg\">Ruban de protection pour raquette de pickleball<\/a> pour un ajout de protection p\u00e9rim\u00e9trique lors des \u00e9changes sous haute pression. Pour les vendeurs, cette technologie de r\u00e9duction des points morts se traduit par de meilleures critiques de mat\u00e9riel de pickleball et des taux de retour plus bas.<\/p>\n<h3 data-v-md-heading=\"durability-advantages-preventing-delamination-and-core-crushing\" data-v-md-line=\"21\">Avantages en termes de durabilit\u00e9 : Pr\u00e9venir le d\u00e9laminage et l'\u00e9crasement du noyau<\/h3>\n<p data-v-md-line=\"22\">La d\u00e9faillance la plus courante dans les pagaies de moindre qualit\u00e9 est le d\u00e9laminage du prot\u00e8ge-c\u00f4t\u00e9. Notre conception monobloc thermoform\u00e9e int\u00e8gre le bord, \u00e9liminant efficacement ce probl\u00e8me et pr\u00e9venant l'\u00e9crasement du noyau par impact. Cette durabilit\u00e9 sup\u00e9rieure du prot\u00e8ge-c\u00f4t\u00e9 garantit une dur\u00e9e de vie du produit prolong\u00e9e, prot\u00e9geant la r\u00e9putation de votre marque et offrant une valeur durable \u00e0 l'utilisateur final.<\/p>\n<h2 data-v-md-heading=\"key-materials-and-components-used-by-top-manufacturers\" data-v-md-line=\"24\">Mat\u00e9riaux et composants cl\u00e9s utilis\u00e9s par les meilleurs fabricants<\/h2>\n<h3 data-v-md-heading=\"toray-t700-raw-carbon-fiber-the-secret-to-maximum-spin\" data-v-md-line=\"25\">Fibre de carbone brute Toray T700 : Le secret d'un maximum de spin<\/h3>\n<p data-v-md-line=\"26\"><b data-path-to-node=\"20,3,0\" data-index-in-node=\"5\">En tant que partenaire OEM certifi\u00e9,<\/b> nous nous procurons de la fibre de carbone brute Toray T700 authentique, <b data-path-to-node=\"20,3,0\" data-index-in-node=\"82\">soumettant chaque lot \u00e0 des tests rigoureux de friction et de d\u00e9viation<\/b> dans notre \u00e9tablissement. L'utilisation de fibre de carbone brute Toray T700, avec sa surface de friction en carbone textur\u00e9e (CFS), est non n\u00e9gociable pour atteindre un potentiel de spin \u00e9lite. Cette surface est con\u00e7ue pour maximiser le coefficient de friction (COF) autoris\u00e9 par les normes de USA Pickleball (USAP), offrant aux joueurs la capacit\u00e9 de fa\u00e7onner des coups avec pr\u00e9cision et puissance.<\/p>\n<h3 data-v-md-heading=\"high-density-polymer-honeycomb-cores\" data-v-md-line=\"29\">Noyaux en nid d'abeille en polym\u00e8re haute densit\u00e9<\/h3>\n<p data-v-md-line=\"30\">Le noyau est le moteur de la pagaie. Nous utilisons des noyaux en nid d'abeille en polym\u00e8re haute densit\u00e9 et r\u00e9actif, disponibles en diff\u00e9rentes variations d'\u00e9paisseur (14mm \u00e0 16mm), pour atteindre le bon \u00e9quilibre entre puissance et contr\u00f4le. Cette technologie de noyau excelle en absorption des chocs, offrant une sensation moelleuse et contr\u00f4l\u00e9e sans sacrifier le pop n\u00e9cessaire pour des frappes agressives.<\/p>\n<h3 data-v-md-heading=\"aerodynamic-shapes-and-tapered-edges-for-increased-swing-speed\" data-v-md-line=\"33\">Formes a\u00e9rodynamiques et bords effil\u00e9s pour augmenter la vitesse de swing<\/h3>\n<p data-v-md-line=\"34\">Notre catalogue comprend des formes de pagaies hybrides, des conceptions de pagaies allong\u00e9es pour un maximum de port\u00e9e aux sp\u00e9cifications de pagaies \u00e0 large corps traditionnelles pour un sweet spot plus g\u00e9n\u00e9reux. Chaque design int\u00e8gre des principes a\u00e9rodynamiques, avec des bords effil\u00e9s qui r\u00e9duisent la tra\u00een\u00e9e et optimisent la vitesse de la t\u00eate de la pagaie, permettant aux joueurs de r\u00e9agir plus rapidement et de g\u00e9n\u00e9rer plus de puissance.<\/p>\n<h2 data-v-md-heading=\"choosing-the-right-lightweight-paddle-for-your-style\" data-v-md-line=\"36\">Choisir la bonne pagaie l\u00e9g\u00e8re pour votre style<\/h2>\n<h3 data-v-md-heading=\"power-vs-control-finding-the-balance-in-thermoformed-designs\" data-v-md-line=\"37\">Puissance contre contr\u00f4le : Trouver l'\u00e9quilibre dans les designs thermoform\u00e9s<\/h3>\n<p data-v-md-line=\"38\">Les pagaies thermoform\u00e9es offrent intrins\u00e8quement un avantage de puissance. Cependant, en manipulant l'\u00e9paisseur du noyau et l'aggencement des mat\u00e9riaux, nous concevons des pagaies thermoform\u00e9es ax\u00e9es sur le contr\u00f4le qui fournissent le meilleur des deux mondes. Un noyau de 16mm, par exemple, offre plus de contr\u00f4le et une sensation plus douce, id\u00e9al pour les joueurs interm\u00e9diaires, tandis qu'un profil de 14mm peut \u00eatre adapt\u00e9 pour les sp\u00e9cifications de pagaies \u00e0 frappeurs puissants.<\/p>\n<h3 data-v-md-heading=\"understanding-swing-weight-and-twist-weight-metrics\" data-v-md-line=\"41\">Comprendre les mesures de poids de swing et de torsion<\/h3>\n<p data-v-md-line=\"42\">Nous fournissons des analyses d\u00e9taill\u00e9es des performances des pagaies, y compris les mesures de poids de swing et de torsion. Un poids de swing plus bas facilite des \u00e9changes plus rapides, tandis qu'un poids de torsion plus \u00e9lev\u00e9 offre la stabilit\u00e9 recherch\u00e9e par les athl\u00e8tes professionnels. Nous aidons votre marque \u00e0 cibler des profils de joueurs sp\u00e9cifiques en affinant ces m\u00e9triques critiques durant le processus OEM\/ODM.<\/p>\n<h3 data-v-md-heading=\"ergonomics-handle-lengths-and-grip-circumferences\" data-v-md-line=\"45\">Ergonomie : Longueurs de manche et circonf\u00e9rences de prise<\/h3>\n<p data-v-md-line=\"46\">Le confort des joueurs est primordial. Nous offrons de multiples options de longueur de manche de pagaie et de taille de circonf\u00e9rence de prise pour s'adapter \u00e0 diff\u00e9rentes tailles de main et styles de jeu, comme les revers \u00e0 deux mains. Nos prises de pagaie ergonomiques utilisent des mat\u00e9riaux premium, \u00e9vacuant l'humidit\u00e9 pour un confort et une adh\u00e9rence sup\u00e9rieurs.<\/p>\n<h2 data-v-md-heading=\"manufacturing-excellence-and-quality-standards\" data-v-md-line=\"48\">Excellence de fabrication et normes de qualit\u00e9<\/h2>\n<h3 data-v-md-heading=\"the-importance-of-usa-pickleball-usap-approval\" data-v-md-line=\"49\">L'importance de l'approbation de USA Pickleball (USAP)<\/h3>\n<p data-v-md-line=\"50\">Chaque mod\u00e8le de pagaie que nous fabriquons est con\u00e7u pour \u00eatre un \u00e9quipement de pickleball l\u00e9gal en tournoi, respectant strictement toutes les <a href=\"https:\/\/nexapaddle.com\/fr\/usapa-approved-paddles\/\">sp\u00e9cifications d'\u00e9quipement approuv\u00e9es par USA Pickleball<\/a> Nous g\u00e9rons l'ensemble du processus de soumission et de test USAP pour nos clients B2B, garantissant que votre produit est pr\u00eat pour un jeu comp\u00e9titif d\u00e8s son lancement.<\/p>\n<h3 data-v-md-heading=\"quality-control-in-large-scale-carbon-fiber-production\" data-v-md-line=\"53\">Contr\u00f4le de qualit\u00e9 dans la production de fibre de carbone \u00e0 grande \u00e9chelle<\/h3>\n<p data-v-md-line=\"54\">Notre installation ultramoderne \u00e0 Dongguan est \u00e9quip\u00e9e pour des tests rigoureux de r\u00e9sistance aux impacts, des analyses de profil de rigidit\u00e9 et des v\u00e9rifications de pr\u00e9vention du d\u00e9laminage. Avec plus d'une d\u00e9cennie d'exp\u00e9rience en OEM, nous avons perfectionn\u00e9 un processus QC multi-points qui garantit la coh\u00e9rence et la qualit\u00e9, de votre \u00e9chantillon initial \u00e0 une production \u00e0 grande \u00e9chelle. Nous offrons \u00e9galement des services de pr\u00e9paration FBA et d'ex\u00e9cution mondiale.<\/p>\n<h3 data-v-md-heading=\"future-trends-hybrid-materials-and-smart-paddle-tech\" data-v-md-line=\"57\">Tendances futures : Mat\u00e9riaux hybrides et technologie de pagaie intelligente<\/h3>\n<p data-v-md-line=\"58\">Notre R&amp;D explore constamment l'ing\u00e9nierie des mat\u00e9riaux composites, y compris les fibres composites en Kevlar et les mat\u00e9riaux de pagaie durables, pour repousser les fronti\u00e8res de la performance. Nous sommes votre partenaire strat\u00e9gique pour rester \u00e0 l'avant des tendances du march\u00e9 et d\u00e9velopper la prochaine g\u00e9n\u00e9ration de mat\u00e9riel de pickleball de qualit\u00e9 professionnelle.<\/p>\n<h2 data-v-md-heading=\"conclusion-investing-in-next-gen-pickleball-gear\" data-v-md-line=\"60\">Conclusion : Investir dans le mat\u00e9riel de pickleball de nouvelle g\u00e9n\u00e9ration<\/h2>\n<p data-v-md-line=\"61\">S'associer avec NexaPaddle signifie explorer notre gamme compl\u00e8te de <a class=\"ng-star-inserted\" href=\"https:\/\/nexapaddle.com\/fr\/custom-oem-pickleball-paddles\/\" target=\"_blank\" rel=\"noopener\" data-hveid=\"0\" data-ved=\"0CAAQ_4QMahcKEwj0voqX-NeTAxUAAAAAHQAAAAAQZA\">Raquettes de pickleball personnalis\u00e9es et OEM<\/a> pour votre marque, technologie de pointe et expertise en fabrication qui construit des marques dominantes. Nous fournissons les outils pour rivaliser avec les g\u00e9ants de l'industrie, offrant une fabrication de pagaies personnalis\u00e9es avec des MOQs g\u00e9rables. B\u00e2tissons ensemble l'avenir du pickleball.<\/p>\n<p><script src=\"chrome-extension:\/\/fpelahbljekknahkcaegamhcndkfpfnc\/iFrame.js\" type=\"text\/javascript\"><\/script><\/p>","protected":false},"excerpt":{"rendered":"<table data-v-md-line=\"65\">\n<thead>\n<tr>\n<th>Param\u00e8tre de sp\u00e9cification<\/th>\n<th>Plage de d\u00e9tails \/ personnalisation<\/th>\n<\/tr>\n<\/thead>\n<tbody>\n<tr>\n<td><strong>Mat\u00e9riau de la surface<\/strong><\/td>\n<td><a href=\"https:\/\/nexapaddle.com\/fr\/t700-carbon-fiber-paddles\/\">\/ tissage 3K &amp; 18K \/ fibre de verre<\/a> Nid d'abeille PP de 14 mm-16 mm avec<\/td>\n<\/tr>\n<tr>\n<td><strong>Mat\u00e9riau de c\u0153ur &amp; technologie<\/strong><\/td>\n<td>murs inject\u00e9s de mousse <a href=\"https:\/\/nexapaddle.com\/fr\/foam-core-pickleball-paddles\/\">417 mm x 188 mm (allong\u00e9) &amp; autres formes personnalis\u00e9es<\/a><\/td>\n<\/tr>\n<tr>\n<td><strong>Dimensions (L x l)<\/strong><\/td>\n<td>135 mm \u2013 145 mm; poign\u00e9es ergonomiques PU personnalis\u00e9es<\/td>\n<\/tr>\n<tr>\n<td><strong>Plage de poids<\/strong><\/td>\n<td>220 g \u2013 235 g \/ 7,8 \u2013 8,3 oz<\/td>\n<\/tr>\n<tr>\n<td><strong>Longueur de la poign\u00e9e &amp; prise<\/strong><\/td>\n<td>Monocoque<\/td>\n<\/tr>\n<tr>\n<td><strong>Processus de fabrication<\/strong><\/td>\n<td>Thermoformage <a href=\"https:\/\/nexapaddle.com\/fr\/thermoformed-pickleball-paddles\/\">\/ Moulage par pressage \u00e0 chaud<\/a> Haute performance<\/td>\n<\/tr>\n<tr>\n<td><strong>Conformit\u00e9 USAPA<\/strong><\/td>\n<td>Con\u00e7u pour r\u00e9ussir tous les tests de taille, de rugosit\u00e9, de COF &amp; de d\u00e9flexion<\/td>\n<\/tr>\n<tr>\n<td><strong>MOQ pour personnalisation<\/strong><\/td>\n<td>Contactez les ventes pour les minimums de marque priv\u00e9e<\/td>\n<\/tr>\n<\/tbody>\n<\/table>\n<p><script src=\"chrome-extension:\/\/fpelahbljekknahkcaegamhcndkfpfnc\/iFrame.js\" type=\"text\/javascript\"><\/script><\/p>","protected":false},"featured_media":2262,"template":"","meta":{"_acf_changed":false,"_kad_post_transparent":"default","_kad_post_title":"","_kad_post_layout":"default","_kad_post_sidebar_id":"","_kad_post_content_style":"default","_kad_post_vertical_padding":"default","_kad_post_feature":"","_kad_post_feature_position":"","_kad_post_header":false,"_kad_post_footer":false,"_kad_post_classname":""},"product_brand":[],"product_cat":[546,544,548,561,543,559,550,554,558],"product_tag":[],"class_list":{"0":"post-2209","1":"product","2":"type-product","3":"status-publish","4":"has-post-thumbnail","6":"product_cat-advanced-tech-thermoformed-paddles","7":"product_cat-carbon-fiber-pickleball-paddles","8":"product_cat-custom-oem-pickleball-paddles","9":"product_cat-intermediate-pickleball-paddles","10":"product_cat-paddles-by-material","11":"product_cat-paddles-by-performance","12":"product_cat-t700-carbon-fiber-paddles","13":"product_cat-thermoformed-pickleball-paddles","14":"product_cat-usapa-approved-paddles","16":"first","17":"instock","18":"shipping-taxable","19":"product-type-simple","20":"entry","21":"content-bg","22":"loop-entry"},"acf":[],"_links":{"self":[{"href":"https:\/\/nexapaddle.com\/fr\/wp-json\/wp\/v2\/product\/2209","targetHints":{"allow":["GET"]}}],"collection":[{"href":"https:\/\/nexapaddle.com\/fr\/wp-json\/wp\/v2\/product"}],"about":[{"href":"https:\/\/nexapaddle.com\/fr\/wp-json\/wp\/v2\/types\/product"}],"wp:featuredmedia":[{"embeddable":true,"href":"https:\/\/nexapaddle.com\/fr\/wp-json\/wp\/v2\/media\/2262"}],"wp:attachment":[{"href":"https:\/\/nexapaddle.com\/fr\/wp-json\/wp\/v2\/media?parent=2209"}],"wp:term":[{"taxonomy":"product_brand","embeddable":true,"href":"https:\/\/nexapaddle.com\/fr\/wp-json\/wp\/v2\/product_brand?post=2209"},{"taxonomy":"product_cat","embeddable":true,"href":"https:\/\/nexapaddle.com\/fr\/wp-json\/wp\/v2\/product_cat?post=2209"},{"taxonomy":"product_tag","embeddable":true,"href":"https:\/\/nexapaddle.com\/fr\/wp-json\/wp\/v2\/product_tag?post=2209"}],"curies":[{"name":"wp","href":"https:\/\/api.w.org\/{rel}","templated":true}]}}