{"id":2206,"date":"2026-04-03T10:22:51","date_gmt":"2026-04-03T10:22:51","guid":{"rendered":"https:\/\/nexapaddle.com\/?post_type=product&#038;p=2206"},"modified":"2026-04-06T00:56:46","modified_gmt":"2026-04-06T00:56:46","slug":"oem-carbon-fiber-pickleball-paddle-factory","status":"publish","type":"product","link":"https:\/\/nexapaddle.com\/fr\/oem-carbon-fiber-pickleball-paddle-factory\/","title":{"rendered":"Usine de Raquettes de Pickleball en Fibres de Carbone OEM | Fabrication de Raquettes de Pickleball Professionnelle OEM"},"content":{"rendered":"<h2 data-v-md-heading=\"introduction-to-oem-and-private-label-pickleball-production\" data-v-md-line=\"3\">Introduction \u00e0 la production de pickleball OEM et de marque priv\u00e9e<\/h2>\n<h3 data-v-md-heading=\"defining-oem-vs-odm-in-the-sporting-goods-industry\" data-v-md-line=\"4\">D\u00e9finir OEM vs. ODM dans l'industrie des articles de sport<\/h3>\n<p data-v-md-line=\"5\">La fabrication d'\u00e9quipement d'origine (OEM) permet \u00e0 votre marque de tirer parti de nos conceptions pr\u00eates \u00e0 la production \u00e9prouv\u00e9es, tandis que la fabrication de conception d'origine (ODM) offre un partenariat collaboratif pour concevoir une pagaie enti\u00e8rement nouvelle depuis le d\u00e9but. Chez NexaPaddle, nous nous sp\u00e9cialisons dans les deux, offrant un chemin sans couture du concept au march\u00e9 pour <a href=\"https:\/\/nexapaddle.com\/fr\/private-label-paddles\/\">vendeurs de marque priv\u00e9e<\/a> et marques bien \u00e9tablies. Nous sommes le partenaire direct de l'usine derri\u00e8re certains des noms \u00e0 la croissance la plus rapide sur Pickleball Central et Amazon.<\/p>\n<h3 data-v-md-heading=\"why-carbon-fiber-is-the-gold-standard-for-pro-level-paddles\" data-v-md-line=\"7\">Pourquoi la fibre de carbone est le standard d'or pour les pagaies de niveau pro<\/h3>\n<p data-v-md-line=\"8\">La fibre de carbone, en particulier la Toray T700, offre un rapport rigidit\u00e9\/poids in\u00e9gal\u00e9. Contrairement aux composites en fibre de verre flexibles ou fragiles, le mat\u00e9riau de la joue en fibre de carbone T700 fournit la rigidit\u00e9 n\u00e9cessaire pour la puissance et la constance des coups, tandis que son faible poids permet une rapidit\u00e9 de main accrue et une fatigue r\u00e9duite. C'est pourquoi des professionnels comme Ben Johns et les meilleures marques comme Selkirk Sport construisent leurs mod\u00e8les phares avec de la fibre de carbone.<\/p>\n<h2 data-v-md-heading=\"sourcing-the-best-materials-from-the-factory\" data-v-md-line=\"10\">Sourcing des meilleurs mat\u00e9riaux depuis l'usine<\/h2>\n<h3 data-v-md-heading=\"understanding-the-t700-carbon-fiber-advantage\" data-v-md-line=\"11\">Comprendre l'avantage de la fibre de carbone T700<\/h3>\n<p data-v-md-line=\"12\">Nous sour\u00e7ons notre <a href=\"https:\/\/nexapaddle.com\/fr\/t700-carbon-fiber-paddles\/\">fibre de carbone brute T700<\/a> directement aupr\u00e8s de fournisseurs de premier ordre pour garantir un maximum d'adh\u00e9rence et d'accroche sur la balle. Les propri\u00e9t\u00e9s uniques de ce mat\u00e9riau nous permettent de cr\u00e9er une face de pagaie qui respecte les limites de rugosit\u00e9 USAPA tout en maximisant le Coefficient de Friction (COF). Le r\u00e9sultat est une pagaie qui g\u00e9n\u00e8re un spin puissant pour des styles de jeu agressifs et modernes. Nous proposons \u00e0 la fois des options en carbone brut et en fibre de carbone tiss\u00e9e 3K.<\/p>\n<h3 data-v-md-heading=\"honeycomb-cores-polymer-vs-nomex-vs-aluminum\" data-v-md-line=\"14\">Noyaux en nid d'abeille : Polym\u00e8re vs. Nomex vs. Aluminium<\/h3>\n<p data-v-md-line=\"15\">Bien que le Nomex de DuPont offre de la rigidit\u00e9, il peut produire un son de contact fort et aigu et a un point doux plus petit. Nous avons optimis\u00e9 notre ligne de production OEM autour de la technologie de noyau en nid d'abeille en polypropyl\u00e8ne (PP). Un noyau de polypropyl\u00e8ne de 16 mm offre une technologie d'amortissement des vibrations sup\u00e9rieure, un point doux plus grand et une sensation plus silencieuse et contr\u00f4l\u00e9e pr\u00e9f\u00e9r\u00e9e par la plupart des joueurs, r\u00e9duisant les erreurs et am\u00e9liorant la jouabilit\u00e9 g\u00e9n\u00e9rale.<\/p>\n<h3 data-v-md-heading=\"the-evolution-of-grit-friction-and-surface-texture-technologies\" data-v-md-line=\"17\">L'\u00e9volution du grain : Technologies de friction et de texture de surface<\/h3>\n<p data-v-md-line=\"18\">Les premi\u00e8res technologies de grain impliquaient des peintures abrasives qui s'useront rapidement. Notre approche moderne int\u00e8gre la texture de la fibre de carbone brute directement dans l'\u00e9tape de liaison de la r\u00e9sine \u00e9poxy. Cela garantit que la surface de friction est int\u00e9grale \u00e0 la face de la pagaie et pas seulement un rev\u00eatement. Nos pagaies subissent des tests rigoureux de force de friction pour garantir une texture de surface de grain durable et conforme \u00e0 l'USAPA.<\/p>\n<h2 data-v-md-heading=\"the-manufacturing-process-from-raw-fiber-to-finished-product\" data-v-md-line=\"20\">Le processus de fabrication : de la fibre brute au produit fini<\/h2>\n<h3 data-v-md-heading=\"traditional-cold-pressing-vs-modern-thermoforming\" data-v-md-line=\"21\">Pressage \u00e0 froid traditionnel vs. thermoformage moderne<\/h3>\n<p data-v-md-line=\"22\">De nombreuses pagaies bon march\u00e9 utilisent un processus de pressage \u00e0 froid, ce qui entra\u00eene un collage incoh\u00e9rent et un taux \u00e9lev\u00e9 d'\u00e9crasement ou de d\u00e9laminage du noyau. NexaPaddle a perfectionn\u00e9 <a href=\"https:\/\/nexapaddle.com\/fr\/thermoformed-pickleball-paddles\/\">la construction thermoform\u00e9e<\/a>. Ce processus de moulage par chaleur et pression cr\u00e9e un design de pagaie unibody compl\u00e8tement scell\u00e9 qui \u00e9limine les points faibles, renforce la durabilit\u00e9 et fournit une sensation coh\u00e9rente sur l'ensemble de la s\u00e9rie de production.<\/p>\n<h3 data-v-md-heading=\"unibody-construction-enhancing-durability-and-power\" data-v-md-line=\"24\">Construction unibody : am\u00e9liorer la durabilit\u00e9 et la puissance<\/h3>\n<p data-v-md-line=\"25\">Le thermoformage nous permet de cr\u00e9er une v\u00e9ritable pagaie unibody dont la face en fibre de carbone enroule le noyau et fusionne avec la poign\u00e9e sous chaleur et pression. Cela \u00e9limine l'articulation fragile traditionnelle au cou, transf\u00e9rant plus d'\u00e9nergie de votre swing directement \u00e0 la balle pour augmenter la puissance et fournir une sensation solide et int\u00e9gr\u00e9e.<\/p>\n<h3 data-v-md-heading=\"precision-cnc-cutting-and-edge-guard-application\" data-v-md-line=\"27\">D\u00e9coupe CNC de pr\u00e9cision et application de protections de bord<\/h3>\n<p data-v-md-line=\"28\">Chaque blank de pagaie est ajust\u00e9 avec pr\u00e9cision \u00e0 l'aide de machines de d\u00e9coupe CNC pour une coh\u00e9rence in\u00e9gal\u00e9e des dimensions de la face de la pagaie. Nous appliquons ensuite une protection en TPU, durable et de faible profil. Ce processus pr\u00e9vient la d\u00e9lamination du prot\u00e8ge-bord courante dans les raquettes de moindre qualit\u00e9 et maintient l'int\u00e9grit\u00e9 structurelle de la pagaie pendant des jeux intenses.<\/p>\n<h2 data-v-md-heading=\"customization-and-branding-options-for-startups\" data-v-md-line=\"30\">Options de personnalisation et de branding pour les startups<\/h2>\n<h3 data-v-md-heading=\"custom-graphics-uv-printing-vs-silk-screen-vs-water-decals\" data-v-md-line=\"31\">Graphiques personnalis\u00e9s : impression UV vs. s\u00e9rigraphie vs. d\u00e9calcomanies<\/h3>\n<p data-v-md-line=\"32\">Pour les marques n\u00e9cessitant des pagaies avec logo personnalis\u00e9, nous utilisons une technologie d'impression UV \u00e0 la pointe. Contrairement aux d\u00e9calcomanies qui peuvent se d\u00e9coller ou \u00e0 la s\u00e9rigraphie qui peut se faner, l'impression UV durcit l'encre directement sur la face en fibre de carbone pour des graphiques vibrants et r\u00e9sistants aux rayures qui repr\u00e9sentent la qualit\u00e9 de votre marque. C'est une partie essentielle de nos services de mat\u00e9riel de pickleball en marque blanche.<\/p>\n<h3 data-v-md-heading=\"ergonomic-grip-design-and-handle-length-customization\" data-v-md-line=\"34\">Conception de prise ergonomique et personnalisation de la longueur de la poign\u00e9e<\/h3>\n<p data-v-md-line=\"35\">Nous offrons plusieurs options de circonf\u00e9rence de la poign\u00e9e et des conceptions de prise de pagaie ergonomiques, y compris des prises en coussin perfor\u00e9 et des bases en mousse EVA, pour correspondre \u00e0 votre public cible. Que vous ayez besoin d'une poign\u00e9e plus courte pour les convertis du tennis de table ou d'une poign\u00e9e plus longue pour des coups \u00e0 deux mains, nous pouvons ajuster nos moules en cons\u00e9quence.<\/p>\n<h3 data-v-md-heading=\"choosing-the-right-weight-and-balance-point-for-your-brand\" data-v-md-line=\"37\">Choisir le bon poids et le bon point d'\u00e9quilibre pour votre marque<\/h3>\n<p data-v-md-line=\"38\">Gr\u00e2ce \u00e0 une distribution strat\u00e9gique du poids de la pagaie et \u00e0 des variations de densit\u00e9 du noyau, nous vous aidons \u00e0 cr\u00e9er une ligne de pagaies avec des caract\u00e9ristiques distinctes. Nous pouvons concevoir des \u00e9quilibres lourds en t\u00eate pour les joueurs puissants ou des options l\u00e9g\u00e8res en t\u00eate pour les joueurs qui privil\u00e9gient la vitesse et le contr\u00f4le, vous permettant d'optimiser le point doux pour diff\u00e9rents segments de march\u00e9.<\/p>\n<h2 data-v-md-heading=\"quality-control-and-compliance-standards\" data-v-md-line=\"40\">Contr\u00f4le de la qualit\u00e9 et normes de conformit\u00e9<\/h2>\n<h3 data-v-md-heading=\"meeting-usapa-performance-specifications\" data-v-md-line=\"41\">Respect des sp\u00e9cifications de performance de l'USAPA<\/h3>\n<p data-v-md-line=\"42\">Nous fournissons une assistance pour la certification USAPA. Chaque design de pagaie est con\u00e7u pour r\u00e9pondre ou d\u00e9passer les normes de l'USA Pickleball en mati\u00e8re de taille, de rugosit\u00e9 de surface, de d\u00e9viation et de puissance. Nous garantissons que vos commandes en gros de pickleball sont pr\u00eates pour la comp\u00e9tition et exemptes de risques de conformit\u00e9.<\/p>\n<h3 data-v-md-heading=\"testing-for-deflection-spin-rates-and-structural-integrity\" data-v-md-line=\"44\">Tests pour d\u00e9viation, taux de spin et int\u00e9grit\u00e9 structurelle<\/h3>\n<p data-v-md-line=\"45\">Notre processus de contr\u00f4le de qualit\u00e9 est rigoureux. Nous effectuons des tests de r\u00e9sistance aux impacts, des mesures de d\u00e9viation avec des poids \u00e9talonn\u00e9s, et des analyses de COF pour nous assurer que chaque pagaie respecte ses sp\u00e9cifications. Cet engagement envers le contr\u00f4le de qualit\u00e9 de la production de masse minimise les d\u00e9fauts et prot\u00e8ge la r\u00e9putation de votre marque.<\/p>\n<h3 data-v-md-heading=\"factory-certifications-why-iso-9001-and-sgs-matter\" data-v-md-line=\"47\">Certifications d'usine : pourquoi ISO 9001 et SGS sont importants<\/h3>\n<p data-v-md-line=\"48\">Notre usine de fabrication \u00e0 Dongguan est certifi\u00e9e ISO 9001, garantissant des processus document\u00e9s et reproductibles pour une qualit\u00e9 constante. Nous collaborons avec des auditeurs ind\u00e9pendants comme SGS Group et Intertek pour garantir la qualit\u00e9, vous fournissant la preuve v\u00e9rifiable de qualit\u00e9 que les acheteurs B2B et les clients exigeants demandent.<\/p>\n<h2 data-v-md-heading=\"navigating-the-supply-chain\" data-v-md-line=\"50\">Naviguer dans la cha\u00eene d'approvisionnement<\/h2>\n<h3 data-v-md-heading=\"evaluating-manufacturers-in-china-and-southeast-asia\" data-v-md-line=\"51\">\u00c9valuer les fabricants en Chine et en Asie du Sud-Est<\/h3>\n<p data-v-md-line=\"52\">En tant que leader <b data-path-to-node=\"4,3,1,0\" data-index-in-node=\"100\"><a class=\"ng-star-inserted\" href=\"https:\/\/nexapaddle.com\/fr\/custom-oem-pickleball-paddles\/\" target=\"_blank\" rel=\"noopener\" data-hveid=\"0\" data-ved=\"0CAAQ_4QMahgKEwiO6uzugNiTAxUAAAAAHQAAAAAQlgE\">raquettes de pickleball<\/a><\/b>, nous fournissons l'expertise et la fiabilit\u00e9 que des plateformes comme Alibaba ou Global Sources ne peuvent pas garantir. Notre processus transparent et notre communication directe \u00e9liminent le bruit sourcing de Shenzhen ou d'autres centres.<\/p>\n<h3 data-v-md-heading=\"understanding-moqs-lead-times-and-shipping-logistics\" data-v-md-line=\"54\">Comprendre les MOQ, les d\u00e9lais de livraison et la logistique d'exp\u00e9dition<\/h3>\n<p data-v-md-line=\"55\">Nous offrons des prix comp\u00e9titifs directement d'usine et des conditions claires sur les Quantit\u00e9s Minimales de Commande (MOQ) et les d\u00e9lais de production. Notre \u00e9quipe logistique a de l'exp\u00e9rience dans la logistique d'exp\u00e9dition mondiale pour les pagaies, y compris les services de pr\u00e9paration FBA pour les vendeurs Amazon et les exp\u00e9ditions de conteneurs pour les grossistes mondiaux.<\/p>\n<h3 data-v-md-heading=\"prototyping-steps-to-perfecting-your-first-sample-paddle\" data-v-md-line=\"57\">Prototypage : \u00c9tapes pour perfectionner votre premier \u00e9chantillon de pagaie<\/h3>\n<p data-v-md-line=\"58\">Nos services de prototypage d'\u00e9chantillons vous permettent de tester et d'affiner votre design avant de vous engager dans la production de masse. De l'analyse des co\u00fbts du moule de pagaie \u00e0 l'approbation finale de l'\u00e9chantillon, nous vous guidons \u00e0 chaque \u00e9tape pour vous assurer que le produit final correspond parfaitement \u00e0 la vision et aux objectifs de performance de votre marque.<\/p>\n<p><script src=\"chrome-extension:\/\/fpelahbljekknahkcaegamhcndkfpfnc\/iFrame.js\" type=\"text\/javascript\"><\/script><\/p>","protected":false},"excerpt":{"rendered":"<p data-path-to-node=\"11,1\">pr\u00e9sentant une construction monocoque thermoform\u00e9e avanc\u00e9e et des c\u0153urs en nid d'abeille en polypropyl\u00e8ne de 16 mm. Nous offrons des services complets <b data-path-to-node=\"11,1\" data-index-in-node=\"17\"><a class=\"ng-star-inserted\" href=\"https:\/\/nexapaddle.com\/fr\/t700-carbon-fiber-paddles\/\" target=\"_blank\" rel=\"noopener\" data-hveid=\"0\" data-ved=\"0CAAQ_4QMahgKEwiO6uzugNiTAxUAAAAAHQAAAAAQlwE\">Raquettes en fibre de carbone T700<\/a><\/b> de marque blanche <b data-path-to-node=\"11,1\" data-index-in-node=\"150\"><a class=\"ng-star-inserted\" href=\"https:\/\/nexapaddle.com\/fr\/private-label-paddles\/\" target=\"_blank\" rel=\"noopener\" data-hveid=\"0\" data-ved=\"0CAAQ_4QMahgKEwiO6uzugNiTAxUAAAAAHQAAAAAQmAE\">, y compris l'impression UV, la distribution de poids personnalis\u00e9e, et<\/a><\/b>, y compris l'impression UV, la distribution de poids sur mesure, et <b data-path-to-node=\"11,1\" data-index-in-node=\"229\"><a class=\"ng-star-inserted\" href=\"https:\/\/nexapaddle.com\/fr\/usapa-approved-paddles\/\" target=\"_blank\" rel=\"noopener\" data-hveid=\"0\" data-ved=\"0CAAQ_4QMahgKEwiO6uzugNiTAxUAAAAAHQAAAAAQmQE\">Approuv\u00e9 par l'USAPA<\/a><\/b> ing\u00e9nierie pour les marques professionnelles et les vendeurs Amazon.<\/p>\n<table data-v-md-line=\"61\">\n<thead>\n<tr>\n<th>Param\u00e8tre de sp\u00e9cification<\/th>\n<th>Plage de d\u00e9tails \/ personnalisation<\/th>\n<\/tr>\n<\/thead>\n<tbody>\n<tr>\n<td><strong>Mat\u00e9riau de la surface<\/strong><\/td>\n<td>Toray T700 Fibre de carbone brute \/ Tissage carbone 3K \/ Hybride Kevlar-Carbone<\/td>\n<\/tr>\n<tr>\n<td><strong>Mat\u00e9riau de c\u0153ur &amp; technologie<\/strong><\/td>\n<td>Panneau alv\u00e9olaire en polypropyl\u00e8ne (PP) thermoform\u00e9 de 13 mm ou 16 mm<\/td>\n<\/tr>\n<tr>\n<td><strong>Dimensions (L x l)<\/strong><\/td>\n<td>417 mm x 188 mm (allong\u00e9) ; formes personnalis\u00e9es disponibles<\/td>\n<\/tr>\n<tr>\n<td><strong>Plage de poids<\/strong><\/td>\n<td>7.8 \u2013 8.3 oz (220 g \u2013 235 g) ; poids personnalis\u00e9 disponible<\/td>\n<\/tr>\n<tr>\n<td><strong>Longueur de la poign\u00e9e &amp; prise<\/strong><\/td>\n<td>5.5 in (139.7 mm) standard ; prise en main perfor\u00e9e ; circonf\u00e9rence de 4.25 in<\/td>\n<\/tr>\n<tr>\n<td><strong>Processus de fabrication<\/strong><\/td>\n<td>Thermoformage en unibody \/ Moulage \u00e0 chaud<\/td>\n<\/tr>\n<tr>\n<td><strong>Conformit\u00e9 USAPA<\/strong><\/td>\n<td>Con\u00e7u pour r\u00e9ussir tous les tests de taille, de rugosit\u00e9, de COF &amp; de d\u00e9flexion<\/td>\n<\/tr>\n<tr>\n<td><strong>MOQ pour personnalisation<\/strong><\/td>\n<td>Contactez les ventes pour les minimums de marques priv\u00e9es et OEM<\/td>\n<\/tr>\n<\/tbody>\n<\/table>\n<p><script src=\"chrome-extension:\/\/fpelahbljekknahkcaegamhcndkfpfnc\/iFrame.js\" type=\"text\/javascript\"><\/script><\/p>","protected":false},"featured_media":2241,"template":"","meta":{"_acf_changed":false,"_kad_post_transparent":"default","_kad_post_title":"","_kad_post_layout":"default","_kad_post_sidebar_id":"","_kad_post_content_style":"default","_kad_post_vertical_padding":"default","_kad_post_feature":"","_kad_post_feature_position":"","_kad_post_header":false,"_kad_post_footer":false,"_kad_post_classname":""},"product_brand":[],"product_cat":[546,544,548,561,543,559,557,550,554,558],"product_tag":[],"class_list":{"0":"post-2206","1":"product","2":"type-product","3":"status-publish","4":"has-post-thumbnail","6":"product_cat-advanced-tech-thermoformed-paddles","7":"product_cat-carbon-fiber-pickleball-paddles","8":"product_cat-custom-oem-pickleball-paddles","9":"product_cat-intermediate-pickleball-paddles","10":"product_cat-paddles-by-material","11":"product_cat-paddles-by-performance","12":"product_cat-private-label-paddles","13":"product_cat-t700-carbon-fiber-paddles","14":"product_cat-thermoformed-pickleball-paddles","15":"product_cat-usapa-approved-paddles","17":"first","18":"instock","19":"shipping-taxable","20":"product-type-simple","21":"entry","22":"content-bg","23":"loop-entry"},"acf":[],"_links":{"self":[{"href":"https:\/\/nexapaddle.com\/fr\/wp-json\/wp\/v2\/product\/2206","targetHints":{"allow":["GET"]}}],"collection":[{"href":"https:\/\/nexapaddle.com\/fr\/wp-json\/wp\/v2\/product"}],"about":[{"href":"https:\/\/nexapaddle.com\/fr\/wp-json\/wp\/v2\/types\/product"}],"wp:featuredmedia":[{"embeddable":true,"href":"https:\/\/nexapaddle.com\/fr\/wp-json\/wp\/v2\/media\/2241"}],"wp:attachment":[{"href":"https:\/\/nexapaddle.com\/fr\/wp-json\/wp\/v2\/media?parent=2206"}],"wp:term":[{"taxonomy":"product_brand","embeddable":true,"href":"https:\/\/nexapaddle.com\/fr\/wp-json\/wp\/v2\/product_brand?post=2206"},{"taxonomy":"product_cat","embeddable":true,"href":"https:\/\/nexapaddle.com\/fr\/wp-json\/wp\/v2\/product_cat?post=2206"},{"taxonomy":"product_tag","embeddable":true,"href":"https:\/\/nexapaddle.com\/fr\/wp-json\/wp\/v2\/product_tag?post=2206"}],"curies":[{"name":"wp","href":"https:\/\/api.w.org\/{rel}","templated":true}]}}