{"id":2211,"date":"2026-04-03T11:24:38","date_gmt":"2026-04-03T11:24:38","guid":{"rendered":"https:\/\/nexapaddle.com\/?post_type=product&#038;p=2211"},"modified":"2026-04-06T00:03:18","modified_gmt":"2026-04-06T00:03:18","slug":"custom-kevlar-carbon-pickleball-paddle-oem","status":"publish","type":"product","link":"https:\/\/nexapaddle.com\/es\/custom-kevlar-carbon-pickleball-paddle-oem\/","title":{"rendered":"OEM de palas de pickleball personalizadas de Kevlar y carbono | OEM profesional de palas de pickleball"},"content":{"rendered":"<h2 data-v-md-heading=\"comprehensive-guide-to-custom-kevlar-carbon-pickleball-paddle-oem\" data-v-md-line=\"3\">Gu\u00eda Integral para Paddle de Pickleball de Kevlar Carbono OEM<\/h2>\n<h3 data-v-md-heading=\"the-synergy-of-kevlar-and-carbon-fiber-in-paddle-construction\" data-v-md-line=\"4\">La Sinergia de Kevlar y Fibra de Carbono en la Construcci\u00f3n del Paddle<\/h3>\n<p data-v-md-line=\"5\">El panorama moderno del pickleball exige equipos que ofrezcan una mezcla calculada de potencia, control y resistencia. Mientras que los est\u00e1ndares <a class=\"ng-star-inserted\" href=\"https:\/\/nexapaddle.com\/es\/carbon-fiber-pickleball-paddles\/\" target=\"_blank\" rel=\"noopener\" data-hveid=\"0\" data-ved=\"0CAAQ_4QMahgKEwj1memV9NeTAxUAAAAAHQAAAAAQ5QE\">Palas de Pickleball de Fibra de Carbono<\/a> proporcionan una rigidez excepcional y giro, pueden ser fr\u00e1giles bajo impactos sostenidos de alta velocidad. Aqu\u00ed es donde nuestra ciencia de materiales superficiales h\u00edbridos proporciona una ventaja competitiva distinta. Al entrelazar DuPont\u2122 Kevlar\u00ae\u2014una fibra aramida conocida por su uso en protecci\u00f3n bal\u00edstica\u2014con hojas de fibra de carbono Toray T700, creamos una cara compuesta con resistencia al impacto sin igual y amortiguaci\u00f3n de vibraciones. La fibra de carbono mantiene la superficie r\u00edgida y de alto giro que los jugadores exigen, mientras que la fibra aramida dispersa la energ\u00eda de impacto, eliminando la retroalimentaci\u00f3n \u00e1spera y la ruptura del n\u00facleo com\u00fan en paddles de menor calidad.<\/p>\n<h3 data-v-md-heading=\"why-custom-aramid-fiber-blends-are-trending-in-2024\" data-v-md-line=\"7\">Por qu\u00e9 las Mezclas de Fibra Aramida Personalizadas est\u00e1n en Tendencia en 2024<\/h3>\n<p data-v-md-line=\"8\">Las marcas exigentes y los jugadores profesionales est\u00e1n yendo m\u00e1s all\u00e1 de los dise\u00f1os de un solo material. El mercado est\u00e1 saturado de paddles de fibra de carbono gen\u00e9ricos; la diferenciaci\u00f3n ahora proviene de una ingenier\u00eda superior y sensaci\u00f3n. Un tejido de fibra aramida introduce un nivel de control y comodidad en el brazo que la fibra de carbono pura no puede igualar. Esta construcci\u00f3n h\u00edbrida resulta en una construcci\u00f3n de paddle m\u00e1s duradera con un punto dulce significativamente ampliado. Para tu marca, esto se traduce en un producto premium que exige un precio m\u00e1s alto y construye una reputaci\u00f3n de calidad e innovaci\u00f3n, posicion\u00e1ndote junto a l\u00edderes de la industria como JOOLA y Selkirk Sport.<\/p>\n<h2 data-v-md-heading=\"advantages-of-partnering-with-an-oem-pickleball-manufacturer\" data-v-md-line=\"10\">Ventajas de Asociarse con un Fabricante OEM de Pickleball<\/h2>\n<h3 data-v-md-heading=\"from-concept-to-pro-player-the-private-label-process\" data-v-md-line=\"11\">Del Concepto al Jugador Profesional: El Proceso de Marca Privada<\/h3>\n<p data-v-md-line=\"12\">Como proveedor especializado de paddles OEM, NexaPaddle ofrece una soluci\u00f3n integral <a class=\"ng-star-inserted\" href=\"https:\/\/nexapaddle.com\/es\/private-label-paddles\/\" target=\"_blank\" rel=\"noopener\" data-hveid=\"0\" data-ved=\"0CAAQ_4QMahgKEwj1memV9NeTAxUAAAAAHQAAAAAQ6QE\">Palas de Marca Privada<\/a> para transformar tu visi\u00f3n en equipos listos para torneos. Aprovechando m\u00e1s de una d\u00e9cada de experiencia en fabricaci\u00f3n de deportes de raqueta, nuestro proceso comienza con una inmersi\u00f3n profunda en los objetivos de rendimiento de tu marca. Asignamos a un ingeniero de I+D dedicado para traducir tu visi\u00f3n en dise\u00f1os CAD precisos, asegurando la distribuci\u00f3n \u00f3ptima del peso y el peso de swing tanto para control estrat\u00e9gico como para potencia agresiva desde la l\u00ednea base. Aprovechando nuestras capacidades en dise\u00f1o de moldes de paddles personalizados y mecanizado CNC, prototipamos, probamos y refinamos. Tu propiedad intelectual est\u00e1 protegida mientras manejamos todo, desde la obtenci\u00f3n de materiales hasta aplicar tu impresi\u00f3n de logotipo personalizada a trav\u00e9s de tecnolog\u00eda de impresi\u00f3n digital UV de alta fidelidad, asegurando un producto listo para el mercado en tiempo r\u00e9cord.<\/p>\n<h3 data-v-md-heading=\"navigating-moqs-and-wholesale-pricing-for-startup-brands\" data-v-md-line=\"14\">Navegando MOQs y Precios al por Mayor para Marcas de Nuevas Empresas<\/h3>\n<p data-v-md-line=\"15\">Entendemos los desaf\u00edos de la gesti\u00f3n de inventario y flujo de efectivo, especialmente para marcas emergentes de equipos de pickleball de marca privada. A diferencia de f\u00e1bricas grandes e inflexibles, estructuramos nuestros MOQ para facilitar la entrada al mercado y la escalabilidad. Ofrecemos precios de paddles de pickleball al por mayor basados en volumen que mejoran tu ROI a medida que tu distribuci\u00f3n crece. Nuestros equipos de ventas y log\u00edstica son expertos en preparaci\u00f3n FBA y cumplimiento global, optimizando tu cadena de suministro desde nuestro centro de producci\u00f3n en Dongguan directamente a las manos de tus clientes, ya sea en el mercado de Estados Unidos o en el extranjero.<\/p>\n<h2 data-v-md-heading=\"technical-specifications-and-core-technologies\" data-v-md-line=\"17\">Especificaciones T\u00e9cnicas y Tecnolog\u00edas de N\u00facleo<\/h2>\n<h3 data-v-md-heading=\"exploring-toray-t700-surface-textures-for-maximum-spin\" data-v-md-line=\"18\">Explorando Texturas Superficiales de Toray T700 para M\u00e1ximo Giro<\/h3>\n<p data-v-md-line=\"19\">La capacidad de un paddle para generar giro es una funci\u00f3n directa de su fricci\u00f3n superficial. Mientras que muchas f\u00e1bricas utilizan materiales gen\u00e9ricos, nosotros exclusivamente obtenemos fibra de carbono unidireccional Toray T700, el est\u00e1ndar de oro en equipos de aviaci\u00f3n y deportes profesionales. Nuestro m\u00e9todo exclusivo de prensado en caliente crea una superficie de carbono en grano crudo con una textura calibrada con precisi\u00f3n. Esta tecnolog\u00eda de cara texturizada maximiza el Coeficiente de Fricci\u00f3n (COF) dentro de los l\u00edmites de la USAPA, permitiendo que el paddle muerda la pelota y genere un giro devastador para cortes y saques.<\/p>\n<p data-v-md-line=\"19\">Para mantener esta textura de carbono en grano crudo de alta fricci\u00f3n a lo largo del tiempo, recomendamos encarecidamente ofrecer a tus clientes nuestros <a class=\"ng-star-inserted\" href=\"https:\/\/nexapaddle.com\/es\/pickleball-paddle-eraser-cleaner-wholesale\/\" target=\"_blank\" rel=\"noopener\" data-hveid=\"0\" data-ved=\"0CAAQ_4QMahgKEwj1memV9NeTAxUAAAAAHQAAAAAQ6AE\">Limpiador de borrador de palas de pickleball al por mayor | OEM profesional de palas de pickleball<\/a> como un complemento de mantenimiento esencial.<\/p>\n<h3 data-v-md-heading=\"honeycomb-core-innovation-13mm-vs-16mm-polypropylene\" data-v-md-line=\"21\">Innovaci\u00f3n del N\u00facleo de Panal: 13mm vs. 16mm de Polipropileno<\/h3>\n<p data-v-md-line=\"22\">El motor de cualquier paddle es su n\u00facleo. Nuestra tecnolog\u00eda de n\u00facleo de panal de polipropileno reactivo est\u00e1 dise\u00f1ada para un rendimiento \u00f3ptimo. Un n\u00facleo de potencia de 13mm proporciona un estallido explosivo y potencia para jugadores que dominan desde la l\u00ednea de fondo. Para marcas que apuntan al segmento de control y tacto, el grosor de n\u00facleo de 16mm ofrece una mejor amortiguaci\u00f3n de vibraciones y una respuesta m\u00e1s indulgente. Esta optimizaci\u00f3n del punto dulce ampliado reduce los errores y proporciona la sensaci\u00f3n consistente que los jugadores de alto nivel requieren.<\/p>\n<h3 data-v-md-heading=\"thermoformed-vs-foam-injected-edge-technology\" data-v-md-line=\"24\">Tecnolog\u00eda de Borde Termoformado vs. Inyectada con Espuma<\/h3>\n<p data-v-md-line=\"25\">La construcci\u00f3n est\u00e1ndar de paddles est\u00e1 plagada de un punto cr\u00edtico de fallo: la protecci\u00f3n del borde. Los protectores pegados frecuentemente se delaminan, y los per\u00edmetros huecos conducen a una sensaci\u00f3n muerta e inestable. Nuestro <a class=\"ng-star-inserted\" href=\"https:\/\/nexapaddle.com\/es\/thermoformed-pickleball-paddles\/\" target=\"_blank\" rel=\"noopener\" data-hveid=\"0\" data-ved=\"0CAAQ_4QMahgKEwj1memV9NeTAxUAAAAAHQAAAAAQ5gE\">Palas de Pickleball Termoconformadas<\/a> proceso, combinado con bordes inyectados con espuma, crea un marco de Pol\u00edmero Reforzado con Carbono (CFRP) unibody sellado. Esta tecnolog\u00eda de guardia de borde integrada aumenta dr\u00e1sticamente la estabilidad y durabilidad del paddle, protegiendo el n\u00facleo de panal de aplastamiento y asegurando que tu producto soporte miles de impactos.<\/p>\n<h2 data-v-md-heading=\"designing-your-signature-pickleball-paddle\" data-v-md-line=\"27\">Dise\u00f1ando tu Paddle de Pickleball Personalizado<\/h2>\n<h3 data-v-md-heading=\"customizing-handle-ergonomics-and-grip-materials\" data-v-md-line=\"28\">Personalizando la Ergonom\u00eda del Mango y Materiales de Agarre<\/h3>\n<p data-v-md-line=\"29\">La \u00fanica conexi\u00f3n de un jugador con el paddle es el mango, lo que hace que su dise\u00f1o sea cr\u00edtico. Ofrecemos personalizaci\u00f3n completa de la longitud del mango, desde mangos m\u00e1s cortos para conversores de tenis de mesa hasta mangos de paddle de forma alargada para golpes a dos manos. Elige entre m\u00faltiples opciones de circunferencia de agarre y materiales, incluyendo nuestro agarre de almohadilla a prueba de sudor, que proporciona una sensaci\u00f3n pegajosa y c\u00f3moda para un manejo confiado durante el juego intenso.<\/p>\n<h3 data-v-md-heading=\"graphic-design-options-uv-printing-vs-silk-screen\" data-v-md-line=\"31\">Opciones de Dise\u00f1o Gr\u00e1fico: Impresi\u00f3n UV vs. Serigraf\u00eda<\/h3>\n<p data-v-md-line=\"32\">La identidad visual de tu marca debe ser n\u00edtida y duradera. Utilizamos tecnolog\u00eda de impresi\u00f3n digital UV de \u00faltima generaci\u00f3n, que cura la tinta directamente sobre la cara del paddle para gr\u00e1ficos vibrantes y a todo color que resisten el desgaste y desvanecimiento. Para dise\u00f1os que requieren coincidencia de colores espec\u00edfica o una est\u00e9tica cl\u00e1sica, nuestra aplicaci\u00f3n de cara de paddle serigrafiada con precisi\u00f3n ofrece un acabado robusto y profesional. Aseguramos que tu dise\u00f1o de paddle personalizado refleje la calidad premium de su construcci\u00f3n.<\/p>\n<p data-v-md-line=\"32\">Para completar la experiencia de desempaquetado premium de tu marca, combina tus paddles personalizados con nuestros <a class=\"ng-star-inserted\" href=\"https:\/\/nexapaddle.com\/es\/custom-pickleball-paddle-bags-covers-oem\/\" target=\"_blank\" rel=\"noopener\" data-hveid=\"0\" data-ved=\"0CAAQ_4QMahgKEwj1memV9NeTAxUAAAAAHQAAAAAQ5wE\">Bolsas y Cubiertas Personalizadas para Palas de Pickleball OEM | Palas de Pickleball Profesionales OEM<\/a> para proteger la superficie del paddle y aumentar tu margen comercial.<\/p>\n<h2 data-v-md-heading=\"quality-assurance-and-industry-standards\" data-v-md-line=\"34\">Aseguramiento de Calidad y Normas de la Industria<\/h2>\n<h3 data-v-md-heading=\"meeting-usapa-equipment-requirements-for-professional-play\" data-v-md-line=\"35\">Cumpliendo con los Requisitos de Equipamiento de la USAPA para el Juego Profesional<\/h3>\n<p data-v-md-line=\"36\">La credibilidad en el mercado es innegociable. Como un socio l\u00edder en fabricaci\u00f3n de deportes de raqueta, cada paddle que producimos est\u00e1 dise\u00f1ado para cumplir completamente con las especificaciones t\u00e9cnicas de USA Pickleball (USAPA). Probamos meticulosamente cada lote de producci\u00f3n en nuestro laboratorio de control de calidad en Dongguan. Controlamos estrictamente el peso est\u00e1tico del paddle (con una tolerancia estricta de \u00b10.1oz), puntos de balance precisos, rugosidad superficial conforme a la USAPA (l\u00edmites de microtextura RT y RZ) y deflexi\u00f3n del n\u00facleo. Proporcionamos un informe de pruebas por lote completo con tu env\u00edo para garantizar que tu equipo est\u00e9 listo para torneos y libre de defectos desde el primer uso. Asociarse con un fabricante aprobado por la USAPA protege tu marca y brinda tranquilidad a tus clientes.<\/p>\n<h3 data-v-md-heading=\"durability-testing-impact-resistance-and-delamination-prevention\" data-v-md-line=\"38\">Pruebas de Durabilidad: Resistencia al Impacto y Prevenci\u00f3n de Delaminaci\u00f3n<\/h3>\n<p data-v-md-line=\"39\">Nuestro compromiso con la calidad se valida a trav\u00e9s de rigurosos protocolos de prueba internos que superan los est\u00e1ndares de la industria. Cada dise\u00f1o de paddle pasa por pruebas de esfuerzo que simulan un uso agresivo y prolongado. Analizamos la delaminaci\u00f3n, el aplastamiento del n\u00facleo y la integridad del mango para identificar y eliminar posibles puntos de fallo antes de que comience la producci\u00f3n en masa. Este enfoque en una construcci\u00f3n de paddle duradera asegura una menor tasa de retorno para tu negocio y un producto superior para el usuario final.<\/p>\n<p><script src=\"chrome-extension:\/\/fpelahbljekknahkcaegamhcndkfpfnc\/iFrame.js\" type=\"text\/javascript\"><\/script><\/p>","protected":false},"excerpt":{"rendered":"<h2 data-v-md-heading=\"technical-specifications\" data-v-md-line=\"41\"><span style=\"font-size: 17px; font-weight: 400;\">Eleva la ventaja competitiva de tu marca con nuestro Kevlar h\u00edbrido premium y <\/span><a style=\"font-size: 17px; font-weight: 400;\" href=\"https:\/\/nexapaddle.com\/es\/t700-carbon-fiber-paddles\/\">Palas de Fibra de Carbono T700<\/a><span style=\"font-size: 17px; font-weight: 400;\">. Dise\u00f1ados para la obtenci\u00f3n avanzada B2B, estos <\/span><a style=\"font-size: 17px; font-weight: 400;\" href=\"https:\/\/nexapaddle.com\/es\/usapa-approved-paddles\/\">Palas Aprobadas por USAPA<\/a><span style=\"font-size: 17px; font-weight: 400;\">\u00a0presentan un unibody termoformado y un n\u00facleo reactivo de 16mm, ofreciendo el equilibrio definitivo de potencia y amortiguaci\u00f3n de vibraciones para el juego profesional.<\/span><\/h2>\n<table data-v-md-line=\"43\">\n<thead>\n<tr>\n<th>Par\u00e1metro de Especificaci\u00f3n<\/th>\n<th>Rango de Detalle \/ Personalizaci\u00f3n<\/th>\n<\/tr>\n<\/thead>\n<tbody>\n<tr>\n<td><strong>Material de la Cara<\/strong><\/td>\n<td><a href=\"https:\/\/nexapaddle.com\/es\/raw-carbon-pickleball-paddles\/\">Fibra de Carbono Toray T700<\/a> \/ Tejido H\u00edbrido DuPont\u2122 Kevlar\u00ae<\/td>\n<\/tr>\n<tr>\n<td><strong>Material &amp; Tecnolog\u00eda del N\u00facleo<\/strong><\/td>\n<td>Panales de Polipropileno Reactivo de 16mm<\/td>\n<\/tr>\n<tr>\n<td><strong>Dimensiones (L x W)<\/strong><\/td>\n<td>417mm x 188mm (Forma Alargada)<\/td>\n<\/tr>\n<tr>\n<td><strong>Rango de Peso<\/strong><\/td>\n<td>7.8 \u2013 8.3 oz (220g \u2013 235g)<\/td>\n<\/tr>\n<tr>\n<td><strong>Longitud del Mango &amp; Agarre<\/strong><\/td>\n<td>139mm de Longitud, Agarre de Almohadilla Personalizable a Prueba de Sudor<\/td>\n<\/tr>\n<tr>\n<td><strong>Proceso de Fabricaci\u00f3n<\/strong><\/td>\n<td>Termoformado de Unibody con Bordes Inyectados con Espuma<\/td>\n<\/tr>\n<tr>\n<td><strong>Cumplimiento de USAPA<\/strong><\/td>\n<td>Dise\u00f1ada para pasar pruebas de Tama\u00f1o, Rugosidad, COF &amp; Deflexi\u00f3n<\/td>\n<\/tr>\n<tr>\n<td><strong>MOQ para Personalizaci\u00f3n<\/strong><\/td>\n<td>Contacta a Ventas para M\u00ednimos de Marca Privada<\/td>\n<\/tr>\n<\/tbody>\n<\/table>\n<p><script src=\"chrome-extension:\/\/fpelahbljekknahkcaegamhcndkfpfnc\/iFrame.js\" type=\"text\/javascript\"><\/script><\/p>","protected":false},"featured_media":2270,"template":"","meta":{"_acf_changed":false,"_kad_post_transparent":"default","_kad_post_title":"","_kad_post_layout":"default","_kad_post_sidebar_id":"","_kad_post_content_style":"default","_kad_post_vertical_padding":"default","_kad_post_feature":"","_kad_post_feature_position":"","_kad_post_header":false,"_kad_post_footer":false,"_kad_post_classname":""},"product_brand":[],"product_cat":[546,544,548,543,559,557,562,554],"product_tag":[],"class_list":{"0":"post-2211","1":"product","2":"type-product","3":"status-publish","4":"has-post-thumbnail","6":"product_cat-advanced-tech-thermoformed-paddles","7":"product_cat-carbon-fiber-pickleball-paddles","8":"product_cat-custom-oem-pickleball-paddles","9":"product_cat-paddles-by-material","10":"product_cat-paddles-by-performance","11":"product_cat-private-label-paddles","12":"product_cat-pro-advanced-pickleball-paddles","13":"product_cat-thermoformed-pickleball-paddles","15":"first","16":"instock","17":"shipping-taxable","18":"product-type-simple","19":"entry","20":"content-bg","21":"loop-entry"},"acf":[],"_links":{"self":[{"href":"https:\/\/nexapaddle.com\/es\/wp-json\/wp\/v2\/product\/2211","targetHints":{"allow":["GET"]}}],"collection":[{"href":"https:\/\/nexapaddle.com\/es\/wp-json\/wp\/v2\/product"}],"about":[{"href":"https:\/\/nexapaddle.com\/es\/wp-json\/wp\/v2\/types\/product"}],"wp:featuredmedia":[{"embeddable":true,"href":"https:\/\/nexapaddle.com\/es\/wp-json\/wp\/v2\/media\/2270"}],"wp:attachment":[{"href":"https:\/\/nexapaddle.com\/es\/wp-json\/wp\/v2\/media?parent=2211"}],"wp:term":[{"taxonomy":"product_brand","embeddable":true,"href":"https:\/\/nexapaddle.com\/es\/wp-json\/wp\/v2\/product_brand?post=2211"},{"taxonomy":"product_cat","embeddable":true,"href":"https:\/\/nexapaddle.com\/es\/wp-json\/wp\/v2\/product_cat?post=2211"},{"taxonomy":"product_tag","embeddable":true,"href":"https:\/\/nexapaddle.com\/es\/wp-json\/wp\/v2\/product_tag?post=2211"}],"curies":[{"name":"wp","href":"https:\/\/api.w.org\/{rel}","templated":true}]}}