{"id":2220,"date":"2026-04-03T12:04:09","date_gmt":"2026-04-03T12:04:09","guid":{"rendered":"https:\/\/nexapaddle.com\/?post_type=product&#038;p=2220"},"modified":"2026-04-05T14:47:13","modified_gmt":"2026-04-05T14:47:13","slug":"custom-usapa-pickleballs-wholesale-factory","status":"publish","type":"product","link":"https:\/\/nexapaddle.com\/de\/custom-usapa-pickleballs-wholesale-factory\/","title":{"rendered":"Ma\u00dfgeschneiderte USAPA-Pickleballs Gro\u00dfhandelsfabrik | NexaPaddle Equipment OEM"},"content":{"rendered":"<p data-v-md-line=\"3\">Unterst\u00fctzt von \u00fcber 10 Jahren spezialisierter Herstellungserfahrung konzipieren unsere Werke professionelle Pickleball-Ausr\u00fcstung f\u00fcr B2B-Partner, die Pr\u00e4zision, Haltbarkeit und Markensteuerung fordern. Wir umgehen Zwischenh\u00e4ndler \u2013 die Handelsunternehmen bei Alibaba oder Global Sources \u2013 um eine \u00fcberlegene Rendite und Transparenz direkt vom Werk zu bieten. Unser Fachwissen basiert auf Polymerwissenschaft und Hochvolumenproduktion, sodass jeder Ball den strengen Standards des Turnierspiels entspricht und den Ruf Ihrer Marke st\u00e4rkt. Wir bieten umfassende OEM\/ODM-Dienste f\u00fcr Private-Label-Verk\u00e4ufer, Sportger\u00e4te-Distributoren und Turnierdirektoren weltweit.<\/p>\n<div style=\"width: 1280px;\" class=\"wp-video\"><video class=\"wp-video-shortcode\" id=\"video-2220-1\" width=\"1280\" height=\"720\" preload=\"metadata\" controls=\"controls\"><source type=\"video\/mp4\" src=\"https:\/\/nexapaddle.com\/wp-content\/uploads\/2026\/04\/Custom-USAPA-Pickleballs-Wholesale-Factory-NexaPaddle-Equipment-OEM.mp4?_=1\" \/><a href=\"https:\/\/nexapaddle.com\/wp-content\/uploads\/2026\/04\/Custom-USAPA-Pickleballs-Wholesale-Factory-NexaPaddle-Equipment-OEM.mp4\">https:\/\/nexapaddle.com\/wp-content\/uploads\/2026\/04\/Custom-USAPA-Pickleballs-Wholesale-Factory-NexaPaddle-Equipment-OEM.mp4<\/a><\/video><\/div>\n<h2 data-v-md-heading=\"why-usapa-certification-matters-for-wholesale-buyers\" data-v-md-line=\"5\">Warum die USAPA-Zertifizierung f\u00fcr Gro\u00dfabnehmer wichtig ist<\/h2>\n<p data-v-md-line=\"6\">Die Genehmigung durch USA Pickleball (USAPA) ist der Goldstandard f\u00fcr Marktf\u00e4higkeit und Leistung. Es ist kein Schaufensteretikett; es handelt sich um eine strenge Zertifizierung, die die Einhaltung der strengen technischen Spezifikationen gew\u00e4hrleistet, die professionelle Spieler und genehmigte Turniere verlangen.<\/p>\n<ul data-v-md-line=\"8\">\n<li>\n<p data-v-md-line=\"8\"><strong>Verst\u00e4ndnis der Qualit\u00e4tsstandards auf Turnierniveau<\/strong><br \/>\nUSAPA-Protokolle diktieren pr\u00e4zise Ma\u00dfe f\u00fcr das Ballgewicht (22,1 bis 26,5 Gramm), den Durchmesser (2,87 bis 2,97 Zoll) und die Absprungh\u00f6he (30 bis 34 Zoll). Unsere Qualit\u00e4tsinspektionsprotokolle, die mit Institutionen wie SGS und TUV \u00fcbereinstimmen, garantieren, dass jede Charge unserer\u00a0<code>Turnier-Pickleballs<\/code>\u00a0diese unverhandelbaren Standards f\u00fcr die Konsistenz der R\u00fcckprallh\u00f6he erf\u00fcllt.<\/p>\n<\/li>\n<li>\n<p data-v-md-line=\"11\"><strong>Rechtliche Anforderungen f\u00fcr genehmigte Spiele<\/strong><br \/>\nNur USAPA-genehmigte B\u00e4lle sind bei genehmigten Veranstaltungen, die von der PPA oder APP veranstaltet werden, zugelassen. Die Kombination dieser B\u00e4lle mit unseren <a class=\"ng-star-inserted\" href=\"https:\/\/nexapaddle.com\/de\/high-end-pickleball-paddles-factory-supplier\/\" target=\"_blank\" rel=\"noopener\" data-hveid=\"0\" data-ved=\"0CAAQ_4QMahgKEwiInYmE99aTAxUAAAAAHQAAAAAQnQE\">Hochwertigen Pickleball-Paddeln als Werkslieferant<\/a> stellt sicher, dass Ihre Marke ein komplettes, turnierreifes \u00d6kosystem bietet.<\/p>\n<\/li>\n<li>\n<p data-v-md-line=\"14\"><strong>Wie die USAPA-Genehmigung die Markenbekanntheit steigert<\/strong><br \/>\nF\u00fcr\u00a0<code>Private-Label-Pickleball-Ausr\u00fcstung<\/code>\u00a0Verk\u00e4ufer auf Amazon Business oder anderen B2B-E-Commerce-Plattformen ist das USAPA-Zeichen ein starkes Signal f\u00fcr Qualit\u00e4t. Es hebt Ihr Produkt sofort von minderwertigen Alternativen ab, rechtfertigt einen h\u00f6heren Preis und st\u00e4rkt das Vertrauen der Endnutzer.<\/p>\n<\/li>\n<\/ul>\n<h2 data-v-md-heading=\"customization-options-at-our-wholesale-factory\" data-v-md-line=\"17\">Anpassungsm\u00f6glichkeiten in unserer Gro\u00dfhandelsfabrik<\/h2>\n<p data-v-md-line=\"18\">Ihre Markenidentit\u00e4t hat oberste Priorit\u00e4t. Wir bieten umfangreiche OEM- und ODM-Dienste, um Ihre Vision in ein marktf\u00e4higes Produkt zu \u00fcbersetzen.<\/p>\n<ul data-v-md-line=\"20\">\n<li>\n<p data-v-md-line=\"20\"><strong>Private Labeling: Ihr Logo und Ihre Markenfarben hinzuf\u00fcgen<\/strong><br \/>\nWir entwickeln ma\u00dfgeschneiderte Verpackungen f\u00fcr Gro\u00dfhandels-Pickleballs, von einfachen Bulk-Netzbeuteln f\u00fcr Clubs bis zu verkaufsbereiten Boxen. Um das Produktsortiment Ihrer Marke abzurunden, stellen wir auch her <a class=\"ng-star-inserted\" href=\"https:\/\/nexapaddle.com\/de\/custom-pickleball-paddle-bags-covers-oem\/\" target=\"_blank\" rel=\"noopener\" data-hveid=\"0\" data-ved=\"0CAAQ_4QMahgKEwiInYmE99aTAxUAAAAAHQAAAAAQnAE\">Benutzerdefinierte Pickleball-Paddel-Taschen und -H\u00fcllen OEM<\/a> f\u00fcr eine koh\u00e4rente Pr\u00e4sentation im Einzelhandel.<\/p>\n<\/li>\n<li>\n<p data-v-md-line=\"23\"><strong>Ma\u00dfgeschneiderte Verpackungsl\u00f6sungen: Von Netzbeuteln bis zu Verkaufsverpackungen<\/strong><br \/>\nPr\u00e4sentation ist wichtig. Wir entwickeln\u00a0<code>benutzerdefinierte Verpackungen f\u00fcr Gro\u00dfhandels-Pickleballs<\/code>, von einfachen Bulk-Netzbeuteln f\u00fcr Clubs bis zu verkaufsbereiten Boxen, die f\u00fcr Marken wie Dick\u2019s Sporting Goods oder PCKL entwickelt wurden.<\/p>\n<\/li>\n<li>\n<p data-v-md-line=\"26\"><strong>Entwicklung einzigartiger Farbkombinationen f\u00fcr Clubs und Veranstaltungen<\/strong><br \/>\nGehen Sie \u00fcber das Standard-neon-gelb hinaus. Wir sind ein\u00a0<code>Fabriklieferant f\u00fcr benutzerdefinierte Farben von Pickleballs<\/code>\u00a0und bieten einzigartige Farbkombinationen und sogar zweifarbige Designs an, um Ihre Marke oder Veranstaltung hervorzuheben. Wir haben einen\u00a0<code>niedrigen MOQ f\u00fcr benutzerdefinierte Pickleballs, Lieferant China<\/code>\u00a0Status, um sowohl aufstrebende als auch etablierte Marken zu unterst\u00fctzen.<\/p>\n<\/li>\n<\/ul>\n<h2 data-v-md-heading=\"technical-specifications-of-high-performance-pickleballs\" data-v-md-line=\"29\">Technische Spezifikationen von Hochleistungs-Pickleballs<\/h2>\n<p data-v-md-line=\"30\">Die Leistung eines Pickleballs ist das direkte Ergebnis seiner Materialwissenschaft und Ingenieurtechnik. Wir stellen nicht nur zusammen; wir fertigen mit einem Zweck.<\/p>\n<ul data-v-md-line=\"32\">\n<li>\n<p data-v-md-line=\"32\"><strong>Outdoor vs. Indoor: Vergleich von 40-Loch- und 26-Loch-Designs<\/strong><br \/>\nUnsere\u00a0<code>Die 40-Loch Outdoor-Pickleballs im Gro\u00dfhandel<\/code>\u00a0verwendet eine h\u00e4rtere, langlebigere Polyethylen (PE)-Materialmischung mit UV-resistenten Additiven. Die kleineren, pr\u00e4zisionsgebohrten L\u00f6cher sorgen f\u00fcr einen stabilen Flugbahn in windigen Bedingungen. Im Gegensatz dazu verwenden unsere\u00a0<code>26-Loch Indoor-Pickleballs aus der Gro\u00dfhandelsfabrik<\/code>\u00a0Produkte ein etwas weicheres TPE-Material f\u00fcr einen authentischeren Absprung auf glatten Sportb\u00f6den.<\/p>\n<\/li>\n<li>\n<p data-v-md-line=\"35\"><strong>Materialwissenschaft: Verwendung von hochwertigem PE und TPE f\u00fcr Haltbarkeit<\/strong><br \/>\nViele Gro\u00dfhandelsb\u00e4lle brechen vorzeitig aufgrund einer schlechten Polymerzusammensetzung. Wir verwenden jungfr\u00e4uliches PE und TPE in unserem\u00a0<code>Spritzgussverfahren<\/code>\u00a0und schaffen eine\u00a0<code>nahtlose Pickleball-Konstruktion<\/code>\u00a0die Rissen und Verformungen selbst bei unterschiedlichen Klimabedingungen widersteht. Dieser Fokus auf\u00a0<code>Haltbarkeitstests von Pickleball-B\u00e4llen<\/code>\u00a0ist ein grundlegendes Fabrikprotokoll.<\/p>\n<\/li>\n<li>\n<p data-v-md-line=\"38\"><strong>Pr\u00e4zisionsengineering: Sprungkonstanz und Flugbahnstabilit\u00e4t<\/strong><br \/>\nUnser Spritzgussverfahren gew\u00e4hrleistet perfekte Sph\u00e4rizit\u00e4t und gleichm\u00e4\u00dfige Wanddicke. Dies beseitigt Wackeln und garantiert die\u00a0<code>Flugstabilit\u00e4t von Pickleballs mit individuellem Logo<\/code>\u00a0die Marken f\u00fcr ein professionelles Gef\u00fchl ben\u00f6tigen und mit etablierten Namen wie Dura Fast 40 oder Onix Pickleball konkurrieren.<\/p>\n<\/li>\n<\/ul>\n<h2 data-v-md-heading=\"the-manufacturing-process-from-design-to-delivery\" data-v-md-line=\"41\">Der Produktionsprozess: Von der Planung bis zur Lieferung<\/h2>\n<p data-v-md-line=\"42\">Von unseren ISO 9001-zertifizierten Einrichtungen im Dongguan Sportger\u00e4tebezirk verwalten wir den gesamten Produktionslebenszyklus, um Qualit\u00e4t und Effizienz sicherzustellen.<\/p>\n<ul data-v-md-line=\"44\">\n<li>\n<p data-v-md-line=\"44\"><strong>Spritzguss vs. Rotationsguss-Techniken<\/strong><br \/>\nW\u00e4hrend einige Fabriken Rotationsguss verwenden, setzen wir ausschlie\u00dflich auf Pr\u00e4zisionsspritzguss. Diese Methode produziert einen st\u00e4rkeren, einteiligen Ball mit \u00fcberlegener Nahtfestigkeit und Gewichtverteilung, die entscheidend f\u00fcr die Erf\u00fcllung der\u00a0<code>H\u00e4rtepr\u00fcfstandards f\u00fcr Pickleball-B\u00e4lle USAPA<\/code>.<\/p>\n<\/li>\n<li>\n<p data-v-md-line=\"47\"><strong>Qualit\u00e4tskontrollprotokolle: Gewicht und R\u00fcckpr\u00dcWalltests<\/strong><br \/>\nJede Produktionscharge durchl\u00e4uft strenge QC. Um eine 100%ige USAPA-Passerate zu garantieren, f\u00fchrt unser hauseigenes Labor rigorose Vortests durch \u2013 einschlie\u00dflich automatischer Gewichtskontrollen, laserbasierter Durchmessermessungen und Oberfl\u00e4chenreibung (COF)-Analysen \u2013 bevor eine Charge unser Werk verl\u00e4sst.<\/p>\n<\/li>\n<li>\n<p data-v-md-line=\"50\"><strong>Umweltfreundliche Fertigungspraktiken in modernen Fabriken<\/strong><br \/>\nWir setzen uns f\u00fcr Nachhaltigkeit ein, nutzen recycelbare Kunststoffmaterialien und optimieren unseren Energieverbrauch. Wir bieten Partnern die M\u00f6glichkeit, ihre Produkte mit einem umweltfreundlichen Ansatz zu bewerben.<\/p>\n<\/li>\n<\/ul>\n<h2 data-v-md-heading=\"strategic-sourcing-buying-direct-from-the-factory\" data-v-md-line=\"53\">Strategische Beschaffung: Direktkauf vom Werk<\/h2>\n<p data-v-md-line=\"54\">Die Elimination von Zwischenh\u00e4ndlern ist der schnellste Weg zu Profitabilit\u00e4t und Qualit\u00e4tssicherung im\u00a0<code>Gro\u00dfhandelsmarkt f\u00fcr Sportartikel.<\/code>\u00a0Kostenvorteile der Eliminierung von Zwischenh\u00e4ndlern<\/p>\n<ul data-v-md-line=\"56\">\n<li>\n<p data-v-md-line=\"56\"><strong>Als ein<\/strong><br \/>\nDirektlieferant f\u00fcr Pickleball-Produkte mit weltweiter Lieferung\u00a0<code>bieten wir wettbewerbsf\u00e4hige<\/code>\u00a0Gro\u00dfhandelspreise f\u00fcr USAPA-zertifizierte Pickleballs\u00a0<code>die Handelsunternehmen nicht bieten k\u00f6nnen. Dies erh\u00f6ht direkt Ihre Gewinnmargen.<\/code>\u00a0Navigieren von MOQs (Mindestbestellmengen)<\/p>\n<\/li>\n<li>\n<p data-v-md-line=\"59\"><strong>Wir arbeiten mit einer Vielzahl von Kunden, von Startups bis zu gro\u00dfen Vertriebspartnern. Besuchen Sie unsere<\/strong><br \/>\nSeite, um mehr \u00fcber unsere Produktionskapazit\u00e4ten zu erfahren, oder kontaktieren Sie unser Vertriebsteam, um \u00fcber Ihre Bed\u00fcrfnisse zu sprechen, da wir flexible MOQs f\u00fcr verschiedene <a class=\"ng-star-inserted\" href=\"https:\/\/nexapaddle.com\/de\/about\/\" target=\"_blank\" rel=\"noopener\" data-hveid=\"0\" data-ved=\"0CAAQ_4QMahgKEwiInYmE99aTAxUAAAAAHQAAAAAQpQE\">\u00dcber<\/a> benutzerdefinierte gedruckte Pickleballs f\u00fcr Turniere <code>und Einzelhandelsprojekte anbieten.<\/code>\u00a0Logistik- und globale Versand\u00fcberlegungen<\/p>\n<\/li>\n<li>\n<p data-v-md-line=\"62\"><strong>Wir bieten eine umfassende Logistikl\u00f6sung, die alles vom Produktionsprozess in unserem<\/strong><br \/>\nHerstellungszentrum in Shenzhen\u00a0<code>bis zur endg\u00fcltigen Lieferung verwaltet. Wir bieten klare Angebote zu den<\/code>\u00a0Versandkosten f\u00fcr Gro\u00dfbestellungen von Pickleball aus China\u00a0<code>um vollst\u00e4ndige Transparenz zu gew\u00e4hrleisten.<\/code>\u00a0Anwendungen f\u00fcr benutzerdefinierte Gro\u00dfhandels-Pickleballs<\/p>\n<\/li>\n<\/ul>\n<h2 data-v-md-heading=\"applications-for-custom-wholesale-pickleballs\" data-v-md-line=\"65\">Unsere Produkte sind f\u00fcr eine Vielzahl von professionellen und Freizeitanwendungen konzipiert.<\/h2>\n<p data-v-md-line=\"66\">Branding f\u00fcr professionelle Clubs und Ligen<\/p>\n<ul data-v-md-line=\"68\">\n<li>\n<p data-v-md-line=\"68\"><strong>Ausr\u00fcsten Sie Ihre Einrichtung mit hochwertigen, gebrandeten B\u00e4llen, die das Spielerlebnis verbessern. Wir sind ein wichtiger<\/strong><br \/>\nLieferant f\u00fcr Gro\u00dfhandels-Pickleball-Ausr\u00fcstung\u00a0<code>f\u00fcr Clubs und die National Pickleball League (NPL).<\/code>\u00a0Werbeartikel f\u00fcr Unternehmensgeschenke und Veranstaltungen<\/p>\n<\/li>\n<li>\n<p data-v-md-line=\"71\"><strong>Gebrandete Pickleballs f\u00fcr Sportmarketing<\/strong><br \/>\n<code>sind ein einzigartiges und effektives Werbemittel. Wir k\u00f6nnen<\/code>\u00a0eine Preisliste f\u00fcr Gro\u00dfhandels-Pickleballs f\u00fcr Werbeaktionen\u00a0<code>f\u00fcr Ihre n\u00e4chste Unternehmensveranstaltung oder Spendenaktion erstellen.<\/code>\u00a0Gro\u00dflieferungen f\u00fcr Schulen, YMCAs und Gemeindezentren<\/p>\n<\/li>\n<li>\n<p data-v-md-line=\"74\"><strong>Wir bieten langlebige, kosteng\u00fcnstige<\/strong><br \/>\nGro\u00dfbestellungen von Pickleball-B\u00e4llen f\u00fcr Clubs an.\u00a0<code>bulk buy pickleball balls for clubs<\/code>\u00a0und Gemeinschaftsprogramme, die den Sport einem breiteren Publikum zug\u00e4nglich machen.<\/p>\n<\/li>\n<\/ul>\n<p>Neben Gro\u00dfhandelsb\u00e4llen bieten wir eine vollst\u00e4ndige Palette von <a class=\"ng-star-inserted\" href=\"https:\/\/nexapaddle.com\/de\/pickleball-accessories-gear\/\" target=\"_blank\" rel=\"noopener\" data-hveid=\"0\" data-ved=\"0CAAQ_4QMahgKEwiInYmE99aTAxUAAAAAHQAAAAAQngE\">Pickleball-Zubeh\u00f6r &amp; Ausr\u00fcstung<\/a>, was uns zu Ihrer One-Stop-Fabrik f\u00fcr die Ausstattung von Ligen und Einrichtungen macht.<\/p>\n<p><script src=\"chrome-extension:\/\/fpelahbljekknahkcaegamhcndkfpfnc\/iFrame.js\" type=\"text\/javascript\"><\/script><\/p>","protected":false},"excerpt":{"rendered":"<p data-path-to-node=\"13\">Partnern Sie mit einem f\u00fchrenden, USAPA-zertifizierten Pickleball-Hersteller. Wir entwickeln nahtlose, hochhaltbare B\u00e4lle, die perfekt erg\u00e4nzen <a class=\"ng-star-inserted\" href=\"https:\/\/nexapaddle.com\/de\/usapa-approved-paddles\/\" target=\"_blank\" rel=\"noopener\" data-hveid=\"0\" data-ved=\"0CAAQ_4QMahgKEwiInYmE99aTAxUAAAAAHQAAAAAQogE\">USAPA genehmigte Paddel<\/a>. Egal, ob Sie ein Turnierleiter sind oder Ihre Private-Label-Marke erweitern m\u00f6chten, unsere Preise direkt ab Werk und das komplette Angebot an <a class=\"ng-star-inserted\" href=\"https:\/\/nexapaddle.com\/de\/pickleball-accessories-gear\/\" target=\"_blank\" rel=\"noopener\" data-hveid=\"0\" data-ved=\"0CAAQ_4QMahgKEwiInYmE99aTAxUAAAAAHQAAAAAQowE\">Pickleball-Zubeh\u00f6r &amp; Ausr\u00fcstung<\/a> bieten un\u00fcbertroffenes ROI.<\/p>\n<table data-v-md-line=\"79\">\n<thead>\n<tr>\n<th>Spezifikationsparameter<\/th>\n<th>Detail \/ Anpassungsbereich<\/th>\n<\/tr>\n<\/thead>\n<tbody>\n<tr>\n<td><strong>Balltyp<\/strong><\/td>\n<td>Au\u00dfen (40-Loch) \/ Innen (26-Loch)<\/td>\n<\/tr>\n<tr>\n<td><strong>Materialzusammensetzung<\/strong><\/td>\n<td>Hochdichtes Polyethylen (PE) \/ Thermoplastisches Elastomer (TPE)<\/td>\n<\/tr>\n<tr>\n<td><strong>Lochkonfiguration<\/strong><\/td>\n<td>Pr\u00e4zisionsgebohrt mit CNC<\/td>\n<\/tr>\n<tr>\n<td><strong>Bauweise<\/strong><\/td>\n<td>Nahtloses Einspritzen in einem St\u00fcck<\/td>\n<\/tr>\n<tr>\n<td><strong>Durchmesser<\/strong><\/td>\n<td>74mm (2,91 Zoll) \u2013 Entspricht dem USAPA-Bereich<\/td>\n<\/tr>\n<tr>\n<td><strong>Gewichtsbereich<\/strong><\/td>\n<td>25g \u2013 26g (0,88 \u2013 0,92 oz) \u2013 F\u00fcr Leistung abgestimmt<\/td>\n<\/tr>\n<tr>\n<td><strong>Sprungh\u00f6he<\/strong><\/td>\n<td>30-34 Zoll von 78 Zoll auf Granitoberfl\u00e4che<\/td>\n<\/tr>\n<tr>\n<td><strong>USAPA-Konformit\u00e4t<\/strong><\/td>\n<td>Entwickelt und getestet, um alle offiziellen Turnierstandards zu erf\u00fcllen<\/td>\n<\/tr>\n<tr>\n<td><strong>Anpassung<\/strong><\/td>\n<td>Ma\u00dfgeschneiderte Pantone-Farben, Siebdruck-Logos. Weitere Informationen ansehen <a class=\"ng-star-inserted\" href=\"https:\/\/nexapaddle.com\/de\/custom-oem-pickleball-paddles\/\" target=\"_blank\" rel=\"noopener\" data-hveid=\"0\" data-ved=\"0CAAQ_4QMahgKEwiInYmE99aTAxUAAAAAHQAAAAAQpAE\">Benutzerdefinierte &amp; OEM Pickleball-Paddel<\/a> Dienstleistungen.<\/td>\n<\/tr>\n<tr>\n<td><strong>MOQ f\u00fcr Anpassungen<\/strong><\/td>\n<td>Kontaktieren Sie den Vertrieb f\u00fcr Mindestanforderungen f\u00fcr private Labels<\/td>\n<\/tr>\n<\/tbody>\n<\/table>\n<p>&nbsp;<\/p>\n<p><script src=\"chrome-extension:\/\/fpelahbljekknahkcaegamhcndkfpfnc\/iFrame.js\" type=\"text\/javascript\"><\/script><\/p>","protected":false},"featured_media":2339,"template":"","meta":{"_acf_changed":false,"_kad_post_transparent":"default","_kad_post_title":"","_kad_post_layout":"default","_kad_post_sidebar_id":"","_kad_post_content_style":"default","_kad_post_vertical_padding":"default","_kad_post_feature":"","_kad_post_feature_position":"","_kad_post_header":false,"_kad_post_footer":false,"_kad_post_classname":""},"product_brand":[],"product_cat":[548,543,549,557,558],"product_tag":[],"class_list":{"0":"post-2220","1":"product","2":"type-product","3":"status-publish","4":"has-post-thumbnail","6":"product_cat-custom-oem-pickleball-paddles","7":"product_cat-paddles-by-material","8":"product_cat-pickleball-accessories-gear","9":"product_cat-private-label-paddles","10":"product_cat-usapa-approved-paddles","12":"first","13":"instock","14":"shipping-taxable","15":"product-type-simple","16":"entry","17":"content-bg","18":"loop-entry"},"acf":[],"_links":{"self":[{"href":"https:\/\/nexapaddle.com\/de\/wp-json\/wp\/v2\/product\/2220","targetHints":{"allow":["GET"]}}],"collection":[{"href":"https:\/\/nexapaddle.com\/de\/wp-json\/wp\/v2\/product"}],"about":[{"href":"https:\/\/nexapaddle.com\/de\/wp-json\/wp\/v2\/types\/product"}],"wp:featuredmedia":[{"embeddable":true,"href":"https:\/\/nexapaddle.com\/de\/wp-json\/wp\/v2\/media\/2339"}],"wp:attachment":[{"href":"https:\/\/nexapaddle.com\/de\/wp-json\/wp\/v2\/media?parent=2220"}],"wp:term":[{"taxonomy":"product_brand","embeddable":true,"href":"https:\/\/nexapaddle.com\/de\/wp-json\/wp\/v2\/product_brand?post=2220"},{"taxonomy":"product_cat","embeddable":true,"href":"https:\/\/nexapaddle.com\/de\/wp-json\/wp\/v2\/product_cat?post=2220"},{"taxonomy":"product_tag","embeddable":true,"href":"https:\/\/nexapaddle.com\/de\/wp-json\/wp\/v2\/product_tag?post=2220"}],"curies":[{"name":"wp","href":"https:\/\/api.w.org\/{rel}","templated":true}]}}