{"id":2219,"date":"2026-04-03T12:01:53","date_gmt":"2026-04-03T12:01:53","guid":{"rendered":"https:\/\/nexapaddle.com\/?post_type=product&#038;p=2219"},"modified":"2026-04-05T15:01:56","modified_gmt":"2026-04-05T15:01:56","slug":"high-end-pickleball-paddles-factory-supplier","status":"publish","type":"product","link":"https:\/\/nexapaddle.com\/de\/high-end-pickleball-paddles-factory-supplier\/","title":{"rendered":"Lieferant f\u00fcr hochwertige Pickleball-Paddles | Professioneller Pickleball Paddle OEM"},"content":{"rendered":"<h2 data-v-md-heading=\"_1-strategic-selection-of-a-high-end-pickleball-paddle-factory\" data-v-md-line=\"3\">1. Strategische Auswahl einer hochwertigen Pickleball-Schl\u00e4gerfabrik<\/h2>\n<p data-v-md-line=\"4\">Als Markeninhaber ist Ihre Lieferkette Ihr R\u00fcckgrat. Eine Partnerschaft mit einer Fabrik, die mehr als nur Montage bietet, ist entscheidend f\u00fcr die Marktf\u00fchrung. Mit \u00fcber 10 Jahren nachweislicher OEM\/ODM-Fertigungsexpertise <b data-path-to-node=\"23,1,0\" data-index-in-node=\"66\">und einer monatlichen Kapazit\u00e4t von \u00fcber 50.000 Einheiten<\/b>, stellen unsere Ingenieure sicher, dass Ihre Vision pr\u00e4zise umgesetzt wird. <b data-path-to-node=\"23,1,0\" data-index-in-node=\"168\">Wir bieten umfassende physische Muster und strenge Qualit\u00e4tskontrollen vor der<\/b> Massenproduktion und globaler Erf\u00fcllung f\u00fcr Ihr Amazon FBA oder Gesch\u00e4ft mit Endverbrauchern.<\/p>\n<h3 data-v-md-heading=\"understanding-oem-vs-odm-manufacturing-models\" data-v-md-line=\"6\">OEM- vs. ODM-Fertigungsmodelle verstehen<\/h3>\n<p data-v-md-line=\"7\">Wir arbeiten auf beiden Ebenen. Geben Sie uns Ihre genauen Spezifikationen f\u00fcr eine Originalger\u00e4te-Hersteller (OEM)-Produktion, oder arbeiten Sie mit unserem F&amp;E-Team an einem Original Design Manufacturer (ODM)-Projekt zusammen, um von unseren bestehenden Formen und propriet\u00e4ren Schl\u00e4gertechnologien zu profitieren und Ihre Markteinf\u00fchrungszeit erheblich zu verk\u00fcrzen.<\/p>\n<h3 data-v-md-heading=\"evaluating-supplier-certifications-iso-9001-and-bsci-compliance\" data-v-md-line=\"9\">Bewertung der Lieferantenzertifikate: ISO 9001 und BSCI-Konformit\u00e4t<\/h3>\n<p data-v-md-line=\"10\">Allgemeine Werkstattbehauptungen stehen nicht f\u00fcr Qualit\u00e4t. Unsere Einrichtungen sind ISO 9001 zertifiziert, was einen systematischen Ansatz zur Qualit\u00e4tskontrolle in jeder Phase garantiert. Wir halten auch die BSCI-Pr\u00fcfstandards ein und stellen sicher, dass Ihre Marke auf einem Fundament ethischer und nachhaltiger Sportfertigung aufgebaut ist.<\/p>\n<h2 data-v-md-heading=\"_2-advanced-material-science-in-professional-paddles\" data-v-md-line=\"12\">2. Fortschrittliche Materialwissenschaft in professionellen Schl\u00e4gern<\/h2>\n<p data-v-md-line=\"13\">Die Leistung des Schl\u00e4gers wird durch seine Materialzusammensetzung bestimmt. Wir entwickeln professionelle Pickleball-Schl\u00e4ger mit Materialien, die von PPA Tour-Profis vertraut sind, und gehen \u00fcber grundlegende Verbundstoffe hinaus, um \u00fcberlegene Spielbarkeit und Haltbarkeit zu bieten.<\/p>\n<h3 data-v-md-heading=\"the-superiority-of-t700-raw-carbon-fiber-surfaces\" data-v-md-line=\"15\">Die \u00dcberlegenheit von T700 Rohcarbonfaser-Oberfl\u00e4chen<\/h3>\n<p data-v-md-line=\"16\">W\u00e4hrend viele Anbieter grundlegende Glasfaser oder minderwertigen Kohlenstoff verwenden, verf\u00fcgen unsere Spitzenmodelle \u00fcber eine Toray <a href=\"https:\/\/nexapaddle.com\/de\/t700-carbon-fiber-paddles\/\">T700 Rohcarbonfaser<\/a> -Oberfl\u00e4che. Dieses hochmodulare Material schafft eine texturierte, hochfriktionale Fl\u00e4che, die den Ball bei maximaler Bewegung ergreift und ist so konstruiert, dass es die Obergrenzen der Rauheitsnormen f\u00fcr Oberfl\u00e4chen der USAPA erf\u00fcllt, um unerreichte Spin zu erm\u00f6glichen.<\/p>\n<h3 data-v-md-heading=\"polypropylene-honeycomb-vs-specialized-core-densities\" data-v-md-line=\"18\">Polypropylen-Wabenstruktur vs. spezialisierte Kern-Dichten<\/h3>\n<p data-v-md-line=\"19\">Ein Schl\u00e4gerkern ist sein Motor f\u00fcr Kraft und Kontrolle. Wir sind auf thermoformierte 16mm Polypropylen-Wabenstrukturen spezialisiert, die \u00fcberlegene Vibrationd\u00e4mpfungstechnologie und einen erweiterten Sweet Spot bieten. Dieser dickere Kern bietet die Kontrolle, die von Spielern wie Ben Johns gesucht wird, und ist ein signifikanter Fortschritt gegen\u00fcber generischen Nomex- oder Aluminiumkernen.<\/p>\n<h3 data-v-md-heading=\"edge-guard-technology-traditional-vs-edgeless-designs\" data-v-md-line=\"21\">Kantenschutztechnologie: Traditionelle vs. kantelose Designs<\/h3>\n<p data-v-md-line=\"22\">Standardkantenschutz ist ein h\u00e4ufiges Schwachstelle, das zu Delaminierung neigt. Unsere fortschrittliche thermoformierte Unibody-Konstruktion integriert die Kante nahtlos, wodurch ein langlebigeres, aerodynamisches Schl\u00e4gerdesign geschaffen wird, das die Schwunggeschwindigkeit verbessert und ein Brechen des Kerns bei Belastung verhindert.<\/p>\n<h2 data-v-md-heading=\"_3-innovation-in-manufacturing-the-thermoforming-revolution\" data-v-md-line=\"24\">3. Innovation in der Fertigung: Die Thermoformungsrevolution<\/h2>\n<p data-v-md-line=\"25\">Bleiben Sie Konkurrenten wie Selkirk Sport und JOOLA Pickleball einen Schritt voraus, indem Sie n\u00e4chste Generation Fertigungsprozesse nutzen. <a href=\"https:\/\/nexapaddle.com\/de\/thermoformed-pickleball-paddles\/\">Thermoformen<\/a> ist der neue Ma\u00dfstab f\u00fcr Hochleistungs-Pickleball-Ausr\u00fcstung.<\/p>\n<h3 data-v-md-heading=\"unibody-construction-vs-sandwich-layering\" data-v-md-line=\"27\">Unibody-Konstruktion vs. Sandwich-Lamellen<\/h3>\n<p data-v-md-line=\"28\">Traditionelle Schl\u00e4ger sind wie ein Sandwich geschichtet, was Schwachstellen schafft. Unsere thermoformenden Heizpressmaschinen formen die T700-Kohlenstofffaseroberfl\u00e4che um den gesamten Schl\u00e4ger und verbinden sie mit dem Kern zu einem Unibody-Rahmen mit einem konsistenten Gef\u00fchl und einer massiven Steigerung der Haltbarkeit bei Belastungstests.<\/p>\n<h3 data-v-md-heading=\"foam-injection-for-enhanced-perimeter-stability\" data-v-md-line=\"30\">Schaumstoffinjektion f\u00fcr verbesserte Stabilit\u00e4t des Umfangs<\/h3>\n<p data-v-md-line=\"31\">Um den Sweet Spot und den Balancepunkt des Schl\u00e4gers weiter zu optimieren, injizieren wir einen speziellen reaktiven Polyurethanschaum um den Umfang des Kerns. Diese Technik erh\u00f6ht die Stabilit\u00e4t, reduziert Vibrationen und erweitert den effektiven Trefferbereich, ohne das Schwungewicht signifikant zu erh\u00f6hen.<\/p>\n<h2 data-v-md-heading=\"_4-customization-and-private-labeling-services\" data-v-md-line=\"33\">4. Anpassungs- und private Kennzeichnungsdienste<\/h2>\n<p data-v-md-line=\"34\">Die Identit\u00e4t Ihrer Marke ist von gr\u00f6\u00dfter Bedeutung. Wir bieten umfangreiche <a href=\"https:\/\/nexapaddle.com\/de\/private-label-paddles\/\">private Kennzeichnung von Pickleball-Produkten<\/a> und Anpassungsdienste an, um ein einzigartiges Angebot in einem \u00fcberf\u00fcllten Markt zu schaffen, von individuell gestalteten Grafiken bei Schl\u00e4gern bis hin zu v\u00f6llig neuen Formen.<\/p>\n<h3 data-v-md-heading=\"designing-custom-graphics-and-uv-printing-options\" data-v-md-line=\"36\">Design individueller Grafiken und UV-Druckoptionen<\/h3>\n<p data-v-md-line=\"37\">Gehen Sie \u00fcber einfaches Siebdrucken hinaus. Unsere fortschrittliche UV-Drucktechnologie erm\u00f6glicht lebendige, vollfarbige Grafiken von Kante zu Kante, die \u00e4u\u00dferst langlebig und chipfest sind und sicherstellen, dass Ihre Markenpr\u00e4senz makellos bleibt.<\/p>\n<h3 data-v-md-heading=\"ergonomic-handle-shapes-and-tailored-grip-circumferences\" data-v-md-line=\"39\">Ergonomische Griffformen und ma\u00dfgeschneiderte Griffumf\u00e4nge<\/h3>\n<p data-v-md-line=\"40\">Die Verbindung eines Spielers zum Schl\u00e4ger erfolgt \u00fcber seinen Griff. Wir bieten ergonomische Griffdesigns, mehrere gepolsterte Griffoptionen und benutzerdefinierte Griffumf\u00e4nge, um die Vorlieben der Zielspieler hinsichtlich Kraft- vs. Kontrollschl\u00e4gern zu erf\u00fcllen.<\/p>\n<h2 data-v-md-heading=\"_5-quality-control-and-regulatory-compliance\" data-v-md-line=\"42\">5. Qualit\u00e4tskontrolle und gesetzliche Konformit\u00e4t<\/h2>\n<p data-v-md-line=\"43\">Sch\u00fctzen Sie den Ruf Ihrer Marke mit Schl\u00e4gern, die f\u00fcr Leistung und Legalit\u00e4t konzipiert sind. Wir stellen sicher, dass jede Charge nicht nur die Branchenstandards erf\u00fcllt, sondern diese \u00fcbertrifft und das Risiko von Produktretouren und Turnierausschl\u00fcssen mindert.<\/p>\n<h3 data-v-md-heading=\"adhering-to-usa-pickleball-usapa-testing-standards\" data-v-md-line=\"45\">Einhaltung der Teststandards der USA Pickleball (USAPA)<\/h3>\n<p data-v-md-line=\"46\">Wir bauen jeden Schl\u00e4ger so, dass er von der USAPA genehmigt ist. Unsere internen Testprotokolle spiegeln rigoros die Teststandards des USAPA-Testlabors f\u00fcr Oberfl\u00e4chen<span class=\"citation-643\">Reibung, Abweichung, Gr\u00f6\u00dfe und Gewicht wider. <\/span><b data-path-to-node=\"25,1,0\" data-index-in-node=\"178\"><span class=\"citation-643\">Wir k\u00f6nnen detaillierte interne Testberichte f\u00fcr Ihre angepassten Chargen bereitstellen, bevor Sie diese zur offiziellen USAPA-Zertifizierung einreichen.<\/span><\/b> so dass Ihre Produkte sofort spielbereit sind.<\/p>\n<h2 data-v-md-heading=\"_6-supply-chain-logistics-for-global-brands\" data-v-md-line=\"48\">6. Lieferkettenlogistik f\u00fcr globale Marken<\/h2>\n<p data-v-md-line=\"49\">Unsere Fabrik, die im Herstellungszentrum Dongguan, China, liegt, ist ein Grundpfeiler der B2B-Pickleball-Lieferkette. Wir optimieren die Logistik f\u00fcr globale Gro\u00dfh\u00e4ndler und direkte Marken.<\/p>\n<h3 data-v-md-heading=\"managing-lead-times-from-china-manufacturing-hubs\" data-v-md-line=\"51\">Verwaltung der Lieferzeiten von Herstellungszentren in China<\/h3>\n<p data-v-md-line=\"52\">Mit umfassender Erfahrung im Export von Pickleball-Ausr\u00fcstung bieten wir transparente Lieferzeiten und Produktionspl\u00e4ne. Unsere effizienten Prozesse, von der Rohmaterialbeschaffung bis zur CNC-Bearbeitung und Endmontage, minimieren Verz\u00f6gerungen und halten Ihren Bestand aufstrebend.<\/p>\n<p data-v-md-line=\"52\">\n<p data-path-to-node=\"6,0\"><b data-path-to-node=\"6,0\" data-index-in-node=\"0\">Vervollst\u00e4ndigen Sie Ihre Produktlinie mit unseren passenden OEM-Zubeh\u00f6rteilen:<\/b><\/p>\n<ul data-path-to-node=\"6,1\">\n<li>\n<p data-path-to-node=\"6,1,0,0\">Sch\u00fctzen Sie Ihre hochwertigen Schl\u00e4ger mit unseren <code data-path-to-node=\"6,1,0,0\" data-index-in-node=\"39\"><a href=\"https:\/\/nexapaddle.com\/de\/pickleball-paddle-edge-guard-tape-supplier\/\">Lieferant f\u00fcr Kantenschutzband f\u00fcr Pickleball-Schl\u00e4ger<\/a><\/code>.<\/p>\n<\/li>\n<li>\n<p data-path-to-node=\"6,1,1,0\">Halten Sie die Carbonoberfl\u00e4che makellos f\u00fcr maximalen Spin mit unseren <code data-path-to-node=\"6,1,1,0\" data-index-in-node=\"60\"><a href=\"https:\/\/nexapaddle.com\/de\/pickleball-paddle-eraser-cleaner-wholesale\/\">Gro\u00dfhandel f\u00fcr Pickleball-Schl\u00e4ger Radiergummi-Reiniger<\/a><\/code>.<\/p>\n<\/li>\n<li>\n<p data-path-to-node=\"6,1,2,0\">Bieten Sie ein Premium-Unboxing-Erlebnis mit <code data-path-to-node=\"6,1,2,0\" data-index-in-node=\"41\"><a href=\"https:\/\/nexapaddle.com\/de\/custom-pickleball-paddle-bags-covers-oem\/\">Benutzerdefinierte Pickleball-Paddel-Taschen und -H\u00fcllen OEM<\/a><\/code>.<\/p>\n<\/li>\n<\/ul>\n<p><script src=\"chrome-extension:\/\/fpelahbljekknahkcaegamhcndkfpfnc\/iFrame.js\" type=\"text\/javascript\"><\/script><\/p>","protected":false},"excerpt":{"rendered":"<table data-v-md-line=\"56\">\n<thead>\n<tr>\n<th>Spezifikationsparameter<\/th>\n<th>Detail \/ Anpassungsbereich<\/th>\n<\/tr>\n<\/thead>\n<tbody>\n<tr>\n<td><strong>Oberfl\u00e4chenmaterial<\/strong><\/td>\n<td><a href=\"https:\/\/nexapaddle.com\/de\/t700-carbon-fiber-paddles\/\">Toray T700 Rohcarbonfaser<\/a> \/ 3K &amp; 18K Gewebe \/ Fiberglas<\/td>\n<\/tr>\n<tr>\n<td><strong>Kernmaterial &amp; Technik<\/strong><\/td>\n<td>13mm \/ 16mm \/ 20mm reaktive Polypropylen-Wabenstruktur<\/td>\n<\/tr>\n<tr>\n<td><strong>Abmessungen (L x B)<\/strong><\/td>\n<td>417x188mm (elongiert) \/ 400x200mm (breiter K\u00f6rper) \/ individuell<\/td>\n<\/tr>\n<tr>\n<td><strong>Gewichtsbereich<\/strong><\/td>\n<td>220g \u2013 235g \/ 7.8 \u2013 8.3 oz (anpassbarer Schwerpunkt)<\/td>\n<\/tr>\n<tr>\n<td><strong>Griffl\u00e4nge &amp; Griff<\/strong><\/td>\n<td>127mm \u2013 140mm \/ 4.0\u2033 \u2013 4.5\u2033 Umfang \/ PU-Leder<\/td>\n<\/tr>\n<tr>\n<td><strong>Herstellungsprozess<\/strong><\/td>\n<td><a href=\"https:\/\/nexapaddle.com\/de\/thermoformed-pickleball-paddles\/\">Thermoformierter Uni-K\u00f6rper<\/a> mit Schaumstoffeinlage \/ Kaltpressung<\/td>\n<\/tr>\n<tr>\n<td><strong>USAPA-Konformit\u00e4t<\/strong><\/td>\n<td><a href=\"https:\/\/nexapaddle.com\/de\/usapa-approved-paddles\/\">Konstruiert, um alle technischen Anforderungen der USAPA zu bestehen<\/a><\/td>\n<\/tr>\n<tr>\n<td><strong>MOQ f\u00fcr Anpassungen<\/strong><\/td>\n<td>100-500 Einheiten; Kontaktieren Sie den Vertrieb f\u00fcr Mindestbestellungen f\u00fcr Private Label<\/td>\n<\/tr>\n<\/tbody>\n<\/table>\n<h2 data-v-md-heading=\"technical-specifications\" data-v-md-line=\"63\"><\/h2>\n<p><script src=\"chrome-extension:\/\/fpelahbljekknahkcaegamhcndkfpfnc\/iFrame.js\" type=\"text\/javascript\"><\/script><\/p>","protected":false},"featured_media":2318,"template":"","meta":{"_acf_changed":false,"_kad_post_transparent":"default","_kad_post_title":"","_kad_post_layout":"default","_kad_post_sidebar_id":"","_kad_post_content_style":"default","_kad_post_vertical_padding":"default","_kad_post_feature":"","_kad_post_feature_position":"","_kad_post_header":false,"_kad_post_footer":false,"_kad_post_classname":""},"product_brand":[],"product_cat":[546,544,548,543,559,557,562,551,550,554,558],"product_tag":[],"class_list":{"0":"post-2219","1":"product","2":"type-product","3":"status-publish","4":"has-post-thumbnail","6":"product_cat-advanced-tech-thermoformed-paddles","7":"product_cat-carbon-fiber-pickleball-paddles","8":"product_cat-custom-oem-pickleball-paddles","9":"product_cat-paddles-by-material","10":"product_cat-paddles-by-performance","11":"product_cat-private-label-paddles","12":"product_cat-pro-advanced-pickleball-paddles","13":"product_cat-raw-carbon-pickleball-paddles","14":"product_cat-t700-carbon-fiber-paddles","15":"product_cat-thermoformed-pickleball-paddles","16":"product_cat-usapa-approved-paddles","18":"first","19":"instock","20":"shipping-taxable","21":"product-type-simple","22":"entry","23":"content-bg","24":"loop-entry"},"acf":[],"_links":{"self":[{"href":"https:\/\/nexapaddle.com\/de\/wp-json\/wp\/v2\/product\/2219","targetHints":{"allow":["GET"]}}],"collection":[{"href":"https:\/\/nexapaddle.com\/de\/wp-json\/wp\/v2\/product"}],"about":[{"href":"https:\/\/nexapaddle.com\/de\/wp-json\/wp\/v2\/types\/product"}],"wp:featuredmedia":[{"embeddable":true,"href":"https:\/\/nexapaddle.com\/de\/wp-json\/wp\/v2\/media\/2318"}],"wp:attachment":[{"href":"https:\/\/nexapaddle.com\/de\/wp-json\/wp\/v2\/media?parent=2219"}],"wp:term":[{"taxonomy":"product_brand","embeddable":true,"href":"https:\/\/nexapaddle.com\/de\/wp-json\/wp\/v2\/product_brand?post=2219"},{"taxonomy":"product_cat","embeddable":true,"href":"https:\/\/nexapaddle.com\/de\/wp-json\/wp\/v2\/product_cat?post=2219"},{"taxonomy":"product_tag","embeddable":true,"href":"https:\/\/nexapaddle.com\/de\/wp-json\/wp\/v2\/product_tag?post=2219"}],"curies":[{"name":"wp","href":"https:\/\/api.w.org\/{rel}","templated":true}]}}