{"id":2217,"date":"2026-04-03T11:55:49","date_gmt":"2026-04-03T11:55:49","guid":{"rendered":"https:\/\/nexapaddle.com\/?post_type=product&#038;p=2217"},"modified":"2026-04-05T15:32:35","modified_gmt":"2026-04-05T15:32:35","slug":"foam-core-pickleball-paddles-b2b-factory","status":"publish","type":"product","link":"https:\/\/nexapaddle.com\/de\/foam-core-pickleball-paddles-b2b-factory\/","title":{"rendered":"Foam Core Pickleball Paddles B2B-Fabrik | Professioneller Pickleball Paddle OEM"},"content":{"rendered":"<h2 data-v-md-heading=\"the-rise-of-foam-core-technology-in-modern-pickleball\" data-v-md-line=\"4\">Der Aufstieg der Foam Core-Technologie im modernen Pickleball<\/h2>\n<h3 data-v-md-heading=\"understanding-the-science-of-eva-foam-cores\" data-v-md-line=\"6\">Verst\u00e4ndnis der Wissenschaft der EVA-Schaumkerne<\/h3>\n<p data-v-md-line=\"7\"><b data-path-to-node=\"20,1,1,1,0\" data-index-in-node=\"5\">Als Fabrik mit \u00fcber 10 Jahren Erfahrung in der Schaufeltechnik<\/b>, haben wir den Wechsel von traditionellen Wabenkernen zu fortschrittlichem EVA-Schaum vorangetrieben, und das aus gutem Grund. Unsere hochdichten, geschlossenen Zellstrukturen <a class=\"ng-star-inserted\" href=\"https:\/\/nexapaddle.com\/de\/foam-core-pickleball-paddles\/\" target=\"_blank\" rel=\"noopener\" data-hveid=\"0\" data-ved=\"0CAAQ_4QMahgKEwjdx_PNgteTAxUAAAAAHQAAAAAQhAE\">Schaumkern-Pickleball-Paddel<\/a> technologie bietet \u00fcberlegene Vibrationsd\u00e4mpfung und schafft ein einzigartig festes und angenehmes Gef\u00fchl beim Aufprall. Dieser schockabsorbierende Kern verringert die Spielererm\u00fcdung und das harte Feedback, das in \u00e4lteren Designs h\u00e4ufig vorkommt, ein wichtiger Verkaufsfaktor f\u00fcr Ihre Marke. Wir nutzen fortschrittliche Schaufeltechnologie, um eine ger\u00e4uschreduzierende Schaufel zu produzieren, die der wachsenden Nachfrage nach leisem Spiel in der Gemeinschaft gerecht wird, ohne die Leistung zu opfern.<\/p>\n<h3 data-v-md-heading=\"foam-core-vs-honeycomb-performance-metrics-for-b2b-buyers\" data-v-md-line=\"10\">Foam Core vs. Wabe: Leistungskennzahlen f\u00fcr B2B-K\u00e4ufer<\/h3>\n<p data-v-md-line=\"11\">W\u00e4hrend Wabenkern aus Polypropylen kosteneffizient ist, f\u00fchrt er oft zu einem inkonsistenten Sweet Spot und einem h\u00f6heren Ger\u00e4uschpegel. Im Gegensatz dazu bieten unsere Schaufeln mit Schaumkern einen deutlich gr\u00f6\u00dferen und zuverl\u00e4ssigen Sweet Spot aufgrund der einheitlichen Dichte. Dies \u00fcbersetzt sich direkt in eine bessere Leistung f\u00fcr den Endnutzer und weniger R\u00fccksendungen f\u00fcr die Verk\u00e4ufer. F\u00fcr Ihr B2B-Pickleball-Angebot bietet der Verkauf von Schaufeln mit fortschrittlicher Schaumkerntechnologie einen klaren Wettbewerbsvorteil auf einem \u00fcberf\u00fcllten Markt.<\/p>\n<h2 data-v-md-heading=\"b2b-manufacturing-customizing-your-brand-s-paddle-line\" data-v-md-line=\"14\">B2B-Fertigung: Anpassung der Schaufellinie Ihrer Marke<\/h2>\n<h3 data-v-md-heading=\"oem-and-odm-services-from-prototype-to-mass-production\" data-v-md-line=\"16\">OEM- und ODM-Dienste: Von Prototyp zu Serienproduktion<\/h3>\n<p data-v-md-line=\"17\">Als f\u00fchrender <a class=\"ng-star-inserted\" href=\"https:\/\/nexapaddle.com\/de\/custom-oem-pickleball-paddles\/\" target=\"_blank\" rel=\"noopener\" data-hveid=\"0\" data-ved=\"0CAAQ_4QMahgKEwjdx_PNgteTAxUAAAAAHQAAAAAQhgE\">Benutzerdefinierte &amp; OEM Pickleball-Paddel<\/a> Fabrik, wir verwandeln Ihre Vision in ein marktreifes Produkt. Unsere ODM-Schaufeldesign-Dienste erm\u00f6glichen es Ihnen, unser internes Ingenieurteam f\u00fcr alles von den ersten Skizzen und Schaufel-Prototypen bis hin zur Kalibrierung des Schwinggewichts zu nutzen. Wir sind Ihr direkter Fertigungspartner und gew\u00e4hrleisten Fabrikpreise und vollst\u00e4ndige Kontrolle \u00fcber Ihr Privatlabel-Fertigungsprojekt, von der Konzeptphase bis zum Container.<\/p>\n<h3 data-v-md-heading=\"surface-materials-selecting-t700-carbon-fiber-vs-composite-faces\" data-v-md-line=\"20\">Oberfl\u00e4chenmaterialien: Auswahl zwischen T700 Carbonfaser und Verbundoberfl\u00e4chen<\/h3>\n<p data-v-md-line=\"21\">Die Schaufeloberfl\u00e4che ist entscheidend f\u00fcr die Leistung. Wir sind auf Hei\u00dfpressen mit Rohmaterial spezialisiert <a class=\"ng-star-inserted\" href=\"https:\/\/nexapaddle.com\/de\/t700-carbon-fiber-paddles\/\" target=\"_blank\" rel=\"noopener\" data-hveid=\"0\" data-ved=\"0CAAQ_4QMahgKEwjdx_PNgteTAxUAAAAAHQAAAAAQhQE\">T700 Carbonfaser-Paddel<\/a>, einem Material, das f\u00fcr Turnierqualit\u00e4t-Spins gesch\u00e4tzt wird. Wir bieten auch robuste Optionen mit Fiberglas-Verbundstoffen und Graphitoberfl\u00e4chen an, die es Ihnen erm\u00f6glichen, eine gestaffelte Produktlinie zu erstellen, die verschiedene Preispunkte anspricht, von der Herstellung von Freizeitschaufeln bis hin zu Ausr\u00fcstung f\u00fcr MLP-level Profis.<\/p>\n<h3 data-v-md-heading=\"the-role-of-cold-press-vs-hot-press-molding-techniques\" data-v-md-line=\"24\">Die Rolle der Kaltpress- vs. Hei\u00dfpressen-Techniken<\/h3>\n<p data-v-md-line=\"25\">Viele Fabriken verwenden Kaltpressverfahren zur Kostensenkung, was oft zu Delaminierung und verminderter Haltbarkeit f\u00fchrt. NexaPaddle nutzt ausschlie\u00dflich Hei\u00dfpressen und fortschrittliche Thermoformung. Dieser Prozess verbindet alle Komponenten \u2013 Oberfl\u00e4che, Kern und Rand \u2013 zu einem einzigen, unibody St\u00fcck. Das Ergebnis ist un\u00fcbertroffene Haltbarkeit des Kantenprotektors und eine dramatische Erh\u00f6hung der Lebensdauer und Schlagfestigkeit der Schaufel.<\/p>\n<h2 data-v-md-heading=\"quality-assurance-and-compliance-in-paddle-production\" data-v-md-line=\"28\">Qualit\u00e4tssicherung und Konformit\u00e4t in der Schaufelproduktion<\/h2>\n<h3 data-v-md-heading=\"navigating-usapa-approval-standards-for-new-designs\" data-v-md-line=\"30\">Navigieren durch die USAPA-Zulassungsstandards f\u00fcr neue Designs<\/h3>\n<p data-v-md-line=\"31\">Die Einf\u00fchrung einer neuen Schaufel erfordert das Navigieren durch komplexe USA Pickleball (USAPA)-Vorschriften. Unser Team hat \u00fcber ein Jahrzehnt Erfahrung damit, sicherzustellen, dass unsere Turnier-Schaufeln so konstruiert sind, dass sie alle erforderlichen Tests hinsichtlich Gr\u00f6\u00dfe, Rauheit, Durchbiegung und Glanz bestehen. Wir verwalten den gesamten <b data-path-to-node=\"20,2,1,1,0\" data-index-in-node=\"28\">USAPA-Einreichungsworkflow<\/b>, und liefern unseren B2B-Partnern alle erforderlichen Labor-Testberichte, um einen nahtlosen Markteintritt zu gew\u00e4hrleisten, der f\u00fcr die offizielle USAPA-Genehmigung erforderlich ist.<\/p>\n<h3 data-v-md-heading=\"durability-testing-fatigue-resistance-and-sweet-spot-consistency\" data-v-md-line=\"34\">Haltbarkeitstests: Erm\u00fcdungsresistenz und Konsistenz des Sweet Spots<\/h3>\n<p data-v-md-line=\"35\">Unser hauseigenes Labor f\u00fchrt rigorose <b data-path-to-node=\"20,0,1,1,0\" data-index-in-node=\"47\">10.000-Zyklen Schlagfestigkeitstests<\/b> und Analysen der Reibung der Schaufeloberfl\u00e4che, um die Langlebigkeit der Leistung unter Turnierbedingungen zu gew\u00e4hrleisten. Unser Qualit\u00e4tskontrollprotokoll, das durch ISO 9001-Standards geregelt wird, stellt sicher, dass jede Gro\u00dfbestellung von Pickleball-Schaufeln die genauen Spezifikationen f\u00fcr die Dichte des Schaufelkerns, die Gewichtsverteilung und die Optimierung des Sweet Spots erf\u00fcllt, die w\u00e4hrend der Prototypenentwicklung festgelegt wurden.<\/p>\n<h2 data-v-md-heading=\"supply-chain-and-logistics-for-international-retailers\" data-v-md-line=\"38\">Lieferkette und Logistik f\u00fcr internationale Einzelh\u00e4ndler<\/h2>\n<h3 data-v-md-heading=\"wholesale-pricing-tiers-and-minimum-order-quantities-moqs\" data-v-md-line=\"40\">Gro\u00dfhandelspreisstufen und Mindestbestellmengen (MOQs)<\/h3>\n<p data-v-md-line=\"41\">Als Anbieter von Pickleball-Schaufeln mit hoher Kapazit\u00e4t mit Sitz im Fertigungshub Chinas bieten wir skalierbare Produktion und wettbewerbsf\u00e4hige Gro\u00dfhandelspreisstufen an. Wir arbeiten mit Ihnen zusammen, um einen Produktionszeitplan zu erstellen, der mit Ihren Lagerzielen \u00fcbereinstimmt. Kontaktieren Sie unser Vertriebsteam, um \u00fcber unsere transparenten MOQs f\u00fcr individuelle Schaufeln zu sprechen, die sowohl aufstrebenden Marken als auch etablierten globalen Vertretern Unterst\u00fctzung bieten.<\/p>\n<h3 data-v-md-heading=\"strategic-sourcing-finding-the-right-pickleball-factory-partner\" data-v-md-line=\"44\">Strategische Beschaffung: Den richtigen Pickleball-Fabrikpartner finden<\/h3>\n<p data-v-md-line=\"45\">Die Wahl der richtigen Fabrik ist entscheidend f\u00fcr Ihre Rendite. Wir sind eine nach ISO zertifizierte Schaufelfabrik mit nachweislicher Erfolgsbilanz bei der Lieferung von leistungsstarkem Pickleball-Equipment an globale Marken. Unser fortschrittlicher CNC-Schaufelschnitt gew\u00e4hrleistet Pr\u00e4zision, w\u00e4hrend unsere In-House-UV-Druck- und Hei\u00dftransfer-Markenf\u00e4higkeiten lebendige, langlebige Custom-Grafiken erm\u00f6glichen, die ein Einzelhandelsprodukt liefern, das wirklich heraussticht.<\/p>\n<p><script src=\"chrome-extension:\/\/fpelahbljekknahkcaegamhcndkfpfnc\/iFrame.js\" type=\"text\/javascript\"><\/script><\/p>","protected":false},"excerpt":{"rendered":"<p>Als f\u00fchrender B2B-Lieferant bietet NexaPaddle leistungsstarke <a class=\"ng-star-inserted\" href=\"https:\/\/nexapaddle.com\/de\/foam-core-pickleball-paddles\/\" target=\"_blank\" rel=\"noopener\" data-hveid=\"0\" data-ved=\"0CAAQ_4QMahgKEwjdx_PNgteTAxUAAAAAHQAAAAAQjQE\">Schaumkern-Pickleball-Paddel<\/a> Produkte, die f\u00fcr eine erstklassige Vibrationsd\u00e4mpfung und Leistung entwickelt wurden. Unsere thermoformierten <a class=\"ng-star-inserted\" href=\"https:\/\/nexapaddle.com\/de\/custom-oem-pickleball-paddles\/\" target=\"_blank\" rel=\"noopener\" data-hveid=\"0\" data-ved=\"0CAAQ_4QMahgKEwjdx_PNgteTAxUAAAAAHQAAAAAQjgE\">Benutzerdefinierte &amp; OEM Pickleball-Paddel<\/a> sind darauf ausgelegt, die USAPA-Standards zu erf\u00fcllen und Marken einen Wettbewerbsvorteil auf dem professionellen Markt zu verschaffen.<\/p>\n<table data-v-md-line=\"49\">\n<thead>\n<tr>\n<th>Spezifikationsparameter<\/th>\n<th>Detail \/ Anpassungsbereich<\/th>\n<\/tr>\n<\/thead>\n<tbody>\n<tr>\n<td><strong>Oberfl\u00e4chenmaterial<\/strong><\/td>\n<td>Rohe Toray T700 Carbonfaser \/ 3K Carbon \/ Fiberglas-Verbund<\/td>\n<\/tr>\n<tr>\n<td><strong>Kernmaterial &amp; Technik<\/strong><\/td>\n<td>Hochdichter EVA-Schaumkern \/ 16 mm Polypropylen-Wabenstruktur<\/td>\n<\/tr>\n<tr>\n<td><strong>Abmessungen (L x B)<\/strong><\/td>\n<td>417 mm x 188 mm (Elongiert) \/ 400 mm x 200 mm (Standard)<\/td>\n<\/tr>\n<tr>\n<td><strong>Gewichtsbereich<\/strong><\/td>\n<td>220 g \u2013 240 g (7,8 \u2013 8,5 oz), kalibriert auf +\/- 3 g Toleranz<\/td>\n<\/tr>\n<tr>\n<td><strong>Griffl\u00e4nge &amp; Griff<\/strong><\/td>\n<td>127 mm \u2013 140 mm \/ Anpassbarer Umfang, rutschfeste Griffmaterialien<\/td>\n<\/tr>\n<tr>\n<td><strong>Herstellungsprozess<\/strong><\/td>\n<td>Thermoformung Unibody \/ Hei\u00dfpressen<\/td>\n<\/tr>\n<tr>\n<td><strong>USAPA-Konformit\u00e4t<\/strong><\/td>\n<td>Entwickelt f\u00fcr <a class=\"ng-star-inserted\" href=\"https:\/\/nexapaddle.com\/de\/usapa-approved-paddles\/\" target=\"_blank\" rel=\"noopener\" data-hveid=\"0\" data-ved=\"0CAAQ_4QMahgKEwjdx_PNgteTAxUAAAAAHQAAAAAQjwE\">USAPA genehmigt<\/a> Zertifizierung<\/td>\n<\/tr>\n<tr>\n<td><strong>MOQ f\u00fcr Anpassungen<\/strong><\/td>\n<td>Kontakt Vertrieb f\u00fcr Mindestbestellungen bei Privatlabel &amp; Gro\u00dfhandelsstufen<\/td>\n<\/tr>\n<\/tbody>\n<\/table>\n<h2 data-v-md-heading=\"technical-specifications\" data-v-md-line=\"63\"><\/h2>\n<p><script src=\"chrome-extension:\/\/fpelahbljekknahkcaegamhcndkfpfnc\/iFrame.js\" type=\"text\/javascript\"><\/script><\/p>","protected":false},"featured_media":2311,"template":"","meta":{"_acf_changed":false,"_kad_post_transparent":"default","_kad_post_title":"","_kad_post_layout":"default","_kad_post_sidebar_id":"","_kad_post_content_style":"default","_kad_post_vertical_padding":"default","_kad_post_feature":"","_kad_post_feature_position":"","_kad_post_header":false,"_kad_post_footer":false,"_kad_post_classname":""},"product_brand":[],"product_cat":[546,544,565,548,556,543,559,563,562,550,558],"product_tag":[],"class_list":{"0":"post-2217","1":"product","2":"type-product","3":"status-publish","4":"has-post-thumbnail","6":"product_cat-advanced-tech-thermoformed-paddles","7":"product_cat-carbon-fiber-pickleball-paddles","8":"product_cat-control-pickleball-paddles","9":"product_cat-custom-oem-pickleball-paddles","10":"product_cat-foam-core-pickleball-paddles","11":"product_cat-paddles-by-material","12":"product_cat-paddles-by-performance","13":"product_cat-playstyle-specific-paddles","14":"product_cat-pro-advanced-pickleball-paddles","15":"product_cat-t700-carbon-fiber-paddles","16":"product_cat-usapa-approved-paddles","18":"first","19":"instock","20":"shipping-taxable","21":"product-type-simple","22":"entry","23":"content-bg","24":"loop-entry"},"acf":[],"_links":{"self":[{"href":"https:\/\/nexapaddle.com\/de\/wp-json\/wp\/v2\/product\/2217","targetHints":{"allow":["GET"]}}],"collection":[{"href":"https:\/\/nexapaddle.com\/de\/wp-json\/wp\/v2\/product"}],"about":[{"href":"https:\/\/nexapaddle.com\/de\/wp-json\/wp\/v2\/types\/product"}],"wp:featuredmedia":[{"embeddable":true,"href":"https:\/\/nexapaddle.com\/de\/wp-json\/wp\/v2\/media\/2311"}],"wp:attachment":[{"href":"https:\/\/nexapaddle.com\/de\/wp-json\/wp\/v2\/media?parent=2217"}],"wp:term":[{"taxonomy":"product_brand","embeddable":true,"href":"https:\/\/nexapaddle.com\/de\/wp-json\/wp\/v2\/product_brand?post=2217"},{"taxonomy":"product_cat","embeddable":true,"href":"https:\/\/nexapaddle.com\/de\/wp-json\/wp\/v2\/product_cat?post=2217"},{"taxonomy":"product_tag","embeddable":true,"href":"https:\/\/nexapaddle.com\/de\/wp-json\/wp\/v2\/product_tag?post=2217"}],"curies":[{"name":"wp","href":"https:\/\/api.w.org\/{rel}","templated":true}]}}