{"id":2216,"date":"2026-04-03T11:53:57","date_gmt":"2026-04-03T11:53:57","guid":{"rendered":"https:\/\/nexapaddle.com\/?post_type=product&#038;p=2216"},"modified":"2026-04-05T15:39:37","modified_gmt":"2026-04-05T15:39:37","slug":"t800-carbon-pickleball-paddles-wholesale","status":"publish","type":"product","link":"https:\/\/nexapaddle.com\/de\/t800-carbon-pickleball-paddles-wholesale\/","title":{"rendered":"T800 Carbon Pickleball-Paddel Gro\u00dfhandel | Professioneller Pickleball-Paddel OEM"},"content":{"rendered":"<h2 data-v-md-heading=\"why-choose-t800-carbon-fiber-pickleball-paddles\" data-v-md-line=\"3\">Warum T800 Carbonfaser Pickleball Schl\u00e4ger w\u00e4hlen?<\/h2>\n<h3 data-v-md-heading=\"superior-strength-to-weight-ratio\" data-v-md-line=\"4\">\u00dcberlegenes Verh\u00e4ltnis von Festigkeit zu Gewicht<\/h3>\n<p data-v-md-line=\"5\">Die Diskussion \u00fcber professionelle Pickleball-Ausr\u00fcstung hat sich von einfacher Leistung zu effizienter Leistung verschoben. <b data-path-to-node=\"18,1,0\" data-index-in-node=\"5\">Als spezialisierter Hersteller direkt aus der Fabrik<\/b>, beziehen wir authentische Toray T800-Carbonfaser, die eine signifikant h\u00f6here Zugfestigkeit aufweist als der branchen\u00fcbliche T700. Dies erm\u00f6glicht es uns, leichte Carbonfaser-Schl\u00e4ger zu konstruieren, die explosive Kraft liefern, ohne das erm\u00fcdende Gewicht, was Spielern einen Wettbewerbsvorteil bis tief in das letzte Match gibt. F\u00fcr Ihre Marke bedeutet dies, ein Produkt mit einem klaren, wissenschaftlich fundierten Leistungs Vorteil anzubieten.<\/p>\n<h3 data-v-md-heading=\"enhanced-spin-and-friction-surface-technology\" data-v-md-line=\"7\">Verbesserte Spin- und Reibungsoberfl\u00e4chentechnologie<\/h3>\n<p data-v-md-line=\"8\">Generische Carbonoberfl\u00e4chen erzeugen generische Ergebnisse. Unser <a href=\"https:\/\/nexapaddle.com\/de\/raw-carbon-pickleball-paddles\/\">Roh-Carbonfaseroberfl\u00e4che<\/a> ist speziell darauf ausgelegt, den Reibungskoeffizienten (COF) bis zur rechtskonformen Grenze von USAPA zu maximieren. Diese strukturierte Carbonfaseroberfl\u00e4chenlage greift den Ball f\u00fcr eine l\u00e4ngere Kontaktzeit, wodurch Spieler unvergleichliches Spin-Potenzial erzeugen k\u00f6nnen. Dies ist nicht nur \u201eguter Spin\u201c; es ist eine messbare Erh\u00f6hung der Umdrehungen pro Minute, was zu aggressiveren Schl\u00e4gen und \u00fcberlegener Kontrolle f\u00fcr den Endnutzer f\u00fchrt.<\/p>\n<h3 data-v-md-heading=\"durability-advantages-over-t700-models\" data-v-md-line=\"10\">Haltbarkeitsvorteile gegen\u00fcber T700-Modellen<\/h3>\n<p data-v-md-line=\"11\">W\u00e4hrend T700-Carbon ein f\u00e4higes Material ist, bietet T800 \u00fcberlegene Widerstandsf\u00e4higkeit gegen Materialerm\u00fcdung und Mikrofrakturen. Dies \u00fcbersetzt sich in eine l\u00e4ngere Lebensdauer der Spitzenleistung f\u00fcr den Schl\u00e4ger. F\u00fcr Gro\u00dfh\u00e4ndler und private Marken im Pickleball bedeutet der Angebot schwerer Schl\u00e4gerkonstruktionen eine niedrigere Rate an Gew\u00e4hrleistungsanspr\u00fcchen und R\u00fcckgaben, was direkt Ihre Gewinnmargen und Markenreputation in einem wettbewerbsintensiven Markt sch\u00fctzt.<\/p>\n<h2 data-v-md-heading=\"benefits-of-wholesale-sourcing-for-t800-paddles\" data-v-md-line=\"13\">Vorteile des Gro\u00dfhandelsbezugs f\u00fcr T800 Schl\u00e4ger<\/h2>\n<h3 data-v-md-heading=\"cost-efficiency-for-pro-shops-and-sports-clubs\" data-v-md-line=\"14\">Kosteneffizienz f\u00fcr Pro Shops und Sportvereine<\/h3>\n<p data-v-md-line=\"15\">Durch den Bezug von Pickleball-Schl\u00e4gern direkt aus der Fabrik umgehen Sie kostspielige Zwischenh\u00e4ndler. Wir bieten wettbewerbsf\u00e4hige Gro\u00dfhandelspreisschichten an, die den Inventarverwaltern in Pickleball-Pro-Shops und den Cluborganisatoren erm\u00f6glichen, ihre Mitglieder mit turniertauglicher Pickleball-Ausr\u00fcstung auszustatten. Dies verbessert den Ruf Ihrer Einrichtung und maximiert Ihr Budget.<\/p>\n<h3 data-v-md-heading=\"customization-and-private-labeling-options-for-brands\" data-v-md-line=\"17\"><a href=\"https:\/\/nexapaddle.com\/de\/custom-oem-pickleball-paddles\/\">Anpassung und private Kennzeichnung<\/a> Optionen f\u00fcr Marken<\/h3>\n<p data-v-md-line=\"18\">Ihre Markenidentit\u00e4t ist Ihr gr\u00f6\u00dftes Gut. Als f\u00fchrender OEM-Pickleball-Hersteller bieten wir umfassende Dienstleistungen f\u00fcr individuelle Pickleball-Schl\u00e4ger an. Von benutzerdefinierten Grafikdruckoptionen und Carbonfaser-Webmustern bis hin zu ma\u00dfgeschneiderten Griffgr\u00f6\u00dfenoptionen verwalten wir Ihre B2B-Pickleball-Lieferkette vom Konzept bis zur Lieferung. Wir sind Ihr Partner beim Aufbau des n\u00e4chsten f\u00fchrenden Namens im Pickleball.<\/p>\n<h3 data-v-md-heading=\"ensuring-consistent-quality-control-in-bulk-manufacturing\" data-v-md-line=\"20\">Sicherstellung konsistenter Qualit\u00e4tskontrolle in der Gro\u00dfherstellung<\/h3>\n<p data-v-md-line=\"21\">Die Skalierung der Produktion sollte nicht mit einem Opfern der Qualit\u00e4t einhergehen. <b data-path-to-node=\"18,3,0\" data-index-in-node=\"5\">Durch die Nutzung von \u00fcber 10 Jahren OEM-Erfahrung f\u00fcr mehr als 300 globale Marken<\/b>, beseitigen wir die Konsistenzprobleme, die in der Gro\u00dfherstellung h\u00e4ufig auftreten, durch ein nach ISO 9001 zertifiziertes Qualit\u00e4tsmanagement. Unsere Fabrik arbeitet nach strengen ISO 9001 Qualit\u00e4tsmanagementprinzipien und nutzt CNC-Bearbeitung und thermische Druckformung, um sicherzustellen, dass jeder Schl\u00e4ger, vom ersten bis zum zehntausendsten, den genauen Spezifikationen f\u00fcr Gewichtverteilung und Haltbarkeitstests entspricht.<\/p>\n<h2 data-v-md-heading=\"key-features-of-high-performance-t800-paddles\" data-v-md-line=\"23\">Hauptmerkmale der Hochleistungs-T800 Schl\u00e4ger<\/h2>\n<h3 data-v-md-heading=\"toray-t800-raw-carbon-fiber-surface\" data-v-md-line=\"24\">Toray T800 Roh-Carbonfaseroberfl\u00e4che<\/h3>\n<p data-v-md-line=\"25\">Wir beziehen unsere hochfesten Fasern direkt von Toray Industries, dem Weltmarktf\u00fchrer f\u00fcr Verbundwerkstoffe. Dies garantiert ein authentisches, leistungsstarkes Material, nicht eine kosteng\u00fcnstige Imitation. Das rohe, strukturierte Finish sorgt f\u00fcr die notwendige Reibung f\u00fcr Elite-Spin und Kontrolle.<\/p>\n<h3 data-v-md-heading=\"advanced-polypropylene-honeycomb-core-technology\" data-v-md-line=\"27\">Fortschrittliche Polypropylen-Wabenkerntechnologie<\/h3>\n<p data-v-md-line=\"28\">Der Kern ist der Motor des Schl\u00e4gers. Wir bieten sowohl 13mm als auch 16mm Kern-Pickleball-Schl\u00e4ger-Optionen an, die mit optimierter Wabenzellengr\u00f6\u00dfe-Technologie ausgestattet sind. Der 16mm-Kern, unser beliebtester, bietet au\u00dfergew\u00f6hnliche Vibrationsd\u00e4mpfung und Sto\u00dfabsorption, wodurch ein riesiger Sweet Spot und ein gef\u00fchlvolles, kontrolliertes Gef\u00fchl geschaffen werden, das anspruchsvolle Spieler verlangen.<\/p>\n<h3 data-v-md-heading=\"thermoformed-unibody-construction-for-edge-stability\" data-v-md-line=\"30\"><a href=\"https:\/\/nexapaddle.com\/de\/thermoformed-pickleball-paddles\/\">thermoformbarer Monokonstruktion<\/a> f\u00fcr Randstabilit\u00e4t<\/h3>\n<p data-v-md-line=\"31\">Viele Schl\u00e4ger versagen am Randschutz, wo Delamination auftritt. Unsere thermoformbare Schl\u00e4gerkonstruktion schafft einen echten Monok\u00f6rper-Pickleball-Schl\u00e4ger, der den Kern versiegelt und den Rand direkt an den Carbonfaserlagen unter Hitze und Druck bindet. Diese integrierte Randsschutztechnologie verbessert die Haltbarkeit drastisch und sorgt f\u00fcr ein stabiles, konsistentes Gef\u00fchl \u00fcber die gesamte Schl\u00e4gerfl\u00e4che.<\/p>\n<h2 data-v-md-heading=\"how-to-choose-the-right-wholesale-supplier\" data-v-md-line=\"33\">Wie man den richtigen Gro\u00dfhandelslieferanten ausw\u00e4hlt<\/h2>\n<h3 data-v-md-heading=\"verifying-usapa-approval-and-certification\" data-v-md-line=\"34\">\u00dcberpr\u00fcfung <a href=\"https:\/\/nexapaddle.com\/de\/usapa-approved-paddles\/\">USAPA-Zulassung<\/a> und Zertifizierung<\/h3>\n<p data-v-md-line=\"35\">Der Verkauf von nicht konformen Ger\u00e4ten ist ein Risiko. Alle NexaPaddle-Designs sind so konzipiert, dass sie alle technischen Anforderungen der USA Pickleball (USAPA) erf\u00fcllen oder \u00fcbertreffen. Wir bieten vollst\u00e4ndige Dokumentation und Unterst\u00fctzung f\u00fcr Ihren eigenen Zertifizierungsprozess, um sicherzustellen, dass Ihre Produkte bereit f\u00fcr Turnierspiel sind.<\/p>\n<h3 data-v-md-heading=\"understanding-minimum-order-quantities-moq-and-lead-times\" data-v-md-line=\"37\">Verstehen der Mindestbestellmengen (MOQ) und der Lieferzeiten<\/h3>\n<p data-v-md-line=\"38\">Wir bieten eine klare, transparente Kommunikation zu den MOQ-Anforderungen f\u00fcr ma\u00dfgeschneiderte Schl\u00e4ger und Standard-Bestellungen in gro\u00dfen Mengen. Unsere optimierte Produktionsplanung sorgt f\u00fcr zuverl\u00e4ssige Lieferzeiten, sodass Sie Ihr Inventar und Ihre Produkteinf\u00fchrungszeitpl\u00e4ne effektiv verwalten k\u00f6nnen. Kontaktieren Sie unser B2B-Vertriebsteam f\u00fcr ein detailliertes Angebot und einen Produktionszeitplan.<\/p>\n<h3 data-v-md-heading=\"evaluating-shipping-and-logistics-for-global-distribution\" data-v-md-line=\"40\">Versand- und Logistikevaluierung f\u00fcr globale Distribution<\/h3>\n<p data-v-md-line=\"41\">Unser Fachwissen geht \u00fcber die Herstellung hinaus zu globalen <a href=\"https:\/\/nexapaddle.com\/de\/custom-pickleball-paddle-bags-covers-oem\/\">Logistik<\/a>. Wir bieten umfassenden internationalen Versand f\u00fcr Gro\u00dfbestellungen, einschlie\u00dflich FBA-Vorbereitungsdiensten f\u00fcr Amazon-Verk\u00e4ufer. Wir verwalten die Komplexit\u00e4t von Fracht und Zoll, um sicherzustellen, dass Ihre Lieferung von Sportger\u00e4ten p\u00fcnktlich und im Budget ankommt.<\/p>\n<h2 data-v-md-heading=\"market-trends-the-shift-toward-premium-carbon-fiber-gear\" data-v-md-line=\"43\">Marktentwicklungen: Der Wandel zu hochwertigen Carbonfaserprodukten<\/h2>\n<h3 data-v-md-heading=\"the-rise-of-raw-carbon-fiber-in-professional-play\" data-v-md-line=\"44\">Der Aufstieg von Rohcarbonfaser im Profispiel<\/h3>\n<p data-v-md-line=\"45\">Der Markt ist zunehmend gebildet. Spieler der PPA- und APP-Touren, inspiriert von Athleten wie Ben Johns und Tyson McGuffin, treiben die Nachfrage nach professionellen Pickleball-Ger\u00e4ten voran. Rohcarbonfaser, einst ein Nischenmaterial, ist nun der Goldstandard f\u00fcr \u00fcberlegenen Spin und Kontrolle im Vergleich zu Powerschl\u00e4gern mit veralteten Oberfl\u00e4chen.<\/p>\n<h3 data-v-md-heading=\"consumer-demand-for-control-oriented-paddles\" data-v-md-line=\"47\">Nachfrage der Verbraucher nach kontrollorientierten Schl\u00e4gern<\/h3>\n<p data-v-md-line=\"48\">W\u00e4hrend Kraft verlockend ist, gewinnt Kontrolle Meisterschaften. Der Markt verschiebt sich von reiner Kraft zu strategischer Platzierung und favorisiert Schl\u00e4ger, die ein sanftes Gef\u00fchl, hervorragendes Feedback und die F\u00e4higkeit bieten, pr\u00e4zise Schl\u00e4ge auszuf\u00fchren. Unsere T800-Schl\u00e4ger mit 16 mm Polypropylen-Wabenstruktur sind perfekt positioniert, um dieser wachsenden Verbrauchernachfrage gerecht zu werden.<\/p>\n<p><script src=\"chrome-extension:\/\/fpelahbljekknahkcaegamhcndkfpfnc\/iFrame.js\" type=\"text\/javascript\"><\/script><\/p>","protected":false},"excerpt":{"rendered":"<p>Unsere T800-Serie repr\u00e4sentiert den Gipfel ingenieurtechnischer Leistung. Mit einem hochfesten <a class=\"ng-star-inserted\" href=\"https:\/\/nexapaddle.com\/de\/raw-carbon-pickleball-paddles\/\" target=\"_blank\" rel=\"noopener\" data-hveid=\"0\" data-ved=\"0CAAQ_4QMahcKEwiosJ6uhNeTAxUAAAAAHQAAAAAQRQ\">Toray Roh-Carbonfaser<\/a> Oberfl\u00e4che und fortschrittlicher <a class=\"ng-star-inserted\" href=\"https:\/\/nexapaddle.com\/de\/thermoformed-pickleball-paddles\/\" target=\"_blank\" rel=\"noopener\" data-hveid=\"0\" data-ved=\"0CAAQ_4QMahcKEwiosJ6uhNeTAxUAAAAAHQAAAAAQRg\">thermoformbarer Monokonstruktion<\/a>, bieten diese Schl\u00e4ger Elite-Spin und unvergleichliche Haltbarkeit. Entwickelt f\u00fcr <a class=\"ng-star-inserted\" href=\"https:\/\/nexapaddle.com\/de\/pro-advanced-pickleball-paddles\/\" target=\"_blank\" rel=\"noopener\" data-hveid=\"0\" data-ved=\"0CAAQ_4QMahcKEwiosJ6uhNeTAxUAAAAAHQAAAAAQRw\">Pro &amp; Advanced Pickleball-Paddel<\/a> Marken bieten wir vollst\u00e4ndige OEM\/ODM-Dienste an, um sicherzustellen, dass Ihre Marke in einem wettbewerbsintensiven Markt auff\u00e4llt.<\/p>\n<table data-v-md-line=\"51\">\n<thead>\n<tr>\n<th>Spezifikationsparameter<\/th>\n<th>Detail \/ Anpassungsbereich<\/th>\n<\/tr>\n<\/thead>\n<tbody>\n<tr>\n<td><strong>Oberfl\u00e4chenmaterial<\/strong><\/td>\n<td>Toray T800 Roh-Carbonfaser (Titan-Infusionsoption)<\/td>\n<\/tr>\n<tr>\n<td><strong>Kernmaterial &amp; Technik<\/strong><\/td>\n<td>13mm \/ 16mm Polypropylen-Wabenkern (GEN3-Kerntechnologie)<\/td>\n<\/tr>\n<tr>\n<td><strong>Abmessungen (L x B)<\/strong><\/td>\n<td>413mm x 195mm (verl\u00e4ngert) \/ Anpassbare Abmessungen verf\u00fcgbar<\/td>\n<\/tr>\n<tr>\n<td><strong>Gewichtsbereich<\/strong><\/td>\n<td>220g \u2013 235g \/ 7.8 - 8.3 oz (anpassbares Gewicht verf\u00fcgbar)<\/td>\n<\/tr>\n<tr>\n<td><strong>Griffl\u00e4nge &amp; Griff<\/strong><\/td>\n<td>145mm, rutschfester, schwei\u00dffester Griff (Anpassbare Optionen)<\/td>\n<\/tr>\n<tr>\n<td><strong>Herstellungsprozess<\/strong><\/td>\n<td>Thermoformbare Monokonstruktion mit schaumgef\u00fclltem Rand<\/td>\n<\/tr>\n<tr>\n<td><strong>USAPA-Konformit\u00e4t<\/strong><\/td>\n<td>Konstruiert, um Gr\u00f6\u00dfe, Rauheit, COF &amp; Abweichungstests zu bestehen<\/td>\n<\/tr>\n<tr>\n<td><strong>MOQ f\u00fcr Anpassungen<\/strong><\/td>\n<td>Kontaktieren Sie den Vertrieb f\u00fcr Mindestanforderungen f\u00fcr private Labels<\/td>\n<\/tr>\n<\/tbody>\n<\/table>\n<p><script src=\"chrome-extension:\/\/fpelahbljekknahkcaegamhcndkfpfnc\/iFrame.js\" type=\"text\/javascript\"><\/script><\/p>","protected":false},"featured_media":2305,"template":"","meta":{"_acf_changed":false,"_kad_post_transparent":"default","_kad_post_title":"","_kad_post_layout":"default","_kad_post_sidebar_id":"","_kad_post_content_style":"default","_kad_post_vertical_padding":"default","_kad_post_feature":"","_kad_post_feature_position":"","_kad_post_header":false,"_kad_post_footer":false,"_kad_post_classname":""},"product_brand":[],"product_cat":[544,548,543,559,557,562,551,554,558],"product_tag":[],"class_list":{"0":"post-2216","1":"product","2":"type-product","3":"status-publish","4":"has-post-thumbnail","6":"product_cat-carbon-fiber-pickleball-paddles","7":"product_cat-custom-oem-pickleball-paddles","8":"product_cat-paddles-by-material","9":"product_cat-paddles-by-performance","10":"product_cat-private-label-paddles","11":"product_cat-pro-advanced-pickleball-paddles","12":"product_cat-raw-carbon-pickleball-paddles","13":"product_cat-thermoformed-pickleball-paddles","14":"product_cat-usapa-approved-paddles","16":"first","17":"instock","18":"shipping-taxable","19":"product-type-simple","20":"entry","21":"content-bg","22":"loop-entry"},"acf":[],"_links":{"self":[{"href":"https:\/\/nexapaddle.com\/de\/wp-json\/wp\/v2\/product\/2216","targetHints":{"allow":["GET"]}}],"collection":[{"href":"https:\/\/nexapaddle.com\/de\/wp-json\/wp\/v2\/product"}],"about":[{"href":"https:\/\/nexapaddle.com\/de\/wp-json\/wp\/v2\/types\/product"}],"wp:featuredmedia":[{"embeddable":true,"href":"https:\/\/nexapaddle.com\/de\/wp-json\/wp\/v2\/media\/2305"}],"wp:attachment":[{"href":"https:\/\/nexapaddle.com\/de\/wp-json\/wp\/v2\/media?parent=2216"}],"wp:term":[{"taxonomy":"product_brand","embeddable":true,"href":"https:\/\/nexapaddle.com\/de\/wp-json\/wp\/v2\/product_brand?post=2216"},{"taxonomy":"product_cat","embeddable":true,"href":"https:\/\/nexapaddle.com\/de\/wp-json\/wp\/v2\/product_cat?post=2216"},{"taxonomy":"product_tag","embeddable":true,"href":"https:\/\/nexapaddle.com\/de\/wp-json\/wp\/v2\/product_tag?post=2216"}],"curies":[{"name":"wp","href":"https:\/\/api.w.org\/{rel}","templated":true}]}}