{"id":2209,"date":"2026-04-03T11:17:28","date_gmt":"2026-04-03T11:17:28","guid":{"rendered":"https:\/\/nexapaddle.com\/?post_type=product&#038;p=2209"},"modified":"2026-04-06T00:28:00","modified_gmt":"2026-04-06T00:28:00","slug":"lightweight-thermoformed-paddle-manufacturer","status":"publish","type":"product","link":"https:\/\/nexapaddle.com\/de\/lightweight-thermoformed-paddle-manufacturer\/","title":{"rendered":"Leichter thermoformbarer Paddelhersteller | Professioneller Pickleball-Paddel OEM"},"content":{"rendered":"<h2 data-v-md-heading=\"introduction-to-advanced-thermoformed-paddle-manufacturing\" data-v-md-line=\"3\">Einf\u00fchrung in die fortschrittliche Herstellung von thermoformbaren Paddeln<\/h2>\n<h3 data-v-md-heading=\"the-evolution-of-pickleball-paddle-technology\" data-v-md-line=\"5\">Die Evolution der Pickleball-Paddle-Technologie<\/h3>\n<p data-v-md-line=\"6\"><b data-path-to-node=\"20,1,0\" data-index-in-node=\"5\">Mit \u00fcber 10 Jahren Erfahrung in der Herstellung,<\/b> haben wir gesehen, wie sich der Markt von einfachen Verbundwerkstoffen zu unseren aktuellen Hochleistungs-Thermoform-Unibody-Designs entwickelt hat. Die heutige Wettbewerbslandschaft, vom PPA-Tour bis zu lokalen Vereinsmeisterschaften, erfordert Ausr\u00fcstung, die pr\u00e4zise konstruiert ist. Wir sind von einfachen Waben-Kernen zu ausgekl\u00fcgelten, thermisch verschmolzenen Unibody-Designs \u00fcbergegangen, die eine unvergleichliche Kombination aus Kraft, Kontrolle und Haltbarkeit bieten. Als direkter Fabrikpartner bietet NexaPaddle Marken direkten Zugang zu dieser next-generation Pickleball-Ausr\u00fcstungsherstellung, die sich mit der Leistung von Spitzennamen wie JOOLA und Vatic Pro messen kann. Als f\u00fchrendes Unternehmen in <a class=\"ng-star-inserted\" href=\"https:\/\/nexapaddle.com\/de\/thermoformed-pickleball-paddles\/\" target=\"_blank\" rel=\"noopener\" data-hveid=\"0\" data-ved=\"0CAAQ_4QMahcKEwj0voqX-NeTAxUAAAAAHQAAAAAQYA\">Thermoformbare Pickleball-Paddel<\/a>, gew\u00e4hrleisten wir hohe Haltbarkeit.<\/p>\n<h3 data-v-md-heading=\"what-makes-a-paddle-lightweight-and-high-performance\" data-v-md-line=\"9\">Was macht ein Paddle \u201aleicht\u2018 und \u201aleistungsstark\u2018?<\/h3>\n<p data-v-md-line=\"10\">Ein leichtes Paddeldesign bedeutet nicht nur, Grams zu verlieren; es geht darum, das Schwunggewicht und das Drehgewicht f\u00fcr maximale Paddle-Kopfspeed zu optimieren, ohne die Stabilit\u00e4t zu opfern. Hohe Leistung ist ein messbares Ergebnis, das sich aus einer synergistischen Kombination von Materialien und Ingenieurwesen ergibt - von der hohen Zugfestigkeit von <a href=\"https:\/\/nexapaddle.com\/de\/t700-carbon-fiber-paddles\/\">Kohlefaser<\/a> bis zu den vibrationsd\u00e4mpfenden Eigenschaften eines hochdichten Polymerkerns. Dies ergibt ein Paddle, das sich agil anf\u00fchlt, aber mit verbindlicher Stabilit\u00e4t und einem riesigen Sweet Spot spielt.<\/p>\n<h2 data-v-md-heading=\"the-science-of-thermoforming-unibody-vs-traditional\" data-v-md-line=\"12\">Die Wissenschaft des Thermoformens: Unibody vs. Traditionell<\/h2>\n<h3 data-v-md-heading=\"heat-pressed-molding-creating-the-unibody-structure\" data-v-md-line=\"13\">W\u00e4rmegepresstes Formen: Erstellung der Unibody-Struktur<\/h3>\n<p data-v-md-line=\"14\">Die herk\u00f6mmliche Paddle-Herstellung beinhaltet oft das Verkleben von Komponenten, was schwache Punkte schafft, die anf\u00e4llig f\u00fcr Fehler sind. NexaPaddle nutzt fortschrittliches Thermoformungs-Engineering und verwendet Hochtemperatur-W\u00e4rmepressmaschinen, um die Carbonfaseroberfl\u00e4che und den Polymerkern zu einem einzigen, nahtlosen Unibody-Paddle zu formen. Dieser Prozess eliminiert potenzielle Delaminationspunkte und bietet ein konstantes, reaktionsfreudiges Gef\u00fchl \u00fcber die gesamte Oberfl\u00e4che.<\/p>\n<h3 data-v-md-heading=\"foam-injected-perimeter-walls-stability-and-sweet-spot-expansion\" data-v-md-line=\"17\">Schaum-injizierte Perimeterw\u00e4nde: Stabilit\u00e4t und Erweiterung des Sweet Spots<\/h3>\n<p data-v-md-line=\"18\">Um die Leistung weiter zu verbessern, injizieren wir einen speziellen EVA-Schaum in die Perimeterw\u00e4nde des Paddle-Kopfs. Diese schaumgef\u00fcllte W\u00e4nde-Technik erh\u00f6ht drastisch das Drehgewicht und bietet \u00fcberlegene Stabilit\u00e4t bei schr\u00e4gen Treffern. Das direkte Ergebnis f\u00fcr die Spieler ist ein S\u00fc\u00dfspot von Rand zu Rand. Um Ihre Investition weiter zu sch\u00fctzen, empfehlen wir unsere <a class=\"ng-star-inserted\" href=\"https:\/\/nexapaddle.com\/de\/pickleball-paddle-edge-guard-tape-supplier\/\" target=\"_blank\" rel=\"noopener\" data-hveid=\"0\" data-ved=\"0CAAQ_4QMahcKEwj0voqX-NeTAxUAAAAAHQAAAAAQYg\">Pickleball Paddle Edge Guard Tape<\/a> f\u00fcr zus\u00e4tzlichen Perimeterschutz w\u00e4hrend hochemotionalen Austauschphasen. F\u00fcr Verk\u00e4ufer bedeutet diese Technologie zur Reduzierung von toten Stellen bessere Bewertungen f\u00fcr Pickleball-Ausr\u00fcstung und niedrigere R\u00fccklaufquoten.<\/p>\n<h3 data-v-md-heading=\"durability-advantages-preventing-delamination-and-core-crushing\" data-v-md-line=\"21\">Haltbarkeitsvorteile: Verhindern von Delamination und Kernzerst\u00f6rung<\/h3>\n<p data-v-md-line=\"22\">Der h\u00e4ufigste Fehler bei minderwertigen Paddeln ist die Delamination des Randguards. Unser thermoformbares Unibody-Design integriert den Rand und beseitigt effektiv dieses Problem und verhindert die Kernzerst\u00f6rung durch Aufprall. Diese \u00fcberlegene Haltbarkeit des Randguards gew\u00e4hrleistet eine l\u00e4ngere Produktlebensdauer, sch\u00fctzt den Ruf Ihrer Marke und bietet dem Endverbraucher einen nachhaltigen Wert.<\/p>\n<h2 data-v-md-heading=\"key-materials-and-components-used-by-top-manufacturers\" data-v-md-line=\"24\">Schl\u00fcsselmaterialien und Komponenten, die von f\u00fchrenden Herstellern verwendet werden<\/h2>\n<h3 data-v-md-heading=\"toray-t700-raw-carbon-fiber-the-secret-to-maximum-spin\" data-v-md-line=\"25\">Toray T700 Rohcarbonfaser: Das Geheimnis f\u00fcr maximalen Spin<\/h3>\n<p data-v-md-line=\"26\"><b data-path-to-node=\"20,3,0\" data-index-in-node=\"5\">Als zertifizierter OEM-Partner,<\/b> beschaffen wir authentische Toray T700 Rohcarbonfaser, <b data-path-to-node=\"20,3,0\" data-index-in-node=\"82\">unterziehen jede Charge strengen Reibungs- und Absenktests<\/b> in unserer Einrichtung. Der Einsatz von Toray T700 Rohcarbonfaser, mit seiner texturierten Carbon-Reibungsoberfl\u00e4che (CFS), ist nicht verhandelbar, um Elite-Drehpotenzial zu erreichen. Diese Oberfl\u00e4che ist so konzipiert, dass sie die vom USA Pickleball (USAP) Standards zul\u00e4ssige Reibungskoeffizient (COF) maximiert und den Spielern die F\u00e4higkeit gibt, Sch\u00fcsse mit Pr\u00e4zision und Kraft zu formen.<\/p>\n<h3 data-v-md-heading=\"high-density-polymer-honeycomb-cores\" data-v-md-line=\"29\">Hochdichte Polymer-Wabenkerne<\/h3>\n<p data-v-md-line=\"30\">Der Kern ist der Motor des Paddels. Wir verwenden hochdichte, reaktive Polymer-Wabenkerne, die in verschiedenen Paddelst\u00e4rken (14mm bis 16mm) erh\u00e4ltlich sind, um das gew\u00fcnschte Verh\u00e4ltnis von Kraft zu Kontrolle zu erzielen. Diese Kerntechnologie ist hervorragend in der Sto\u00dfd\u00e4mpfung und bietet ein luxuri\u00f6ses, kontrolliertes Gef\u00fchl, ohne den ben\u00f6tigten Pop f\u00fcr aggressive Sch\u00fcsse zu opfern.<\/p>\n<h3 data-v-md-heading=\"aerodynamic-shapes-and-tapered-edges-for-increased-swing-speed\" data-v-md-line=\"33\">Aerodynamische Formen und konische Kanten f\u00fcr erh\u00f6hte Schwunggeschwindigkeit<\/h3>\n<p data-v-md-line=\"34\">Unser Katalog umfasst hybride Paddle-Formen von verl\u00e4ngerten Paddle-Designs f\u00fcr maximale Reichweite bis hin zu traditionellen breiten Paddle-Spezifikationen f\u00fcr einen gro\u00dfz\u00fcgigeren Sweet Spot. Jedes Design integriert aerodynamische Prinzipien, mit konischen Kanten, die den Luftwiderstand reduzieren und die Paddle-Kopfgeschwindigkeit optimieren, was es den Spielern erm\u00f6glicht, schneller zu reagieren und mehr Kraft zu erzeugen.<\/p>\n<h2 data-v-md-heading=\"choosing-the-right-lightweight-paddle-for-your-style\" data-v-md-line=\"36\">Die richtige leichte Paddle f\u00fcr Ihren Stil w\u00e4hlen<\/h2>\n<h3 data-v-md-heading=\"power-vs-control-finding-the-balance-in-thermoformed-designs\" data-v-md-line=\"37\">Kraft vs. Kontrolle: Das Gleichgewicht in thermoformbaren Designs finden<\/h3>\n<p data-v-md-line=\"38\">Thermoformbare Paddel bieten von Natur aus einen Kraftvorteil. Durch die Manipulation von Kernst\u00e4rke und Materialaufbau konstruieren wir kontrollorientierte thermoformbare Paddel, die das Beste aus beiden Welten bieten. Ein 16mm-Kern bietet beispielsweise mehr Kontrolle und ein weicheres Gef\u00fchl, ideal f\u00fcr leistungsstarke Spieler, w\u00e4hrend ein 14mm-Profil f\u00fcr Power-Hitter Paddle-Spezifikationen angepasst werden kann.<\/p>\n<h3 data-v-md-heading=\"understanding-swing-weight-and-twist-weight-metrics\" data-v-md-line=\"41\">Schwunggewicht und Drehgewicht-Metriken verstehen<\/h3>\n<p data-v-md-line=\"42\">Wir bieten detaillierte Paddle-Leistungsanalysen, einschlie\u00dflich Messungen von Schwunggewicht und Drehgewicht. Ein niedrigeres Schwunggewicht erleichtert schnellere H\u00e4nde in den Austauschen, w\u00e4hrend ein h\u00f6heres Drehgewicht die Stabilit\u00e4t bietet, die professionelle Athleten suchen. Wir helfen Ihrer Marke, spezifische Spielerprofile zu targetieren, indem wir diese kritischen Metriken w\u00e4hrend des OEM\/ODM-Prozesses optimieren.<\/p>\n<h3 data-v-md-heading=\"ergonomics-handle-lengths-and-grip-circumferences\" data-v-md-line=\"45\">Ergonomie: Griff- und Handgriffe<\/h3>\n<p data-v-md-line=\"46\">Der Komfort des Spielers steht an erster Stelle. Wir bieten mehrere Optionen f\u00fcr die Griff l\u00e4ngen von Paddeln und Gr\u00f6\u00dfen von Griffen, um unterschiedliche Handgr\u00f6\u00dfen und Spielstile, wie beidh\u00e4ndige R\u00fcckh\u00e4nde, zu ber\u00fccksichtigen. Unsere ergonomischen Paddelgriffe verwenden hochwertige, feuchtigkeitsableitende Materialien f\u00fcr \u00fcberlegenen Komfort und Grip.<\/p>\n<h2 data-v-md-heading=\"manufacturing-excellence-and-quality-standards\" data-v-md-line=\"48\">Exzellenz in der Fertigung und Qualit\u00e4tsstandards<\/h2>\n<h3 data-v-md-heading=\"the-importance-of-usa-pickleball-usap-approval\" data-v-md-line=\"49\">Die Bedeutung der Genehmigung durch USA Pickleball (USAP)<\/h3>\n<p data-v-md-line=\"50\">Jedes Paddle-Modell, das wir herstellen, ist so konstruiert, dass es als Turnier-Pickleball-Ausr\u00fcstung legal ist und strikt alle <a href=\"https:\/\/nexapaddle.com\/de\/usapa-approved-paddles\/\">von USA Pickleball genehmigten<\/a> Spezifikationen erf\u00fcllt. Wir verwalten den gesamten USAP-Antrags- und Testprozess f\u00fcr unsere B2B-Kunden und stellen sicher, dass Ihr Produkt bereit ist, bei der Markteinf\u00fchrung im Wettbewerb zu spielen.<\/p>\n<h3 data-v-md-heading=\"quality-control-in-large-scale-carbon-fiber-production\" data-v-md-line=\"53\">Qualit\u00e4tskontrolle in der gro\u00dffl\u00e4chigen Herstellung von Carbonfaser<\/h3>\n<p data-v-md-line=\"54\">Unsere hochmoderne Einrichtung in Dongguan ist mit rigorosen Tests zur Schlagfestigkeit, Analyse von Steifigkeitsprofilen und \u00dcberpr\u00fcfung der Delaminationsverh\u00fctung ausgestattet. Mit \u00fcber einem Jahrzehnt an OEM-Erfahrung haben wir einen mehrstufigen QC-Prozess perfektioniert, der Konsistenz und Qualit\u00e4t garantiert, von Ihrem ersten Muster bis zu einer vollumf\u00e4nglichen Produktion. Wir bieten auch FBA-Vorbereitung und globale Fulfillment-Dienste an.<\/p>\n<h3 data-v-md-heading=\"future-trends-hybrid-materials-and-smart-paddle-tech\" data-v-md-line=\"57\">Zuk\u00fcnftige Trends: Hybride Materialien und intelligente Paddle-Technologie<\/h3>\n<p data-v-md-line=\"58\">Unsere F&amp;E untersucht st\u00e4ndig Ingenieurwissenschaften bei Verbundwerkstoffen, einschlie\u00dflich Kevlar-Verbundfasern und nachhaltigen Paddle-Materialien, um die Leistungsgrenzen voranzutreiben. Wir sind Ihr strategischer Partner, um den Markttrends voraus zu sein und die n\u00e4chste Generation von professionellen Pickleball-Ausr\u00fcstungen zu entwickeln.<\/p>\n<h2 data-v-md-heading=\"conclusion-investing-in-next-gen-pickleball-gear\" data-v-md-line=\"60\">Fazit: Investition in die n\u00e4chste Generation von Pickleball-Ausr\u00fcstung<\/h2>\n<p data-v-md-line=\"61\">Die Partnerschaft mit NexaPaddle bedeutet, unser volles Sortiment zu erkunden <a class=\"ng-star-inserted\" href=\"https:\/\/nexapaddle.com\/de\/custom-oem-pickleball-paddles\/\" target=\"_blank\" rel=\"noopener\" data-hveid=\"0\" data-ved=\"0CAAQ_4QMahcKEwj0voqX-NeTAxUAAAAAHQAAAAAQZA\">Benutzerdefinierte &amp; OEM Pickleball-Paddel<\/a> f\u00fcr Ihre Marke, modernste Technologie und Fertigungskompetenz, die dominierende Marken aufbaut. Wir bieten die Werkzeuge, um mit Branchenriesen zu konkurrieren, indem wir eine ma\u00dfgeschneiderte Paddle-Herstellung mit handhabbaren Mindestbestellmengen anbieten. Lassen Sie uns gemeinsam die Zukunft des Pickleballs gestalten.<\/p>\n<p><script src=\"chrome-extension:\/\/fpelahbljekknahkcaegamhcndkfpfnc\/iFrame.js\" type=\"text\/javascript\"><\/script><\/p>","protected":false},"excerpt":{"rendered":"<table data-v-md-line=\"65\">\n<thead>\n<tr>\n<th>Spezifikationsparameter<\/th>\n<th>Detail \/ Anpassungsbereich<\/th>\n<\/tr>\n<\/thead>\n<tbody>\n<tr>\n<td><strong>Oberfl\u00e4chenmaterial<\/strong><\/td>\n<td><a href=\"https:\/\/nexapaddle.com\/de\/t700-carbon-fiber-paddles\/\">Toray T700 Rohcarbonfaser<\/a> \/ 3K Carbon \/ Fiberglas<\/td>\n<\/tr>\n<tr>\n<td><strong>Kernmaterial &amp; Technik<\/strong><\/td>\n<td>14mm-16mm PP-Wabenstruktur mit <a href=\"https:\/\/nexapaddle.com\/de\/foam-core-pickleball-paddles\/\">Schaumstoff-injizierte W\u00e4nde<\/a><\/td>\n<\/tr>\n<tr>\n<td><strong>Abmessungen (L x B)<\/strong><\/td>\n<td>417mm x 188mm (verl\u00e4ngert) &amp; andere ma\u00dfgeschneiderte Formen<\/td>\n<\/tr>\n<tr>\n<td><strong>Gewichtsbereich<\/strong><\/td>\n<td>220g \u2013 235g \/ 7.8 - 8.3 oz<\/td>\n<\/tr>\n<tr>\n<td><strong>Griffl\u00e4nge &amp; Griff<\/strong><\/td>\n<td>135mm \u2013 145mm; Ma\u00dfgeschneiderte ergonomische PU-Griffe<\/td>\n<\/tr>\n<tr>\n<td><strong>Herstellungsprozess<\/strong><\/td>\n<td>Ein-K\u00f6rper <a href=\"https:\/\/nexapaddle.com\/de\/thermoformed-pickleball-paddles\/\">Thermoformen<\/a> \/ Hei\u00dfpressen<\/td>\n<\/tr>\n<tr>\n<td><strong>USAPA-Konformit\u00e4t<\/strong><\/td>\n<td>Konstruiert, um alle Gr\u00f6\u00dfen-, Rauheits-, COF- &amp; Abweichungstests zu bestehen<\/td>\n<\/tr>\n<tr>\n<td><strong>MOQ f\u00fcr Anpassungen<\/strong><\/td>\n<td>Kontaktieren Sie den Vertrieb f\u00fcr Mindestanforderungen f\u00fcr private Labels<\/td>\n<\/tr>\n<\/tbody>\n<\/table>\n<p><script src=\"chrome-extension:\/\/fpelahbljekknahkcaegamhcndkfpfnc\/iFrame.js\" type=\"text\/javascript\"><\/script><\/p>","protected":false},"featured_media":2262,"template":"","meta":{"_acf_changed":false,"_kad_post_transparent":"default","_kad_post_title":"","_kad_post_layout":"default","_kad_post_sidebar_id":"","_kad_post_content_style":"default","_kad_post_vertical_padding":"default","_kad_post_feature":"","_kad_post_feature_position":"","_kad_post_header":false,"_kad_post_footer":false,"_kad_post_classname":""},"product_brand":[],"product_cat":[546,544,548,561,543,559,550,554,558],"product_tag":[],"class_list":{"0":"post-2209","1":"product","2":"type-product","3":"status-publish","4":"has-post-thumbnail","6":"product_cat-advanced-tech-thermoformed-paddles","7":"product_cat-carbon-fiber-pickleball-paddles","8":"product_cat-custom-oem-pickleball-paddles","9":"product_cat-intermediate-pickleball-paddles","10":"product_cat-paddles-by-material","11":"product_cat-paddles-by-performance","12":"product_cat-t700-carbon-fiber-paddles","13":"product_cat-thermoformed-pickleball-paddles","14":"product_cat-usapa-approved-paddles","16":"first","17":"instock","18":"shipping-taxable","19":"product-type-simple","20":"entry","21":"content-bg","22":"loop-entry"},"acf":[],"_links":{"self":[{"href":"https:\/\/nexapaddle.com\/de\/wp-json\/wp\/v2\/product\/2209","targetHints":{"allow":["GET"]}}],"collection":[{"href":"https:\/\/nexapaddle.com\/de\/wp-json\/wp\/v2\/product"}],"about":[{"href":"https:\/\/nexapaddle.com\/de\/wp-json\/wp\/v2\/types\/product"}],"wp:featuredmedia":[{"embeddable":true,"href":"https:\/\/nexapaddle.com\/de\/wp-json\/wp\/v2\/media\/2262"}],"wp:attachment":[{"href":"https:\/\/nexapaddle.com\/de\/wp-json\/wp\/v2\/media?parent=2209"}],"wp:term":[{"taxonomy":"product_brand","embeddable":true,"href":"https:\/\/nexapaddle.com\/de\/wp-json\/wp\/v2\/product_brand?post=2209"},{"taxonomy":"product_cat","embeddable":true,"href":"https:\/\/nexapaddle.com\/de\/wp-json\/wp\/v2\/product_cat?post=2209"},{"taxonomy":"product_tag","embeddable":true,"href":"https:\/\/nexapaddle.com\/de\/wp-json\/wp\/v2\/product_tag?post=2209"}],"curies":[{"name":"wp","href":"https:\/\/api.w.org\/{rel}","templated":true}]}}