{"id":2206,"date":"2026-04-03T10:22:51","date_gmt":"2026-04-03T10:22:51","guid":{"rendered":"https:\/\/nexapaddle.com\/?post_type=product&#038;p=2206"},"modified":"2026-04-06T00:56:46","modified_gmt":"2026-04-06T00:56:46","slug":"oem-carbon-fiber-pickleball-paddle-factory","status":"publish","type":"product","link":"https:\/\/nexapaddle.com\/de\/oem-carbon-fiber-pickleball-paddle-factory\/","title":{"rendered":"OEM Carbonfaser Pickleball-Paddel Fabrik | Professioneller Pickleball-Paddel OEM"},"content":{"rendered":"<h2 data-v-md-heading=\"introduction-to-oem-and-private-label-pickleball-production\" data-v-md-line=\"3\">Einf\u00fchrung in die OEM- und Private-Label-Pickleball-Produktion<\/h2>\n<h3 data-v-md-heading=\"defining-oem-vs-odm-in-the-sporting-goods-industry\" data-v-md-line=\"4\">OEM vs. ODM in der Sportartikelindustrie definieren<\/h3>\n<p data-v-md-line=\"5\">Original Equipment Manufacturing (OEM) erm\u00f6glicht es Ihrer Marke, unsere bew\u00e4hrten, produktionsbereiten Designs zu nutzen, w\u00e4hrend Original Design Manufacturing (ODM) eine partnerschaftliche Zusammenarbeit anbietet, um ein komplett neues Paddel von Grund auf zu entwickeln. Bei NexaPaddle sind wir auf beides spezialisiert und bieten einen nahtlosen Weg vom Konzept zum Markt f\u00fcr <a href=\"https:\/\/nexapaddle.com\/de\/private-label-paddles\/\">Private-Label-Anbieter<\/a> und etablierte Marken. Wir sind der Fabrikpartner hinter einigen der am schnellsten wachsenden Namen bei Pickleball Central und Amazon.<\/p>\n<h3 data-v-md-heading=\"why-carbon-fiber-is-the-gold-standard-for-pro-level-paddles\" data-v-md-line=\"7\">Warum Carbonfaser der Goldstandard f\u00fcr professionelle Paddel ist<\/h3>\n<p data-v-md-line=\"8\">Carbonfaser, insbesondere Toray T700, bietet ein unvergleichliches Verh\u00e4ltnis von Steifigkeit zu Gewicht. Im Gegensatz zu flexiblen Glasfaser- oder spr\u00f6den Graphitverbundstoffen bietet das T700-Carbonfaser-Oberfl\u00e4chenmaterial die ben\u00f6tigte Festigkeit f\u00fcr Kraft und Schusskonsistenz, w\u00e4hrend das geringe Gewicht schnellere Handgeschwindigkeit und reduzierte Erm\u00fcdung erm\u00f6glicht. Diese Ingenieurkunst der Verbundwerkstoffe ist der Grund, warum Profis wie Ben Johns und Top-Marken wie Selkirk Sport ihre Flaggschiffmodelle aus Carbonfaser herstellen.<\/p>\n<h2 data-v-md-heading=\"sourcing-the-best-materials-from-the-factory\" data-v-md-line=\"10\">Die besten Materialien direkt von der Fabrik beziehen<\/h2>\n<h3 data-v-md-heading=\"understanding-the-t700-carbon-fiber-advantage\" data-v-md-line=\"11\">Verst\u00e4ndnis des T700 Carbonfaser Vorteils<\/h3>\n<p data-v-md-line=\"12\">Wir beziehen unsere <a href=\"https:\/\/nexapaddle.com\/de\/t700-carbon-fiber-paddles\/\">T700 Roh-Carbonfaser<\/a> Textur direkt von erstklassigen Lieferanten, um maximalen Grip und Ballbiss zu gew\u00e4hrleisten. Die einzigartigen Eigenschaften dieses Materials erm\u00f6glichen es uns, eine Paddelaussenseite zu schaffen, die den USAPA-Rauheitsgrenzen entspricht und gleichzeitig den Reibungskoeffizienten (COF) maximiert. Das Ergebnis ist ein Paddel, das starken Spin f\u00fcr aggressive, moderne Spielstile erzeugt. Wir bieten sowohl Roh-Carbon- als auch 3K-Gewebe-Carbonfaseroptionen an.<\/p>\n<h3 data-v-md-heading=\"honeycomb-cores-polymer-vs-nomex-vs-aluminum\" data-v-md-line=\"14\">Wabenkerne: Polymer vs. Nomex vs. Aluminium<\/h3>\n<p data-v-md-line=\"15\">W\u00e4hrend DuPonts Nomex Steifigkeit bietet, kann es ein lautes, hochfrequentes Kontaktger\u00e4usch erzeugen und hat eine kleinere S\u00fc\u00dfigkeitsstelle. Wir haben unsere OEM-Produktionslinie um Polypropylen (PP) Wabenkerne optimiert. Ein 16 mm Polypropylen-Kern bietet \u00fcberlegene Vibrationsd\u00e4mpfungstechnologie, eine gr\u00f6\u00dfere Sweetspot und ein leiseres, kontrollierteres Gef\u00fchl, das die meisten Spieler bevorzugen, wodurch Fehlschl\u00e4ge reduziert und die Gesamtspielbarkeit verbessert werden.<\/p>\n<h3 data-v-md-heading=\"the-evolution-of-grit-friction-and-surface-texture-technologies\" data-v-md-line=\"17\">Die Evolution der Rauheit: Reibungs- und Oberfl\u00e4chentexturtechnologien<\/h3>\n<p data-v-md-line=\"18\">Fr\u00fchere Rauheitstechnologien nutzten abrasive Farben, die schnell abnutzten. Unser moderner Ansatz bettet die Roh-Carbonfaserstruktur direkt in die Epoxidharz-Bindungsphase ein. Dies stellt sicher, dass die Reibungsoberfl\u00e4che integraler Bestandteil der Paddelaussenseite ist und nicht nur eine Beschichtung darstellt. Unsere Paddel durchlaufen strenge Reibungstest, um eine langlebige und USAPA-konforme Rauheits-Oberfl\u00e4chentextur zu garantieren, die anh\u00e4lt.<\/p>\n<h2 data-v-md-heading=\"the-manufacturing-process-from-raw-fiber-to-finished-product\" data-v-md-line=\"20\">Der Herstellungsprozess: Vom Rohfaser zum Endprodukt<\/h2>\n<h3 data-v-md-heading=\"traditional-cold-pressing-vs-modern-thermoforming\" data-v-md-line=\"21\">Traditionelles Kaltpressen vs. modernes Thermoformen<\/h3>\n<p data-v-md-line=\"22\">Viele budgetfreundliche Paddel verwenden einen Kaltpressprozess, was zu inkonsistenter Bindung und einer hohen Rate von Kernzerst\u00f6rung oder Delamination f\u00fchrt. NexaPaddle hat das <a href=\"https:\/\/nexapaddle.com\/de\/thermoformed-pickleball-paddles\/\">thermoformbare Verfahren perfektioniert<\/a>. Dieser W\u00e4rme- und Druckformprozess schafft ein vollst\u00e4ndig versiegeltes, unibody Paddeldesign, das schwache Punkte eliminiert, die Haltbarkeit erh\u00f6ht und ein konsistentes Gef\u00fchl \u00fcber die gesamte Produktionsreihe bietet.<\/p>\n<h3 data-v-md-heading=\"unibody-construction-enhancing-durability-and-power\" data-v-md-line=\"24\">Unibody-Konstruktion: Haltbarkeit und Kraft verbessern<\/h3>\n<p data-v-md-line=\"25\">Das Thermoformen erm\u00f6glicht es uns, ein echtes Unibody-Paddel zu schaffen, bei dem die Carbonfaser-Oberfl\u00e4che um den Kern gewickelt und unter Hitze und Druck mit dem Griff verbunden wird. Dadurch wird das traditionelle schwache Gelenk am Hals eliminiert, wodurch mehr Energie vom Schwung direkt auf den Ball \u00fcbertragen wird f\u00fcr mehr Kraft und ein solides, integriertes Gef\u00fchl.<\/p>\n<h3 data-v-md-heading=\"precision-cnc-cutting-and-edge-guard-application\" data-v-md-line=\"27\">Pr\u00e4zise CNC-Bearbeitung und Kantenanwendung<\/h3>\n<p data-v-md-line=\"28\">Jedes Paddelrohmaterial wird pr\u00e4zise mit CNC-Bearbeitungsmaschinen geformt, um eine unvergleichliche Konsistenz in den Abmessungen der Paddelaussenseite zu gew\u00e4hrleisten. Anschlie\u00dfend wenden wir niedrige, langlebige TPU-Kantenschutzma\u00dfnahmen an. Dieser Prozess verhindert die Delamination des Kantenschutzes, die bei niedrigen Qualit\u00e4tsrackets h\u00e4ufig auftritt, und bewahrt die strukturelle Integrit\u00e4t des Paddels w\u00e4hrend intensiven Spiels.<\/p>\n<h2 data-v-md-heading=\"customization-and-branding-options-for-startups\" data-v-md-line=\"30\">Anpassungs- und Branding-Optionen f\u00fcr Start-ups<\/h2>\n<h3 data-v-md-heading=\"custom-graphics-uv-printing-vs-silk-screen-vs-water-decals\" data-v-md-line=\"31\">Individuelle Grafiken: UV-Druck vs. Siebdruck vs. Wasseraufkleber<\/h3>\n<p data-v-md-line=\"32\">F\u00fcr Marken, die individuelle Logo-Paddel ben\u00f6tigen, nutzen wir modernste UV-Drucktechnologie. Im Gegensatz zu Aufklebern, die sich abl\u00f6sen k\u00f6nnen, oder Siebdruck, der verblassen kann, h\u00e4rtet der UV-Druck Tinte direkt auf der Carbonfaser-Oberfl\u00e4che aus und sorgt f\u00fcr lebendige, kratzfeste Grafiken, die die Qualit\u00e4t Ihrer Marke widerspiegeln. Dies ist ein zentraler Bestandteil unserer White-Label-Pickleball-Ausr\u00fcstungsdienste.<\/p>\n<h3 data-v-md-heading=\"ergonomic-grip-design-and-handle-length-customization\" data-v-md-line=\"34\">Ergonomisches Griffdesign und Anpassung der Griffgr\u00f6\u00dfe<\/h3>\n<p data-v-md-line=\"35\">Wir bieten mehrere Umfangoptionen f\u00fcr den Griff und ergonomische Paddelgriffe an, einschlie\u00dflich perforierter Polstergriffe und EVA-Schaumst\u00e4mme, um die Zielgruppe anzusprechen. Egal, ob Sie einen k\u00fcrzeren Griff f\u00fcr Tischtennis-Umsch\u00fcler oder einen l\u00e4ngeren Griff f\u00fcr beidh\u00e4ndige R\u00fcckh\u00e4nde ben\u00f6tigen, wir k\u00f6nnen unsere Formen entsprechend anpassen.<\/p>\n<h3 data-v-md-heading=\"choosing-the-right-weight-and-balance-point-for-your-brand\" data-v-md-line=\"37\">Die richtige Gewichtung und den Schwerpunkt f\u00fcr Ihre Marke w\u00e4hlen<\/h3>\n<p data-v-md-line=\"38\">Durch gezielte Gewichtverteilung und variationsreiche Kerndichte helfen wir Ihnen, eine Paddelreihe mit unterschiedlichen Eigenschaften zu erstellen. Wir k\u00f6nnen kopflastige Balance f\u00fcr kraftvolle Spieler entwickeln oder kopflastige Optionen f\u00fcr Spieler, die Geschwindigkeit und Kontrolle priorisieren, sodass Sie den Sweetspot f\u00fcr verschiedene Marktsegmente optimieren k\u00f6nnen.<\/p>\n<h2 data-v-md-heading=\"quality-control-and-compliance-standards\" data-v-md-line=\"40\">Qualit\u00e4tskontrolle und Compliance-Standards<\/h2>\n<h3 data-v-md-heading=\"meeting-usapa-performance-specifications\" data-v-md-line=\"41\">Einhaltung der USAPA-Leistungsstandards<\/h3>\n<p data-v-md-line=\"42\">Wir bieten Unterst\u00fctzung bei der USAPA-Zertifizierung. Jedes Paddeldesign wird so konstruiert, dass es die US-Pickleball-Standards f\u00fcr Gr\u00f6\u00dfe, Oberfl\u00e4chenrauheit, Ablenkung und Energie erf\u00fcllt oder \u00fcbertrifft. Wir stellen sicher, dass Ihre Gro\u00dfbestellungen f\u00fcr Pickleballs wettbewerbsbereit und frei von Compliance-Risiken sind.<\/p>\n<h3 data-v-md-heading=\"testing-for-deflection-spin-rates-and-structural-integrity\" data-v-md-line=\"44\">Testen auf Ablenkung, Spinraten und strukturelle Integrit\u00e4t<\/h3>\n<p data-v-md-line=\"45\">Unser Qualit\u00e4tskontrollprozess ist streng. Wir f\u00fchren Tests zur Sto\u00dffestigkeit, Ablenkungsmessungen mit kalibrierten Gewichten und COF-Analysen durch, um sicherzustellen, dass jedes Paddel den Spezifikationen entspricht. Dieses Engagement f\u00fcr die Qualit\u00e4tssicherung in der Massenproduktion minimiert M\u00e4ngel und sch\u00fctzt den Ruf Ihrer Marke.<\/p>\n<h3 data-v-md-heading=\"factory-certifications-why-iso-9001-and-sgs-matter\" data-v-md-line=\"47\">Zertifikate der Fabrik: Warum ISO 9001 und SGS wichtig sind<\/h3>\n<p data-v-md-line=\"48\">Unsere Produktionsanlage in Dongguan ist ISO 9001 zertifiziert und gew\u00e4hrleistet dokumentierte, wiederholbare Prozesse f\u00fcr konsistente Qualit\u00e4t. Wir arbeiten mit unabh\u00e4ngigen Pr\u00fcfern wie der SGS-Gruppe und Intertek f\u00fcr die Qualit\u00e4tssicherung zusammen und bieten Ihnen den nachweisbaren Nachweis der Qualit\u00e4t, den B2B-Kunden und anspruchsvolle Verbraucher verlangen.<\/p>\n<h2 data-v-md-heading=\"navigating-the-supply-chain\" data-v-md-line=\"50\">Die Lieferkette navigieren<\/h2>\n<h3 data-v-md-heading=\"evaluating-manufacturers-in-china-and-southeast-asia\" data-v-md-line=\"51\">Hersteller in China und S\u00fcdostasien bewerten<\/h3>\n<p data-v-md-line=\"52\">Als f\u00fchrendes Unternehmen bieten wir die Expertise und Zuverl\u00e4ssigkeit, die Plattformen wie Alibaba oder Global Sources nicht garantieren k\u00f6nnen. Unser transparenter Prozess und die direkte Kommunikation durchbrechen das Rauschen der Beschaffung aus Shenzhen oder anderen Zentren. <b data-path-to-node=\"4,3,1,0\" data-index-in-node=\"100\"><a class=\"ng-star-inserted\" href=\"https:\/\/nexapaddle.com\/de\/custom-oem-pickleball-paddles\/\" target=\"_blank\" rel=\"noopener\" data-hveid=\"0\" data-ved=\"0CAAQ_4QMahgKEwiO6uzugNiTAxUAAAAAHQAAAAAQlgE\">Pickleball-Schl\u00e4gerhersteller<\/a><\/b>, wir bieten die Expertise und Zuverl\u00e4ssigkeit, die Plattformen wie Alibaba oder Global Sources nicht garantieren k\u00f6nnen. Unser transparenter Prozess und die direkte Kommunikation durchbrechen das Rauschen der Beschaffung aus Shenzhen oder anderen Zentren.<\/p>\n<h3 data-v-md-heading=\"understanding-moqs-lead-times-and-shipping-logistics\" data-v-md-line=\"54\">Verstehen von Mindestbestellmengen, Lieferzeiten und Versandlogistik<\/h3>\n<p data-v-md-line=\"55\">Wir bieten wettbewerbsf\u00e4hige Preise direkt von der Fabrik und klare Bedingungen zu Mindestbestellmengen (MOQs) und Produktionsvorlaufzeiten. Unser Logistikteam hat Erfahrung in der globalen Versandlogistik f\u00fcr Paddel, einschlie\u00dflich FBA-Vorbereitung f\u00fcr Amazon-Verk\u00e4ufer und Containerlieferungen f\u00fcr globalen Gro\u00dfh\u00e4ndler.<\/p>\n<h3 data-v-md-heading=\"prototyping-steps-to-perfecting-your-first-sample-paddle\" data-v-md-line=\"57\">Prototyping: Schritte zur Perfektionierung Ihres ersten Musterpaddels<\/h3>\n<p data-v-md-line=\"58\">Unsere Muster-Prototyping-Dienste erm\u00f6glichen es Ihnen, Ihr Design zu testen und zu verfeinern, bevor Sie sich f\u00fcr die Serienproduktion entscheiden. Von der Kostenanalyse der Paddle-Form bis zur endg\u00fcltigen Musterfreigabe begleiten wir Sie in jedem Schritt, um sicherzustellen, dass das Endprodukt perfekt zu Ihrer Markenvision und den Leistungszielen passt.<\/p>\n<p><script src=\"chrome-extension:\/\/fpelahbljekknahkcaegamhcndkfpfnc\/iFrame.js\" type=\"text\/javascript\"><\/script><\/p>","protected":false},"excerpt":{"rendered":"<p data-path-to-node=\"11,1\">Hochleistungsf\u00e4hig <b data-path-to-node=\"11,1\" data-index-in-node=\"17\"><a class=\"ng-star-inserted\" href=\"https:\/\/nexapaddle.com\/de\/t700-carbon-fiber-paddles\/\" target=\"_blank\" rel=\"noopener\" data-hveid=\"0\" data-ved=\"0CAAQ_4QMahgKEwiO6uzugNiTAxUAAAAAHQAAAAAQlwE\">T700 Carbonfaser-Paddel<\/a><\/b> mit fortschrittlicher thermoformierter Uni-K\u00f6rperkonstruktion und 16mm Polypropylen-Waben. Wir bieten umfassende <b data-path-to-node=\"11,1\" data-index-in-node=\"150\"><a class=\"ng-star-inserted\" href=\"https:\/\/nexapaddle.com\/de\/private-label-paddles\/\" target=\"_blank\" rel=\"noopener\" data-hveid=\"0\" data-ved=\"0CAAQ_4QMahgKEwiO6uzugNiTAxUAAAAAHQAAAAAQmAE\">Private Label-Dienste<\/a><\/b>, einschlie\u00dflich UV-Druck, individueller Gewichtsverteilung und <b data-path-to-node=\"11,1\" data-index-in-node=\"229\"><a class=\"ng-star-inserted\" href=\"https:\/\/nexapaddle.com\/de\/usapa-approved-paddles\/\" target=\"_blank\" rel=\"noopener\" data-hveid=\"0\" data-ved=\"0CAAQ_4QMahgKEwiO6uzugNiTAxUAAAAAHQAAAAAQmQE\">USAPA genehmigt<\/a><\/b> Ingenieurleistungen f\u00fcr professionelle Marken und Amazon-Verk\u00e4ufer.<\/p>\n<table data-v-md-line=\"61\">\n<thead>\n<tr>\n<th>Spezifikationsparameter<\/th>\n<th>Detail \/ Anpassungsbereich<\/th>\n<\/tr>\n<\/thead>\n<tbody>\n<tr>\n<td><strong>Oberfl\u00e4chenmaterial<\/strong><\/td>\n<td>Toray T700 Rohcarbonfaser \/ 3K Carbongewebe \/ Kevlar-Carbon-Hybrid<\/td>\n<\/tr>\n<tr>\n<td><strong>Kernmaterial &amp; Technik<\/strong><\/td>\n<td>13mm oder 16mm thermoformierte Polypropylen (PP) Wabenstruktur<\/td>\n<\/tr>\n<tr>\n<td><strong>Abmessungen (L x B)<\/strong><\/td>\n<td>417mm x 188mm (elongiert); ma\u00dfgeschneiderte Formen verf\u00fcgbar<\/td>\n<\/tr>\n<tr>\n<td><strong>Gewichtsbereich<\/strong><\/td>\n<td>7.8 \u2013 8.3 oz (220g \u2013 235g); individuelle Gewichtsanpassung verf\u00fcgbar<\/td>\n<\/tr>\n<tr>\n<td><strong>Griffl\u00e4nge &amp; Griff<\/strong><\/td>\n<td>5.5 in (139.7mm) Standard; Perforierter Griff; 4.25 in Umfang<\/td>\n<\/tr>\n<tr>\n<td><strong>Herstellungsprozess<\/strong><\/td>\n<td>Uni-K\u00f6rper-Thermoformung \/ Hei\u00dfpressformung<\/td>\n<\/tr>\n<tr>\n<td><strong>USAPA-Konformit\u00e4t<\/strong><\/td>\n<td>Konstruiert, um alle Gr\u00f6\u00dfen-, Rauheits-, COF- &amp; Abweichungstests zu bestehen<\/td>\n<\/tr>\n<tr>\n<td><strong>MOQ f\u00fcr Anpassungen<\/strong><\/td>\n<td>Kontaktieren Sie den Vertrieb f\u00fcr Private Label- und OEM-Mindestbestellungen<\/td>\n<\/tr>\n<\/tbody>\n<\/table>\n<p><script src=\"chrome-extension:\/\/fpelahbljekknahkcaegamhcndkfpfnc\/iFrame.js\" type=\"text\/javascript\"><\/script><\/p>","protected":false},"featured_media":2241,"template":"","meta":{"_acf_changed":false,"_kad_post_transparent":"default","_kad_post_title":"","_kad_post_layout":"default","_kad_post_sidebar_id":"","_kad_post_content_style":"default","_kad_post_vertical_padding":"default","_kad_post_feature":"","_kad_post_feature_position":"","_kad_post_header":false,"_kad_post_footer":false,"_kad_post_classname":""},"product_brand":[],"product_cat":[546,544,548,561,543,559,557,550,554,558],"product_tag":[],"class_list":{"0":"post-2206","1":"product","2":"type-product","3":"status-publish","4":"has-post-thumbnail","6":"product_cat-advanced-tech-thermoformed-paddles","7":"product_cat-carbon-fiber-pickleball-paddles","8":"product_cat-custom-oem-pickleball-paddles","9":"product_cat-intermediate-pickleball-paddles","10":"product_cat-paddles-by-material","11":"product_cat-paddles-by-performance","12":"product_cat-private-label-paddles","13":"product_cat-t700-carbon-fiber-paddles","14":"product_cat-thermoformed-pickleball-paddles","15":"product_cat-usapa-approved-paddles","17":"first","18":"instock","19":"shipping-taxable","20":"product-type-simple","21":"entry","22":"content-bg","23":"loop-entry"},"acf":[],"_links":{"self":[{"href":"https:\/\/nexapaddle.com\/de\/wp-json\/wp\/v2\/product\/2206","targetHints":{"allow":["GET"]}}],"collection":[{"href":"https:\/\/nexapaddle.com\/de\/wp-json\/wp\/v2\/product"}],"about":[{"href":"https:\/\/nexapaddle.com\/de\/wp-json\/wp\/v2\/types\/product"}],"wp:featuredmedia":[{"embeddable":true,"href":"https:\/\/nexapaddle.com\/de\/wp-json\/wp\/v2\/media\/2241"}],"wp:attachment":[{"href":"https:\/\/nexapaddle.com\/de\/wp-json\/wp\/v2\/media?parent=2206"}],"wp:term":[{"taxonomy":"product_brand","embeddable":true,"href":"https:\/\/nexapaddle.com\/de\/wp-json\/wp\/v2\/product_brand?post=2206"},{"taxonomy":"product_cat","embeddable":true,"href":"https:\/\/nexapaddle.com\/de\/wp-json\/wp\/v2\/product_cat?post=2206"},{"taxonomy":"product_tag","embeddable":true,"href":"https:\/\/nexapaddle.com\/de\/wp-json\/wp\/v2\/product_tag?post=2206"}],"curies":[{"name":"wp","href":"https:\/\/api.w.org\/{rel}","templated":true}]}}