{"id":2148,"date":"2025-04-22T09:42:26","date_gmt":"2025-04-22T09:42:26","guid":{"rendered":"https:\/\/nexapaddle.com\/?post_type=product&#038;p=2148"},"modified":"2026-04-06T01:04:13","modified_gmt":"2026-04-06T01:04:13","slug":"oem-fiberglass-pickleball-paddle-factory","status":"publish","type":"product","link":"https:\/\/nexapaddle.com\/de\/oem-fiberglass-pickleball-paddle-factory\/","title":{"rendered":"OEM-Fiberglas-Pickleball-Schl\u00e4ger-Fabrik | Professioneller Pickleball-Schl\u00e4ger OEM"},"content":{"rendered":"<h2 data-v-md-heading=\"the-ultimate-guide-to-oem-fiberglass-pickleball-paddle-manufacturing\" data-v-md-line=\"3\">Der Ultimative Leitfaden zur OEM-Fiberglas-Pickleball-Paddle-Herstellung<\/h2>\n<div style=\"width: 1280px;\" class=\"wp-video\"><video class=\"wp-video-shortcode\" id=\"video-2148-1\" width=\"1280\" height=\"720\" preload=\"metadata\" controls=\"controls\"><source type=\"video\/mp4\" src=\"https:\/\/nexapaddle.com\/wp-content\/uploads\/2026\/04\/OEM-Fiberglass-Pickleball-Paddle-Factory.mp4?_=1\" \/><a href=\"https:\/\/nexapaddle.com\/wp-content\/uploads\/2026\/04\/OEM-Fiberglass-Pickleball-Paddle-Factory.mp4\">https:\/\/nexapaddle.com\/wp-content\/uploads\/2026\/04\/OEM-Fiberglass-Pickleball-Paddle-Factory.mp4<\/a><\/video><\/div>\n<h3 data-v-md-heading=\"why-fiberglass-is-the-top-choice-for-performance-and-power\" data-v-md-line=\"4\">Warum Fiberglas die beste Wahl f\u00fcr Leistung und Kraft ist<\/h3>\n<p data-v-md-line=\"5\">Fiberglas, oder glasfaserverst\u00e4rkter Kunststoff, dient als Motor f\u00fcr Kraft im modernen Pickleball. Im Gegensatz zu Graphit, das sich auf Finesse konzentriert, bietet unsere Fiberglas-Oberfl\u00e4chentechnologie einen h\u00f6heren elastischen Modulus, der einen kraftvollen \"Trampolin-Effekt\" bei der Ballber\u00fchrung erzeugt. Dies \u00fcbersetzt sich direkt in eine erh\u00f6hte Geschwindigkeit bei Aufschl\u00e4gen und Schmetterschl\u00e4gen, was den Paddles Ihrer Marke einen deutlichen Leistungsvorteil verleiht. F\u00fcr B2B-Kunden, die die schnell wachsenden <a class=\"ng-star-inserted\" href=\"https:\/\/nexapaddle.com\/de\/intermediate-pickleball-paddles\/\" target=\"_blank\" rel=\"noopener\" data-hveid=\"0\" data-ved=\"0CAAQ_4QMahcKEwiKzp_BgtiTAxUAAAAAHQAAAAAQPg\">Intermediate Pickleball-Paddel<\/a> und Power-Player-M\u00e4rkte anvisieren, <a class=\"ng-star-inserted\" href=\"https:\/\/nexapaddle.com\/de\/fiberglass-composite-pickleball-paddles\/\" target=\"_blank\" rel=\"noopener\" data-hveid=\"0\" data-ved=\"0CAAQ_4QMahcKEwiKzp_BgtiTAxUAAAAAHQAAAAAQPw\">Fiberglas \/ Verbund-Pickleball-Paddel<\/a> liefern Sie das sp\u00fcrbare Feedback und den Pop, der positive Bewertungen und Markentreue antreibt. Es ist das effektivste Material, um eine Kombination aus roher Kraft und einem kosteneffizienten Herstellungsprozess zu erreichen und Ihr ROI zu maximieren.<\/p>\n<h3 data-v-md-heading=\"understanding-the-anatomy-core-surface-and-edge-guard\" data-v-md-line=\"7\">Die Anatomie verstehen: Kern, Oberfl\u00e4che und Randabdeckung<\/h3>\n<p data-v-md-line=\"8\">Die Leistung eines Paddles wird durch seine Verbundkonstruktion bestimmt. Im Kern befindet sich der Polypropylen-Honigwaben-Kern, der entwickelt wurde, um Vibrationen zu absorbieren und den Sweet Spot zu erweitern. Ein gr\u00f6\u00dferer Sweet Spot bedeutet weniger Fehlschl\u00e4ge, ein kritischer Faktor, der die R\u00fccklaufquote f\u00fcr E-Commerce-Verk\u00e4ufer reduziert. Viele Paddles auf dem Markt leiden unter Kernquetschungen oder Delamination der Randabdeckung. Wir l\u00f6sen dies mit einer hochdichten PP-Zusammensetzung und einer robusten TPU-Randabdeckung (Sie k\u00f6nnen auch unsere spezialisierten <a class=\"ng-star-inserted\" href=\"https:\/\/nexapaddle.com\/de\/pickleball-paddle-edge-guard-tape-supplier\/\" target=\"_blank\" rel=\"noopener\" data-hveid=\"0\" data-ved=\"0CAAQ_4QMahcKEwiKzp_BgtiTAxUAAAAAHQAAAAAQQA\">Lieferant f\u00fcr Pickleball-Paddel Kantenband | Professioneller Pickleball-Paddel OEM<\/a> f\u00fcr zus\u00e4tzlichen Schutz beziehen), die durch Pr\u00e4zisions-Hei\u00dfpress-Technologie mit dem Paddle-K\u00f6rper verbunden wird. Diese integrierte Konstruktion garantiert die strukturelle Integrit\u00e4t, erh\u00f6ht erheblich die Langlebigkeit des Paddles und den Ruf Ihrer Marke f\u00fcr Qualit\u00e4t.<\/p>\n<h2 data-v-md-heading=\"the-step-by-step-oem-customization-process\" data-v-md-line=\"10\">Der Schritt-f\u00fcr-Schritt-OEM-Anpassungsprozess<\/h2>\n<h3 data-v-md-heading=\"concept-and-design-creating-your-brand-s-visual-identity\" data-v-md-line=\"11\">Konzept und Design: Die visuelle Identit\u00e4t Ihrer Marke schaffen<\/h3>\n<p data-v-md-line=\"12\">Ihre Marke ist Ihr gr\u00f6\u00dftes Gut. Unser OEM\/ODM-Pickleball-Designprozess erweckt sie zum Leben. Wir gehen \u00fcber einfaches Siebdrucken von Logos hinaus und bieten modernsten UV-Digitaldruck, der vollfl\u00e4chige, randl\u00e4ufige Grafiken mit unbegrenzten Farben und Komplexit\u00e4t erm\u00f6glicht. Dieser Prozess stellt sicher, dass Ihre benutzerdefinierten Grafiken nicht nur aufgemalt, sondern chemisch mit der Fiberglas-Oberfl\u00e4che verbunden sind, um maximale Haltbarkeit gegen Abplatzen und Verblassen zu gew\u00e4hrleisten. Unsere interne F&amp;E-Abteilung arbeitet mit Ihnen zusammen, um Ihre Vision in ein verkaufsfertiges Produkt zu transformieren.<\/p>\n<h3 data-v-md-heading=\"prototyping-and-performance-testing-ensuring-court-readiness\" data-v-md-line=\"14\">Prototyping und Leistungstests: Sicherstellung der Einsatzbereitschaft auf dem Platz<\/h3>\n<p data-v-md-line=\"15\">Vor Beginn der Massenproduktion f\u00fchren wir strenge Produktprototypingt- und Testverfahren durch. Jedes Design des benutzerdefinierten Pickleball-Paddle-Forms wird CNC-pr\u00e4zise geschnitten, um absolute Konsistenz zu gew\u00e4hrleisten. Prototypen unterliegen dann Tests zur Langlebigkeit des Paddles, einschlie\u00dflich Stress- und Schlag-Simulationen, die tausende von Spielzyklen nachahmen. Dies stellt sicher, dass jedes Paddle, das unsere Sportartikel-Fabrik verl\u00e4sst, langlebig gebaut und genau wie vorgesehen funktioniert, um Ihre Investition zu sch\u00fctzen und die Kundenzufriedenheit vom ersten Aufschlag an sicherzustellen.<\/p>\n<h3 data-v-md-heading=\"selecting-core-materials-polypropylene-vs-nomex-vs-aluminum\" data-v-md-line=\"17\">Auswahl der Kernmaterialien: Polypropylen vs. Nomex vs. Aluminium<\/h3>\n<p data-v-md-line=\"18\">W\u00e4hrend Polypropylen (PP) das beste Gleichgewicht von Kraft, Kontrolle und akustischer D\u00e4mpfung f\u00fcr die meisten Spieler bietet, bieten wir Material-Spezialisierung an. Nomex-Kern-Paddles bieten ein h\u00e4rteres, lauteres Feedback, das von einigen Traditionalisten bevorzugt wird, w\u00e4hrend Aluminiumkerne eine andere Gewichtsverteilung und ein anderes Gef\u00fchl bieten. Unser technisches Team wird Sie durch die Kompromisse in Leistung, Gewicht und St\u00fcckkosten f\u00fchren und Ihnen helfen, das perfekte Produkt f\u00fcr Ihre Zielgruppe zu entwickeln.<\/p>\n<h2 data-v-md-heading=\"quality-assurance-and-compliance-standards\" data-v-md-line=\"20\">Qualit\u00e4tssicherung und Compliance-Standards<\/h2>\n<h3 data-v-md-heading=\"navigating-usapa-approval-for-your-private-label-brand\" data-v-md-line=\"21\">Navigieren der USAPA-Zulassung f\u00fcr Ihre Private Label-Marke<\/h3>\n<p data-v-md-line=\"22\">Der Verkauf auf dem nordamerikanischen Markt erfordert die Einhaltung strenger Richtlinien. Wir entwickeln jedes Private Label-Sportger\u00e4t, um die strengen Anforderungen des USA Pickleball-Regelbuchs zu erf\u00fcllen. Unser Qualit\u00e4tskontrollinspektionsprozess validiert jeden kritischen Parameter: Oberfl\u00e4chenrauhigkeit, Reibungskoeffizient, Paddle-Abmessungen und Biegelast. Wir stellen die Dokumentation und die Herstellungs-Konsistenz zur Verf\u00fcgung, die notwendig sind, um vollst\u00e4ndig <a class=\"ng-star-inserted\" href=\"https:\/\/nexapaddle.com\/de\/usapa-approved-paddles\/\" target=\"_blank\" rel=\"noopener\" data-hveid=\"0\" data-ved=\"0CAAQ_4QMahcKEwiKzp_BgtiTAxUAAAAAHQAAAAAQQg\">USAPA genehmigte Paddel<\/a> f\u00fcr Turnierspiele zu liefern, was Ihrem Markennamen erheblichen Wiederverkaufswert verleiht.<\/p>\n<h3 data-v-md-heading=\"factory-audit-standards-iso-9001-and-bsci-compliance\" data-v-md-line=\"24\">Fabrikaudit-Standards: ISO 9001 und BSCI-Konformit\u00e4t<\/h3>\n<p data-v-md-line=\"25\">Mit \u00fcber <b data-path-to-node=\"22\" data-index-in-node=\"293\">10 Jahren engagierter Erfahrung in der Herstellung von Verbundmaterialien f\u00fcr Sportartikel<\/b>, operiert unsere in Guangdong ans\u00e4ssige Fabrik unter weltweit anerkannten Standards. Unsere Einrichtungen verf\u00fcgen \u00fcber <b data-path-to-node=\"22\" data-index-in-node=\"463\">interne CNC-Formen-Engineering und strenge QA-Testlabore<\/b>, sind ISO 9001-zertifiziert f\u00fcr Qualit\u00e4tsmanagement und bestehen BSCI-Sozialaudits. Dieses nachweisbare Engagement f\u00fcr zuverl\u00e4ssige Produktion macht uns zu einem vertrauensw\u00fcrdigen Partner f\u00fcr globale Amazon FBA-Verk\u00e4ufer und gro\u00dfe Einzelh\u00e4ndler. Dieses Engagement f\u00fcr nachweisbare Qualit\u00e4t und soziale Verantwortung macht uns zu einem vertrauensw\u00fcrdigen Partner f\u00fcr globale Marken, von Amazon FBA-Verk\u00e4ufern bis hin zu gro\u00dfen Einzelh\u00e4ndlern wie Dick's Sporting Goods.<\/p>\n<h3 data-v-md-heading=\"surface-texture-and-friction-testing-staying-within-the-rules\" data-v-md-line=\"27\">Oberfl\u00e4chenstruktur und Reibungstests: Innerhalb der Regeln bleiben<\/h3>\n<p data-v-md-line=\"28\">Spin ist ein Spielver\u00e4nderer, muss jedoch legal sein. Unser Herstellungsprozess zur Erstellung der Paddle-Oberfl\u00e4chentextur ist kalibriert, um die maximal zul\u00e4ssige Oberfl\u00e4chenreibung zu erzeugen, ohne die USAPA-Grenzen zu \u00fcberschreiten. Durch pr\u00e4zise Anwendung von strukturierten Oberfl\u00e4chen w\u00e4hrend der Kaltpresslaminierungsphase optimieren wir das Spin-Potenzial und gew\u00e4hrleisten gleichzeitig, dass Ihr Produkt vollst\u00e4ndig konform f\u00fcr den Wettkampf bleibt.<\/p>\n<h2 data-v-md-heading=\"maximizing-roi-with-factory-direct-sourcing\" data-v-md-line=\"30\">Maximierung des ROI durch Werksdirekte Beschaffung<\/h2>\n<h3 data-v-md-heading=\"balancing-unit-cost-and-quality-in-high-volume-orders\" data-v-md-line=\"31\">Ausbalancieren der St\u00fcckkosten und Qualit\u00e4t bei Gro\u00dfbestellungen<\/h3>\n<p data-v-md-line=\"32\">Preise direkt vom Werk im Gro\u00dfhandel beseitigen unn\u00f6tige Zuschl\u00e4ge von Handelsunternehmen, sodass Sie mehr in die Materialqualit\u00e4t f\u00fcr ein \u00fcberlegenes Produkt zu einem wettbewerbsf\u00e4higen Preis investieren k\u00f6nnen. Wir arbeiten mit Kunden zusammen, um eine Mindestbestellmenge (MOQ) zu bestimmen, die mit Ihren Gesch\u00e4ftszielen \u00fcbereinstimmt, und bieten transparente Kostentrukturen, die Materialwahl, Druckkomplexit\u00e4t und Produktionsvorlaufzeiten ber\u00fccksichtigen.<\/p>\n<h3 data-v-md-heading=\"logistics-and-supply-chain-management-for-sports-brands\" data-v-md-line=\"34\">Logistik und Lieferkettenmanagement f\u00fcr Sportmarken<\/h3>\n<p data-v-md-line=\"35\">Unser Service geht \u00fcber den Fabrikboden hinaus. Wir sind Experten f\u00fcr Logistik in der Lieferkette von Sportger\u00e4ten und bieten umfassende Marken- und Verpackungsdienste, die auf E-Commerce zugeschnitten sind. Ob Sie FBA-Vorbereitung f\u00fcr Amazon ben\u00f6tigen, Premium <a class=\"ng-star-inserted\" href=\"https:\/\/nexapaddle.com\/de\/custom-pickleball-paddle-bags-covers-oem\/\" target=\"_blank\" rel=\"noopener\" data-hveid=\"0\" data-ved=\"0CAAQ_4QMahcKEwiKzp_BgtiTAxUAAAAAHQAAAAAQQQ\">Individuellen Pickleball-Paddle-Taschen und -Schutzfolien OEM | Professionelle Pickleball Paddle OEM<\/a>, oder Gro\u00dfversand zu globalen Distributionszentren, unser Team verwaltet den gesamten Prozess und sorgt daf\u00fcr, dass Ihre Best\u00e4nde bereit f\u00fcr den Markt ankommen.<\/p>\n<h3 data-v-md-heading=\"marketing-your-custom-paddle-leveraging-fiberglass-technology\" data-v-md-line=\"37\">Vermarktung Ihres ma\u00dfgeschneiderten Paddles: Nutzen von Fiberglas-Technologie<\/h3>\n<p data-v-md-line=\"38\">Wir bef\u00e4higen unsere Kunden zum Erfolg. Wenn Sie sich f\u00fcr unsere OEM-Fiberglas-Paddles entscheiden, gewinnen Sie eine kraftvolle Marketinggeschichte. Sie k\u00f6nnen die \u00fcberlegene Kraft, die durch die Fiberglas-Oberfl\u00e4chentechnologie erzeugt wird, den erweiterten Sweet Spot aus unserem 16mm-Honigwaben-Kern und die bew\u00e4hrte Haltbarkeit der thermoformierten Konstruktion selbstbewusst bewerben. Diese sind nicht nur Funktionen; sie sind \u00fcberzeugende Verkaufsargumente, die bei anspruchsvollen Spielern ankommen und den Umsatz steigern.<\/p>\n<p><script src=\"chrome-extension:\/\/fpelahbljekknahkcaegamhcndkfpfnc\/iFrame.js\" type=\"text\/javascript\"><\/script><\/p>","protected":false},"excerpt":{"rendered":"<h2 data-v-md-heading=\"technical-specifications\" data-v-md-line=\"40\"><\/h2>\n<div>\n<div>Partnerschaft mit einer erstklassigen Fabrik f\u00fcr Ihre n\u00e4chste Reihe von <a href=\"https:\/\/nexapaddle.com\/de\/custom-oem-pickleball-paddles\/\">Benutzerdefinierte &amp; OEM Pickleball-Paddel<\/a>. Unsere Fiberglas-Serie ist f\u00fcr explosive Kraft und Langlebigkeit konzipiert und die perfekte Wahl f\u00fcr <a href=\"https:\/\/nexapaddle.com\/de\/private-label-paddles\/\">Private Label Paddel<\/a>\u00a0die darauf abzielt, den Markt f\u00fcr Anf\u00e4nger bis Fortgeschrittene zu dominieren.<\/div>\n<div><\/div>\n<\/div>\n<table data-v-md-line=\"42\">\n<thead>\n<tr>\n<th>Spezifikationsparameter<\/th>\n<th>Detail \/ Anpassungsbereich<\/th>\n<\/tr>\n<\/thead>\n<tbody>\n<tr>\n<td><strong>Oberfl\u00e4chenmaterial<\/strong><\/td>\n<td>Hochelastisches Fiberglas<\/td>\n<\/tr>\n<tr>\n<td><strong>Kernmaterial &amp; Technik<\/strong><\/td>\n<td>10mm \/ 13mm \/ 16mm PP-Honigwaben-Kern<\/td>\n<\/tr>\n<tr>\n<td><strong>Abmessungen (L x B)<\/strong><\/td>\n<td>400x195mm (Kontrolle) \/ 417x188mm (Energie)<\/td>\n<\/tr>\n<tr>\n<td><strong>Gewichtsbereich<\/strong><\/td>\n<td>220g \u2013 245g \/ 7,8 \u2013 8,6 oz<\/td>\n<\/tr>\n<tr>\n<td><strong>Griffl\u00e4nge &amp; Griff<\/strong><\/td>\n<td>130mm \/ 139mm, perforierter Polstergriff<\/td>\n<\/tr>\n<tr>\n<td><strong>Herstellungsprozess<\/strong><\/td>\n<td>Kaltpresslaminierung \/ Hei\u00dfpress-Technologie<\/td>\n<\/tr>\n<tr>\n<td><strong>USAPA-Konformit\u00e4t<\/strong><\/td>\n<td>Konstruiert, um Gr\u00f6\u00dfe, Rauheit, COF &amp; Abweichungstests zu bestehen<\/td>\n<\/tr>\n<tr>\n<td><strong>MOQ f\u00fcr Anpassungen<\/strong><\/td>\n<td>Kontaktieren Sie den Vertrieb f\u00fcr Mindestanforderungen f\u00fcr private Labels<\/td>\n<\/tr>\n<\/tbody>\n<\/table>\n<p><script src=\"chrome-extension:\/\/fpelahbljekknahkcaegamhcndkfpfnc\/iFrame.js\" type=\"text\/javascript\"><\/script><\/p>","protected":false},"featured_media":2233,"template":"","meta":{"_acf_changed":false,"_kad_post_transparent":"default","_kad_post_title":"","_kad_post_layout":"default","_kad_post_sidebar_id":"","_kad_post_content_style":"default","_kad_post_vertical_padding":"default","_kad_post_feature":"","_kad_post_feature_position":"","_kad_post_header":false,"_kad_post_footer":false,"_kad_post_classname":""},"product_brand":[],"product_cat":[560,548,545,552,561,543,559,563,564,557,558],"product_tag":[],"class_list":{"0":"post-2148","1":"product","2":"type-product","3":"status-publish","4":"has-post-thumbnail","6":"product_cat-beginner-starter-pickleball-paddles","7":"product_cat-custom-oem-pickleball-paddles","8":"product_cat-fiberglass-composite-pickleball-paddles","9":"product_cat-fiberglass-paddles","10":"product_cat-intermediate-pickleball-paddles","11":"product_cat-paddles-by-material","12":"product_cat-paddles-by-performance","13":"product_cat-playstyle-specific-paddles","14":"product_cat-power-pickleball-paddles","15":"product_cat-private-label-paddles","16":"product_cat-usapa-approved-paddles","18":"first","19":"instock","20":"shipping-taxable","21":"product-type-simple","22":"entry","23":"content-bg","24":"loop-entry"},"acf":[],"_links":{"self":[{"href":"https:\/\/nexapaddle.com\/de\/wp-json\/wp\/v2\/product\/2148","targetHints":{"allow":["GET"]}}],"collection":[{"href":"https:\/\/nexapaddle.com\/de\/wp-json\/wp\/v2\/product"}],"about":[{"href":"https:\/\/nexapaddle.com\/de\/wp-json\/wp\/v2\/types\/product"}],"wp:featuredmedia":[{"embeddable":true,"href":"https:\/\/nexapaddle.com\/de\/wp-json\/wp\/v2\/media\/2233"}],"wp:attachment":[{"href":"https:\/\/nexapaddle.com\/de\/wp-json\/wp\/v2\/media?parent=2148"}],"wp:term":[{"taxonomy":"product_brand","embeddable":true,"href":"https:\/\/nexapaddle.com\/de\/wp-json\/wp\/v2\/product_brand?post=2148"},{"taxonomy":"product_cat","embeddable":true,"href":"https:\/\/nexapaddle.com\/de\/wp-json\/wp\/v2\/product_cat?post=2148"},{"taxonomy":"product_tag","embeddable":true,"href":"https:\/\/nexapaddle.com\/de\/wp-json\/wp\/v2\/product_tag?post=2148"}],"curies":[{"name":"wp","href":"https:\/\/api.w.org\/{rel}","templated":true}]}}